{"id":11843,"date":"2021-03-08T14:14:46","date_gmt":"2021-03-08T12:14:46","guid":{"rendered":"https:\/\/eamt.ee\/?page_id=11843"},"modified":"2025-03-11T11:21:44","modified_gmt":"2025-03-11T09:21:44","slug":"medical-care","status":"publish","type":"page","link":"https:\/\/eamt.ee\/en\/studies\/advice-and-assistance\/medical-care\/","title":{"rendered":"Medical care"},"content":{"rendered":"","protected":false},"excerpt":{"rendered":"","protected":false},"author":3,"featured_media":0,"parent":6097,"menu_order":5,"comment_status":"closed","ping_status":"closed","template":"","meta":{"_acf_changed":false,"footnotes":""},"class_list":["post-11843","page","type-page","status-publish","hentry"],"acf":{"is_not_a_page":false,"post_image":false,"page_content":[{"acf_fc_layout":"tekstikast","page_text":"<h3>Foreigners and individuals who do not have health insurance<\/h3>\n<hr \/>\n<p><strong>If you need medical attention please contact nearest family health or private health care centre.\u00a0<\/strong><\/p>\n<p><strong>Family physicians in Tallinn<\/strong>. You need to make an appointment before visiting the family physician (please make an appointment via email\/phone and do not visit the centre in person). Service fee on the first visit and home visit is 5 euros, if you have your EU Health Insurance Card with you. Private health insurances usually reimburse the costs after the visit &#8211; please check your insurance contract for details and also have your insurance policy with you when going to the doctor.<\/p>\n<p><strong>Some of the family physicians in the city center:\u00a0<\/strong><\/p>\n<ul>\n<li><a href=\"https:\/\/www.perearst.ee\/\" target=\"_blank\" rel=\"noopener\">Sinu Arst Medical Centre<\/a> | address: P\u00e4rnu road 113 | Tel: +372 7151700 | e-mail: <a href=\"mailto:info@perearst.ee\">info@perearst.ee<\/a><\/li>\n<li><a href=\"http:\/\/liivalaia.ee\" target=\"_blank\" rel=\"noopener\">Liivalaia Perearst O\u00dc<\/a> | address: Ravi street 27 | Tel: +372 641 4550 | e-mail: <a href=\"mailto:info@liivalaia.ee\">info@liivalaia.ee<\/a><\/li>\n<li>Magdaleena Perearstid O\u00dc | address: P\u00e4rnu road 104 | Tel: +372\u00a0 606 7658<\/li>\n<li>Mymed O\u00dc &#8211; Dr. Karin P\u00e4rnpuu | address: Uus-Sadama 19\/21 | Tel: +372 5650 3333<\/li>\n<\/ul>\n<p><strong>Some of the family physicians in Mustam\u00e4e:\u00a0<\/strong><\/p>\n<ul>\n<li><a href=\"http:\/\/mustamaejanommepak.eu\" target=\"_blank\" rel=\"noopener\">Mustam\u00e4e ja N\u00f5mme Perearstikeskus O\u00dc<\/a> | address: Ehitajate road 27 | Tel: +372 659 8043<\/li>\n<li>Doktor Kraft-Jaaksoo O\u00dc | address: S\u00fctiste road 19a | Tel: +372 655 4552<\/li>\n<\/ul>\n<p><strong>Some of the private medical centers in Tallinn:<\/strong><\/p>\n<ul>\n<li><a href=\"http:\/\/www.medicum.ee\" target=\"_blank\" rel=\"noopener\">Medicum<\/a><\/li>\n<li><a href=\"http:\/\/www.fertilitas.ee\/en\" target=\"_blank\" rel=\"noopener\">Fertilitas<\/a><\/li>\n<li><a href=\"https:\/\/www.confido.ee\/en\/\" target=\"_blank\" rel=\"noopener\">Confido<\/a><\/li>\n<li><a href=\"https:\/\/meliva.ee\/\" target=\"_blank\" rel=\"noopener\">Meliva<\/a><\/li>\n<\/ul>\n<p>Some of the clinics above are private medical centers. Please be prepared to pay for the doctors appointments. We recommend you to ask the clinic for more information about the fees before the appointment.<\/p>\n<p><strong>State helpline 1247<\/strong><br \/>\nState helpline 1247 provides trustworthy governmental information concerning government institutions and state measures on coronavirus. State helpline 1247 is available 24\/7 and it is free of charge for the callers.<\/p>\n<p><strong>The family doctor&#8217;s helpline<br \/>\n<\/strong>Patients can also turn to the general practitioner\u2019s helpline 1220\u00a0 or\u00a0+372 634 6630\u00a0(also for calls from abroad), where they will be referred to a doctor for COVID-19 testing, if necessary. On the family doctor&#8217;s helpline, family doctors and family nurses provide advice in both Estonian and Russian. <strong>Advice in English is offered every day from 3 pm to 5 pm.<\/strong><\/p>\n<p><strong>Online consultation platforms:<\/strong><\/p>\n<ul>\n<li><a href=\"https:\/\/www.minudoc.ee\/\" target=\"_blank\" rel=\"noopener\">Minudoc.ee<\/a><\/li>\n<li><a href=\"https:\/\/viveohealth.com\" target=\"_blank\" rel=\"noopener\">Viveohealth.com<\/a><\/li>\n<\/ul>\n<p>You can find more information about COVID-19 testing on the following link: <a href=\"https:\/\/www.terviseamet.ee\/en\/testing-virus\" target=\"_blank\" rel=\"noopener\">terviseamet.ee\/en\/testing-virus<\/a><\/p>\n<p>Testing for a charge is done by:<\/p>\n<ul>\n<li><a href=\"https:\/\/minu.synlab.ee\/en\/toode\/coronavirus-detection\" target=\"_blank\" rel=\"noopener\">SYNLAB Estonia<\/a><\/li>\n<li><a href=\"https:\/\/www.medicum.ee\/en\/\" target=\"_blank\" rel=\"noopener\">Medicum Health care services<\/a><\/li>\n<li><a href=\"https:\/\/qvalitas.ee\/?lang=en\" target=\"_blank\" rel=\"noopener\">Qvalitas Medical Center<\/a><\/li>\n<li><a href=\"https:\/\/www.confido.ee\/en\/coronavirus-testing\/\" target=\"_blank\" rel=\"noopener\">Confido Medical Center<\/a><\/li>\n<\/ul>\n<p>You can find a lot of information about the Estonian Health Care system <a href=\"https:\/\/www.tervisekassa.ee\/en\/media\/532\/download?inline\">in this document<\/a>.<\/p>\n<p>Should your condition rapidly deteriorate, you need to call to the emergency\u00a0nr <strong>112<\/strong>. It is not recommended to go to the hospital in person.<\/p>\n"}],"side_title":"","side_info":"","add_people":false,"add_news":false,"add_events":false,"is_drama_page":false,"is_cppm_page":false,"is_hidden":false,"show_in_sub_menu":false,"dont_show_img":false,"mobile_show_side":false,"side_links_title":"","side_links":false,"dont_show_auto_gen":false,"is_hidden_submenu":false},"yoast_head":"<!-- This site is optimized with the Yoast SEO plugin v27.3 - https:\/\/yoast.com\/product\/yoast-seo-wordpress\/ -->\n<title>Medical care | Estonian Academy of Music and Theatre<\/title>\n<meta name=\"robots\" content=\"index, follow, max-snippet:-1, max-image-preview:large, max-video-preview:-1\" \/>\n<link rel=\"canonical\" href=\"https:\/\/eamt.ee\/en\/studies\/advice-and-assistance\/medical-care\/\" \/>\n<meta property=\"og:locale\" content=\"en_US\" \/>\n<meta property=\"og:type\" content=\"article\" \/>\n<meta property=\"og:title\" content=\"Medical care | Estonian Academy of Music and Theatre\" \/>\n<meta property=\"og:url\" content=\"https:\/\/eamt.ee\/en\/studies\/advice-and-assistance\/medical-care\/\" \/>\n<meta property=\"og:site_name\" content=\"Estonian Academy of Music and Theatre\" \/>\n<meta property=\"article:modified_time\" content=\"2025-03-11T09:21:44+00:00\" \/>\n<meta property=\"og:image\" content=\"https:\/\/eamt.ee\/wp-content\/uploads\/2020\/10\/R_K_9273.jpg\" \/>\n\t<meta property=\"og:image:width\" content=\"2500\" \/>\n\t<meta property=\"og:image:height\" content=\"1667\" \/>\n\t<meta property=\"og:image:type\" content=\"image\/jpeg\" \/>\n<meta name=\"twitter:card\" content=\"summary_large_image\" \/>\n<script type=\"application\/ld+json\" class=\"yoast-schema-graph\">{\"@context\":\"https:\\\/\\\/schema.org\",\"@graph\":[{\"@type\":\"WebPage\",\"@id\":\"https:\\\/\\\/eamt.ee\\\/en\\\/studies\\\/advice-and-assistance\\\/medical-care\\\/\",\"url\":\"https:\\\/\\\/eamt.ee\\\/en\\\/studies\\\/advice-and-assistance\\\/medical-care\\\/\",\"name\":\"Medical care | Estonian Academy of Music and Theatre\",\"isPartOf\":{\"@id\":\"https:\\\/\\\/eamt.ee\\\/en\\\/#website\"},\"datePublished\":\"2021-03-08T12:14:46+00:00\",\"dateModified\":\"2025-03-11T09:21:44+00:00\",\"breadcrumb\":{\"@id\":\"https:\\\/\\\/eamt.ee\\\/en\\\/studies\\\/advice-and-assistance\\\/medical-care\\\/#breadcrumb\"},\"inLanguage\":\"en-US\",\"potentialAction\":[{\"@type\":\"ReadAction\",\"target\":[\"https:\\\/\\\/eamt.ee\\\/en\\\/studies\\\/advice-and-assistance\\\/medical-care\\\/\"]}]},{\"@type\":\"BreadcrumbList\",\"@id\":\"https:\\\/\\\/eamt.ee\\\/en\\\/studies\\\/advice-and-assistance\\\/medical-care\\\/#breadcrumb\",\"itemListElement\":[{\"@type\":\"ListItem\",\"position\":1,\"name\":\"Home\",\"item\":\"https:\\\/\\\/eamt.ee\\\/en\\\/\"},{\"@type\":\"ListItem\",\"position\":2,\"name\":\"Studies\",\"item\":\"https:\\\/\\\/eamt.ee\\\/en\\\/studies\\\/\"},{\"@type\":\"ListItem\",\"position\":3,\"name\":\"Advice and assistance\",\"item\":\"https:\\\/\\\/eamt.ee\\\/en\\\/studies\\\/advice-and-assistance\\\/\"},{\"@type\":\"ListItem\",\"position\":4,\"name\":\"Medical care\"}]},{\"@type\":\"WebSite\",\"@id\":\"https:\\\/\\\/eamt.ee\\\/en\\\/#website\",\"url\":\"https:\\\/\\\/eamt.ee\\\/en\\\/\",\"name\":\"Estonian Academy of Music and Theatre\",\"description\":\"\",\"potentialAction\":[{\"@type\":\"SearchAction\",\"target\":{\"@type\":\"EntryPoint\",\"urlTemplate\":\"https:\\\/\\\/eamt.ee\\\/en\\\/?s={search_term_string}\"},\"query-input\":{\"@type\":\"PropertyValueSpecification\",\"valueRequired\":true,\"valueName\":\"search_term_string\"}}],\"inLanguage\":\"en-US\"}]}<\/script>\n<!-- \/ Yoast SEO plugin. -->","yoast_head_json":{"title":"Medical care | Estonian Academy of Music and Theatre","robots":{"index":"index","follow":"follow","max-snippet":"max-snippet:-1","max-image-preview":"max-image-preview:large","max-video-preview":"max-video-preview:-1"},"canonical":"https:\/\/eamt.ee\/en\/studies\/advice-and-assistance\/medical-care\/","og_locale":"en_US","og_type":"article","og_title":"Medical care | Estonian Academy of Music and Theatre","og_url":"https:\/\/eamt.ee\/en\/studies\/advice-and-assistance\/medical-care\/","og_site_name":"Estonian Academy of Music and Theatre","article_modified_time":"2025-03-11T09:21:44+00:00","og_image":[{"width":2500,"height":1667,"url":"https:\/\/eamt.ee\/wp-content\/uploads\/2020\/10\/R_K_9273.jpg","type":"image\/jpeg"}],"twitter_card":"summary_large_image","schema":{"@context":"https:\/\/schema.org","@graph":[{"@type":"WebPage","@id":"https:\/\/eamt.ee\/en\/studies\/advice-and-assistance\/medical-care\/","url":"https:\/\/eamt.ee\/en\/studies\/advice-and-assistance\/medical-care\/","name":"Medical care | Estonian Academy of Music and Theatre","isPartOf":{"@id":"https:\/\/eamt.ee\/en\/#website"},"datePublished":"2021-03-08T12:14:46+00:00","dateModified":"2025-03-11T09:21:44+00:00","breadcrumb":{"@id":"https:\/\/eamt.ee\/en\/studies\/advice-and-assistance\/medical-care\/#breadcrumb"},"inLanguage":"en-US","potentialAction":[{"@type":"ReadAction","target":["https:\/\/eamt.ee\/en\/studies\/advice-and-assistance\/medical-care\/"]}]},{"@type":"BreadcrumbList","@id":"https:\/\/eamt.ee\/en\/studies\/advice-and-assistance\/medical-care\/#breadcrumb","itemListElement":[{"@type":"ListItem","position":1,"name":"Home","item":"https:\/\/eamt.ee\/en\/"},{"@type":"ListItem","position":2,"name":"Studies","item":"https:\/\/eamt.ee\/en\/studies\/"},{"@type":"ListItem","position":3,"name":"Advice and assistance","item":"https:\/\/eamt.ee\/en\/studies\/advice-and-assistance\/"},{"@type":"ListItem","position":4,"name":"Medical care"}]},{"@type":"WebSite","@id":"https:\/\/eamt.ee\/en\/#website","url":"https:\/\/eamt.ee\/en\/","name":"Estonian Academy of Music and Theatre","description":"","potentialAction":[{"@type":"SearchAction","target":{"@type":"EntryPoint","urlTemplate":"https:\/\/eamt.ee\/en\/?s={search_term_string}"},"query-input":{"@type":"PropertyValueSpecification","valueRequired":true,"valueName":"search_term_string"}}],"inLanguage":"en-US"}]}},"_links":{"self":[{"href":"https:\/\/eamt.ee\/en\/wp-json\/wp\/v2\/pages\/11843","targetHints":{"allow":["GET"]}}],"collection":[{"href":"https:\/\/eamt.ee\/en\/wp-json\/wp\/v2\/pages"}],"about":[{"href":"https:\/\/eamt.ee\/en\/wp-json\/wp\/v2\/types\/page"}],"author":[{"embeddable":true,"href":"https:\/\/eamt.ee\/en\/wp-json\/wp\/v2\/users\/3"}],"replies":[{"embeddable":true,"href":"https:\/\/eamt.ee\/en\/wp-json\/wp\/v2\/comments?post=11843"}],"version-history":[{"count":21,"href":"https:\/\/eamt.ee\/en\/wp-json\/wp\/v2\/pages\/11843\/revisions"}],"predecessor-version":[{"id":53001,"href":"https:\/\/eamt.ee\/en\/wp-json\/wp\/v2\/pages\/11843\/revisions\/53001"}],"up":[{"embeddable":true,"href":"https:\/\/eamt.ee\/en\/wp-json\/wp\/v2\/pages\/6097"}],"wp:attachment":[{"href":"https:\/\/eamt.ee\/en\/wp-json\/wp\/v2\/media?parent=11843"}],"curies":[{"name":"wp","href":"https:\/\/api.w.org\/{rel}","templated":true}]}}