{"id":4721,"date":"2020-08-18T06:57:15","date_gmt":"2020-08-18T03:57:15","guid":{"rendered":"https:\/\/eamt.ee\/departments\/doctoral-studies\/doktorikool\/"},"modified":"2024-01-31T13:30:02","modified_gmt":"2024-01-31T11:30:02","slug":"graduate-school-of-culture-studies-and-arts","status":"publish","type":"page","link":"https:\/\/eamt.ee\/en\/departments\/doctoral-studies\/graduate-school-of-culture-studies-and-arts\/","title":{"rendered":"Graduate School of Culture Studies and Arts"},"content":{"rendered":"","protected":false},"excerpt":{"rendered":"","protected":false},"author":1,"featured_media":0,"parent":4462,"menu_order":7,"comment_status":"closed","ping_status":"closed","template":"","meta":{"_acf_changed":false,"footnotes":""},"class_list":["post-4721","page","type-page","status-publish","hentry"],"acf":{"post_image":false,"page_content":[{"acf_fc_layout":"tekstikast","page_text":"<p><img loading=\"lazy\" decoding=\"async\" class=\"alignright\" src=\"https:\/\/www.ema.edu.ee\/wp-content\/uploads\/2017\/01\/EL_Regionaalarengu_Fond_horisontaalne.jpg\" alt=\"EL_Regionaalarengu_Fond_horisontaalne.jpg (3544\u00d72051)\" width=\"276\" height=\"160\" \/><\/p>\n<p>Since 2009 EAMT has been a member of the <strong>Graduate School of Culture Studies and Arts<\/strong> (GSCSA), a joint venture involving four universities (University of Tartu, Tallinn University, Estonian Academy of Music and Theatre and Estonian Academy of Arts) and has coordinated its activities through 2009\u20132016. From 2016, the Graduate School of Culture Studies and Arts will be coordinated by Tallinn University under the leadership of Professor Marek Tamm.<\/p>\n<p>The GSCSA was established to advance the academic level of PhD programmes in studies of culture and the arts in Estonia, and to integrate institutionally and administratively separated researchers of culture.<\/p>\n<p>Between 2016 and 2023 the graduate schools will follow the Institutional Development Programme for Research and Development and Higher Education Institutions (ASTRA).<\/p>\n<p>At the\u00a0Estonian Academy of Music and Theatre, the graduate school is\u00a0financed by the ASTRA project EMTASTRA (2014-2020.4.01.16-0043), which is supported by the (European Union) European Regional Development Fund.<br \/>\nThe financing period of the graduate school is: 01\/01\/2016\u201331\/08\/2023.<\/p>\n<p>GSCSA web-page:\u00a0<a href=\"http:\/\/ktkdk.edu.ee\/\" target=\"_blank\" rel=\"noopener\">ktkdk.edu.ee<\/a><\/p>\n<p>&nbsp;<\/p>\n<h2>Events<\/h2>\n<hr \/>\n<p>On <strong>November 20-22, 2023<\/strong> \u201eIntroduction to Artistic [Practice-based] Research: Methods and Approaches\u201c. Prof. Ana S\u00e1nchez-Colberg (via zoom). <a href=\"https:\/\/eamt.ee\/uritused\/online-workshop-introduction-to-artistic-practice-based-research-prof-ana-sanchez-colberg\/\">Additional information<\/a>.<\/p>\n<p>On <strong>November 10-11, 2023<\/strong>, the annual conference of the Association of Estonian Theater Researchers and Critics &#8220;Musical Theater and Music in the Theater&#8221; will be held at EMTA in cooperation with the Doctoral School of Cultural Sciences and Arts. <a href=\"http:\/\/10.-11. In November 2023, the annual conference of the Association of Estonian Theater Researchers and Critics &quot;Musical Theater and Music in the Theater&quot; will be held at EMTA in cooperation with the Doctoral School of Cultural Sciences and Arts. Additional information.\">Additional information<\/a>.<\/p>\n<p>On <strong>June 5, 2023,<\/strong> seminar <strong>&#8220;Why is Art Meaningful&#8221;<\/strong> within the framework of the Doctoral School of Cultural Sciences and Arts at EAMT organ hall (A404). <a href=\".https:\/\/ktkdk.edu.ee\/events\/event\/seminar-why-is-art-meaningful\/\" target=\"_blank\" rel=\"noopener\">Additional information<\/a>.<\/p>\n<p>On <strong>June 2-3, 2023<\/strong>, the international conference <strong>&#8220;30 years of Thalia Germanica. <\/strong>German-language theater abroad from an interdisciplinary and transnational perspective&#8221; will be held at EAMT (A402). <a href=\"https:\/\/eamt.ee\/wp-content\/uploads\/2023\/05\/Thalia-Germanica-Programm-Mai-23.pdf\" target=\"_blank\" rel=\"noopener\">Additional information.<\/a><\/p>\n<p>On <strong>April 28, 2023<\/strong>, starting at 7, a big gala concert of doctoral students and doctors in the large concert hall of EAMT. Free entrance. <a href=\"https:\/\/ktkdk.edu.ee\/concert-of-doctoral-students\/\" target=\"_blank\" rel=\"noopener\">Additional information<\/a>.<\/p>\n<div>\n<p>On <strong>March 14, 2023<\/strong>, the Estonian Academy of Music and Theatre hold its<strong> X conference of doctoral students<\/strong> within the Graduate School of Culture Studies and Arts (GSCSA). The conference language is English, in EAMT (Tatari 13) Organ Hall A-404. <a href=\"https:\/\/ktkdk.edu.ee\/events\/event\/x-conference-of-doctoral-students-of-the-eamt-artistic-research\/\" target=\"_blank\" rel=\"noopener\">Additional information<\/a>.<\/p>\n<p><strong>February 27-28, 2023,<\/strong>\u00a0Doctoral School of Cultural Sciences and Arts (KTKDK)\u00a0seminar <strong>Application of autoethnography in creative research <\/strong>(in Estonian), The Estonian Academy of Music and Theatre, room A211, at 1-5.30 pm. Lecturers: <strong>Kristi Kapten<\/strong> (PhD in music), <strong>Jaak Sikk<\/strong> (PhD in music). <a href=\"https:\/\/ktkdk.edu.ee\/events\/event\/seminar-autoetnograafia-rakendamine-loovuurimuses\/\" target=\"_blank\" rel=\"noopener\">Additional information<\/a><\/p>\n<p><b>February 7-10, 2023<\/b>, Doctoral seminar <b>Opera as Imagination and Realization 4. Director&#8217;s Perspective <\/b>(in English), The Estonian Academy of Music and Theatre, room A202 (Joachim Herz&#8217;s room)<b>\u00a0<\/b>at 2.30-6 pm. Lecturer: opera director<strong> Sandra Leupold<\/strong> (Berlin). The seminar took place within the Doctoral School of Cultural Sciences and Arts. <a href=\"https:\/\/ktkdk.edu.ee\/events\/event\/seminar-opera-as-imagination-and-realization-4-directors-perspective\/\" target=\"_blank\" rel=\"noopener\">Additional information<\/a><\/p>\n<p><strong>January 23-27, 2023<\/strong> A weekly winter school of KTKDK Doctoral School at Tallinn University. Read more: <a href=\"https:\/\/ktkdk.edu.ee\/winterschool2023\/\" target=\"_blank\" rel=\"noopener\">ktkdk.edu.ee\/winterschool2023\/<\/a><\/p>\n<p><strong>November 21-23 2022 <\/strong>Introduction to Artistic [Practice Based] Research. Prof. Ana S\u00e1nchez-Colberg. <a href=\"https:\/\/eamt.ee\/en\/event\/introduction-to-artistic-practice-based-research-prof-ana-sanchez-colberg\/\">Additional information<\/a><\/p>\n<p><strong>February 15 2022<\/strong> open course &#8220;Intervjuu kui uurimismeetod&#8221;, Hedi-Liis Toome. <a href=\"https:\/\/eamt.ee\/uritused\/doktoriseminar-intervjuu-kui-uurimismeetod\/\">Additional information<\/a><\/p>\n<p><strong>February 4-April 1 2022<\/strong> open course \u201eKuidas k\u00f5netab Adorno uue muusika filosoofia meid t\u00e4na\u201c. <a href=\"https:\/\/eamt.ee\/uritused\/avatud-kursus-kuidas-konetab-adorno-uue-muusika-filosoofia-meid-tana\/\">Additional information (in Estonian)<\/a><\/p>\n<p><strong>Nov 29-Dec 1 2021<\/strong> Seminar &#8220;Introduction to Artistic Research&#8221;. Prof. Ana S\u00e1nchez-Colberg. <a href=\"https:\/\/eamt.ee\/en\/event\/doctoral-seminar-introduction-to-artistic-research\/\">Additional information<\/a><\/p>\n<p><strong>October 20-22 2021<\/strong> Seminar &#8220;Opera as Imagination and Realization 3&#8221;. Presentations and round tables\u00a0with Uljas Pulkkis (Helsinki), Tze Yeung Ho, Giovanni Albini (Alessandria\/Lugano), Bettina Bartz (Berlin), Linda Gabrielsen (Oslo), Matthias Hermann (Stuttgart), Liis Kolle (Frankfurt). <a href=\"https:\/\/ktkdk.edu.ee\/events\/event\/opera-as-imagination-and-realization-3\/\" target=\"_blank\" rel=\"noopener\">Additional information<\/a><\/p>\n<p><strong>October 7-8 2021<\/strong> &#8220;Seminar on artistic action research&#8221; by Anu Koskinen (University of Arts, Helsinki). <a href=\"https:\/\/ktkdk.edu.ee\/events\/event\/seminar-on-artistic-action-research\/\" target=\"_blank\" rel=\"noopener\">Additional information<\/a><\/p>\n<p><strong>April 26-28 2021<\/strong> the dramaturgy seminar &#8220;Dramaturgy as User Experience Design&#8221; by Marion J\u00f5epera took place. <a href=\"https:\/\/ktkdk.edu.ee\/events\/event\/dramaturgy-as-user-experience-design-2\/\" target=\"_blank\" rel=\"noopener\">Additional information<\/a><\/p>\n<p><strong>April 23-24<\/strong> <strong>2021<\/strong> there was an opera seminar &#8220;Opera as Imagination and Realization 2&#8221;. <a href=\"https:\/\/ktkdk.edu.ee\/events\/event\/opera-as-imagination-and-realization-2\/\" target=\"_blank\" rel=\"noopener\">Additional information<\/a><\/p>\n<p>On\u00a0<strong>November 9\u201310, 2020<\/strong> a seminar &#8220;Writing in artistic (and autoethnographic) research&#8221; (Dr Hanna Guttorm, University of Helsinki) took place. <a href=\"http:\/\/ktkdk.edu.ee\/events\/event\/writing-in-artistic-and-autoethnographic-research\/\" target=\"_blank\" rel=\"noopener noreferrer\">Additional information<\/a><\/p>\n<p>On\u00a0<strong>December 16<\/strong><strong>\u201318, 2019<\/strong>\u00a0a seminar &#8220;Introduction to Artistic Research: Methods and Approaches&#8221; (Prof Ana S\u00e1nchez-Colberg) took place.<\/p>\n<p>On\u00a0<strong>November 16\u201317, 2019<\/strong>\u00a0a conference &#8220;Explaining universe \u2013 systems, humans and arts. Dedicated to 100th anniversary of Udo Kasemets&#8221; took place.\u00a0<a href=\"http:\/\/ktkdk.edu.ee\/events\/event\/explaining-universe-systems-humans-and-arts-udo-kasemets-100\/\" target=\"_blank\" rel=\"noopener noreferrer\">Additional information<\/a><\/p>\n<p>On<strong>\u00a0October 18\u201320,<\/strong>\u00a0<strong>2019<\/strong>\u00a0a seminar &#8220;Opera as Imagination and Realization&#8221; took place.\u00a0<a href=\"http:\/\/ktkdk.edu.ee\/events\/event\/opera-as-imagination-and-realization\/\" target=\"_blank\" rel=\"noopener noreferrer\">Additional information<\/a><\/p>\n<p>On\u00a0<strong>May 13\u201314, 2019\u00a0<\/strong>a seminar &#8220;Interactive Performance&#8221; by Prof Pawe\u0142 Kami\u0144ski (Uniwersytet Muzyczny Fryderyka Chopina, Varssavi, Poola) took place.\u00a0<a href=\"https:\/\/ema.edu.ee\/event\/seminar-interaktiivne-interpretatsioon-ja-helilooming-interactive-performans\/\" target=\"_blank\" rel=\"noopener noreferrer\">Additional information<\/a><\/p>\n<p>On\u00a0<strong>May 2\u20133, 2019<\/strong>\u00a0an international conference &#8220;Urban and Court Culture in the Early Modern Baltic Sea Region&#8221; \/ &#8220;Stadt- und Hofkultur im Ostseeraum in der Fr\u00fchen Neuzeit&#8221; took place.\u00a0<a href=\"http:\/\/ktkdk.edu.ee\/events\/event\/urban-and-court-culture-in-the-early-modern-baltic-sea-region\/\" target=\"_blank\" rel=\"noopener noreferrer\">Additional information<\/a>.<\/p>\n<p>On<strong>\u00a0March 4\u20135, 2019\u00a0<\/strong>a seminar\u00a0&#8220;Approaches to artistic research&#8221; by Pilvi Porkola took place in Drama School.<\/p>\n<p>On\u00a0<strong>February 18\u201319, 2019<\/strong>\u00a0a seminar on on autoethnography took place, the lecutrer was DocMus\u00a0<a href=\"http:\/\/www.uniarts.fi\/paivi-jarvio\">P\u00e4ivi J\u00e4rvi\u00f6<\/a>\u00a0from Sibelius Academy.<\/p>\n<p>On\u00a0<strong>November 9, 2018<\/strong>\u00a0a lecture-performance &#8220;<a href=\"http:\/\/ktkdk.edu.ee\/events\/event\/umarlaud-sisenemine-sisenemisse\/\" target=\"_blank\" rel=\"noopener noreferrer\">Sisenemine sisenemisse<\/a>&#8221; and a round-table took place (in Estonian).<\/p>\n<p>On\u00a0<strong>October 28\u2013November 03, 2018\u00a0<\/strong>a symposium of the\u00a0International Contemporary Music Festival AFEKT2018 took place.\u00a0<a href=\"http:\/\/ktkdk.edu.ee\/events\/event\/rahvusvahelise-nuudismuusika-festivali-afekt2018-sumpoosium\/\" target=\"_blank\" rel=\"noopener noreferrer\">Additional information<\/a><\/p>\n<p>An international conference\u00a0<strong>&#8220;Ettek\u00e4\u00e4ne. Ruum. Performatiivsest ruumist etenduskunstides&#8221;<\/strong>\u00a0took place on\u00a0<strong>May 4-5, 2018<\/strong>\u00a0in collaboration with the Drama School.\u00a0<a href=\"http:\/\/ktkdk.edu.ee\/events\/event\/rahvusvaheline-konverents-ettekaane-ruum-performatiivsest-ruumist-etenduskunstides\/\" target=\"_blank\" rel=\"noopener noreferrer\">Additional information<\/a>\u00a0(in Estonian).<\/p>\n<p>On<strong>\u00a0April 16-20, 2018\u00a0<\/strong>Zenaida des Aubris conducted a seminar<strong>\u00a0<\/strong>series\u00a0<strong>&#8220;How to kickstart your professional career&#8221;<\/strong>.<\/p>\n<p>A seminar on artistic research for the doctoral students of artistic branch took place on\u00a0<strong>April 15, 2018\u00a0<\/strong>(in collaboration with the Estonian Academy of Arts).<\/p>\n<p><strong>October 2017\u00a0 \u2013 May 2018<\/strong>\u00a0a lecture series\u00a0<strong>&#8220;SPACE&#8221;<\/strong>\u00a0(&#8220;Ruum&#8221;) took place in the Drama School.<\/p>\n<p>A seminar on artistic research for the doctoral students of artistic branch took place on\u00a0<strong>November 18, 2017\u00a0<\/strong>(in collaboration with the Estonian Academy of Arts).<\/p>\n<p>An academic seminar &#8220;Kuidas meist said protestandid: reformatsioonikultuuri levik Eestis\u201c took place on\u00a0<strong>October\u00a019-20, 2017<\/strong>.\u00a0<a href=\"http:\/\/www.ema.edu.ee\/teadusuritused\/\" target=\"_blank\" rel=\"noopener noreferrer\">Additional information<\/a>\u00a0(in Estonian).<\/p>\n<p>An academic seminar\u00a0<strong>&#8220;Gender and Sexualities in (post)Soviet\/ (post)Socialist Music, Theater and Visual Arts&#8221;\u00a0<\/strong>\u00a0took place on\u00a0<strong>April 19-20, 2017<\/strong>. Additional\u00a0<a href=\"http:\/\/ktkdk.edu.ee\/event\/gender-and-sexualities-in-postsoviet-postsocialist-music-theater-and-visual-arts\/\">information<\/a>.<\/p>\n<p>A seminar on artistic research and its supervision led by\u00a0<strong>\u00a0Peter Dejans,<\/strong>\u00a0director of Orpheus Institute (Ghent), took place on\u00a0<strong>March 13, 2017, at 16.15.\u00a0<\/strong>All the Supervisors of doctoral theses were welcome to the seminar. On\u00a0<strong>March, 14<\/strong>, at 10-12, in room C209 Peter\u00a0Dejans consulted doctoral student of artistic branch. He also took part in discussions at the conference of doctoral students the same day, that started at 14 in the organ hall A404.<\/p>\n<p>The GSCSA conference\u00a0<a href=\"http:\/\/ktkdk.edu.ee\/event\/multimedia-composition-fine-arts-and-new-technologies\/\">&#8220;Multimedia Composition: Fine Arts and New Technologies&#8221;<\/a>\u00a0took\u00a0place on October, 19-20, 2016. The conference was organised in conjunction with the\u00a015th International New Music Festival AFEKT (<a href=\"http:\/\/www.festivalafekt.ee\/\" target=\"_blank\" rel=\"noopener noreferrer\" data-saferedirecturl=\"https:\/\/www.google.com\/url?hl=ru&amp;q=http:\/\/www.festivalafekt.ee&amp;source=gmail&amp;ust=1474026511416000&amp;usg=AFQjCNHQmklkE2CDtBe6jsuzTRWkagLZUQ\">www.festivalafekt.ee<\/a>).<\/p>\n<\/div>\n"}],"is_not_a_page":false,"side_title":"CONTACT","side_info":"<p>Kristel Karu-Kletter<br \/>\nResearch Secretary<br \/>\n<a href=\"mailto:kristel.karu-kletter@eamt.ee\">kristel.karu-kletter@eamt.ee<\/a><br \/>\n+372 667 5808<br \/>\nD523<\/p>\n","add_people":false,"add_news":false,"add_events":false,"is_drama_page":false,"is_cppm_page":false,"show_in_sub_menu":false,"is_hidden":true,"dont_show_img":false,"mobile_show_side":false,"side_links_title":"","side_links":false,"dont_show_auto_gen":false},"yoast_head":"<!-- This site is optimized with the Yoast SEO plugin v27.1.1 - https:\/\/yoast.com\/product\/yoast-seo-wordpress\/ -->\n<title>Graduate School of Culture Studies and Arts | Estonian Academy of Music and Theatre<\/title>\n<meta name=\"robots\" content=\"index, follow, max-snippet:-1, max-image-preview:large, max-video-preview:-1\" \/>\n<link rel=\"canonical\" href=\"https:\/\/eamt.ee\/en\/departments\/doctoral-studies\/graduate-school-of-culture-studies-and-arts\/\" \/>\n<meta property=\"og:locale\" content=\"en_US\" \/>\n<meta property=\"og:type\" content=\"article\" \/>\n<meta property=\"og:title\" content=\"Graduate School of Culture Studies and Arts | Estonian Academy of Music and Theatre\" \/>\n<meta property=\"og:url\" content=\"https:\/\/eamt.ee\/en\/departments\/doctoral-studies\/graduate-school-of-culture-studies-and-arts\/\" \/>\n<meta property=\"og:site_name\" content=\"Estonian Academy of Music and Theatre\" \/>\n<meta property=\"article:modified_time\" content=\"2024-01-31T11:30:02+00:00\" \/>\n<meta property=\"og:image\" content=\"https:\/\/eamt.ee\/wp-content\/uploads\/2020\/10\/R_K_9273.jpg\" \/>\n\t<meta property=\"og:image:width\" content=\"2500\" \/>\n\t<meta property=\"og:image:height\" content=\"1667\" \/>\n\t<meta property=\"og:image:type\" content=\"image\/jpeg\" \/>\n<meta name=\"twitter:card\" content=\"summary_large_image\" \/>\n<script type=\"application\/ld+json\" class=\"yoast-schema-graph\">{\"@context\":\"https:\/\/schema.org\",\"@graph\":[{\"@type\":\"WebPage\",\"@id\":\"https:\/\/eamt.ee\/en\/departments\/doctoral-studies\/graduate-school-of-culture-studies-and-arts\/\",\"url\":\"https:\/\/eamt.ee\/en\/departments\/doctoral-studies\/graduate-school-of-culture-studies-and-arts\/\",\"name\":\"Graduate School of Culture Studies and Arts | Estonian Academy of Music and Theatre\",\"isPartOf\":{\"@id\":\"https:\/\/eamt.ee\/en\/#website\"},\"datePublished\":\"2020-08-18T03:57:15+00:00\",\"dateModified\":\"2024-01-31T11:30:02+00:00\",\"breadcrumb\":{\"@id\":\"https:\/\/eamt.ee\/en\/departments\/doctoral-studies\/graduate-school-of-culture-studies-and-arts\/#breadcrumb\"},\"inLanguage\":\"en-US\",\"potentialAction\":[{\"@type\":\"ReadAction\",\"target\":[\"https:\/\/eamt.ee\/en\/departments\/doctoral-studies\/graduate-school-of-culture-studies-and-arts\/\"]}]},{\"@type\":\"BreadcrumbList\",\"@id\":\"https:\/\/eamt.ee\/en\/departments\/doctoral-studies\/graduate-school-of-culture-studies-and-arts\/#breadcrumb\",\"itemListElement\":[{\"@type\":\"ListItem\",\"position\":1,\"name\":\"Home\",\"item\":\"https:\/\/eamt.ee\/en\/\"},{\"@type\":\"ListItem\",\"position\":2,\"name\":\"Departments\",\"item\":\"https:\/\/eamt.ee\/en\/departments\/\"},{\"@type\":\"ListItem\",\"position\":3,\"name\":\"Doctoral Studies\",\"item\":\"https:\/\/eamt.ee\/en\/departments\/doctoral-studies\/\"},{\"@type\":\"ListItem\",\"position\":4,\"name\":\"Graduate School of Culture Studies and Arts\"}]},{\"@type\":\"WebSite\",\"@id\":\"https:\/\/eamt.ee\/en\/#website\",\"url\":\"https:\/\/eamt.ee\/en\/\",\"name\":\"Estonian Academy of Music and Theatre\",\"description\":\"\",\"potentialAction\":[{\"@type\":\"SearchAction\",\"target\":{\"@type\":\"EntryPoint\",\"urlTemplate\":\"https:\/\/eamt.ee\/en\/?s={search_term_string}\"},\"query-input\":{\"@type\":\"PropertyValueSpecification\",\"valueRequired\":true,\"valueName\":\"search_term_string\"}}],\"inLanguage\":\"en-US\"}]}<\/script>\n<!-- \/ Yoast SEO plugin. -->","yoast_head_json":{"title":"Graduate School of Culture Studies and Arts | Estonian Academy of Music and Theatre","robots":{"index":"index","follow":"follow","max-snippet":"max-snippet:-1","max-image-preview":"max-image-preview:large","max-video-preview":"max-video-preview:-1"},"canonical":"https:\/\/eamt.ee\/en\/departments\/doctoral-studies\/graduate-school-of-culture-studies-and-arts\/","og_locale":"en_US","og_type":"article","og_title":"Graduate School of Culture Studies and Arts | Estonian Academy of Music and Theatre","og_url":"https:\/\/eamt.ee\/en\/departments\/doctoral-studies\/graduate-school-of-culture-studies-and-arts\/","og_site_name":"Estonian Academy of Music and Theatre","article_modified_time":"2024-01-31T11:30:02+00:00","og_image":[{"width":2500,"height":1667,"url":"https:\/\/eamt.ee\/wp-content\/uploads\/2020\/10\/R_K_9273.jpg","type":"image\/jpeg"}],"twitter_card":"summary_large_image","schema":{"@context":"https:\/\/schema.org","@graph":[{"@type":"WebPage","@id":"https:\/\/eamt.ee\/en\/departments\/doctoral-studies\/graduate-school-of-culture-studies-and-arts\/","url":"https:\/\/eamt.ee\/en\/departments\/doctoral-studies\/graduate-school-of-culture-studies-and-arts\/","name":"Graduate School of Culture Studies and Arts | Estonian Academy of Music and Theatre","isPartOf":{"@id":"https:\/\/eamt.ee\/en\/#website"},"datePublished":"2020-08-18T03:57:15+00:00","dateModified":"2024-01-31T11:30:02+00:00","breadcrumb":{"@id":"https:\/\/eamt.ee\/en\/departments\/doctoral-studies\/graduate-school-of-culture-studies-and-arts\/#breadcrumb"},"inLanguage":"en-US","potentialAction":[{"@type":"ReadAction","target":["https:\/\/eamt.ee\/en\/departments\/doctoral-studies\/graduate-school-of-culture-studies-and-arts\/"]}]},{"@type":"BreadcrumbList","@id":"https:\/\/eamt.ee\/en\/departments\/doctoral-studies\/graduate-school-of-culture-studies-and-arts\/#breadcrumb","itemListElement":[{"@type":"ListItem","position":1,"name":"Home","item":"https:\/\/eamt.ee\/en\/"},{"@type":"ListItem","position":2,"name":"Departments","item":"https:\/\/eamt.ee\/en\/departments\/"},{"@type":"ListItem","position":3,"name":"Doctoral Studies","item":"https:\/\/eamt.ee\/en\/departments\/doctoral-studies\/"},{"@type":"ListItem","position":4,"name":"Graduate School of Culture Studies and Arts"}]},{"@type":"WebSite","@id":"https:\/\/eamt.ee\/en\/#website","url":"https:\/\/eamt.ee\/en\/","name":"Estonian Academy of Music and Theatre","description":"","potentialAction":[{"@type":"SearchAction","target":{"@type":"EntryPoint","urlTemplate":"https:\/\/eamt.ee\/en\/?s={search_term_string}"},"query-input":{"@type":"PropertyValueSpecification","valueRequired":true,"valueName":"search_term_string"}}],"inLanguage":"en-US"}]}},"_links":{"self":[{"href":"https:\/\/eamt.ee\/en\/wp-json\/wp\/v2\/pages\/4721","targetHints":{"allow":["GET"]}}],"collection":[{"href":"https:\/\/eamt.ee\/en\/wp-json\/wp\/v2\/pages"}],"about":[{"href":"https:\/\/eamt.ee\/en\/wp-json\/wp\/v2\/types\/page"}],"author":[{"embeddable":true,"href":"https:\/\/eamt.ee\/en\/wp-json\/wp\/v2\/users\/1"}],"replies":[{"embeddable":true,"href":"https:\/\/eamt.ee\/en\/wp-json\/wp\/v2\/comments?post=4721"}],"version-history":[{"count":47,"href":"https:\/\/eamt.ee\/en\/wp-json\/wp\/v2\/pages\/4721\/revisions"}],"predecessor-version":[{"id":43060,"href":"https:\/\/eamt.ee\/en\/wp-json\/wp\/v2\/pages\/4721\/revisions\/43060"}],"up":[{"embeddable":true,"href":"https:\/\/eamt.ee\/en\/wp-json\/wp\/v2\/pages\/4462"}],"wp:attachment":[{"href":"https:\/\/eamt.ee\/en\/wp-json\/wp\/v2\/media?parent=4721"}],"curies":[{"name":"wp","href":"https:\/\/api.w.org\/{rel}","templated":true}]}}