{"id":5147,"date":"2020-08-23T22:01:55","date_gmt":"2020-08-23T19:01:55","guid":{"rendered":"https:\/\/eamt.ee\/departments\/classical-music-performance\/dirigeerimine\/"},"modified":"2026-02-18T21:08:35","modified_gmt":"2026-02-18T19:08:35","slug":"conducting","status":"publish","type":"page","link":"https:\/\/eamt.ee\/en\/departments\/classical-music-performance\/conducting\/","title":{"rendered":"Conducting"},"content":{"rendered":"","protected":false},"excerpt":{"rendered":"","protected":false},"author":1,"featured_media":0,"parent":4425,"menu_order":5,"comment_status":"closed","ping_status":"closed","template":"","meta":{"_acf_changed":false,"footnotes":""},"class_list":["post-5147","page","type-page","status-publish","hentry"],"acf":{"post_image":false,"page_content":[{"acf_fc_layout":"pilt","page_image":{"ID":17124,"id":17124,"title":"Photo: Mattias Kitsing","filename":"EMTA-koor-MattiasKitsing-copy-scaled-e1629132317699.jpg","filesize":264787,"url":"https:\/\/eamt.ee\/wp-content\/uploads\/2021\/08\/EMTA-koor-MattiasKitsing-copy-scaled-e1629132317699.jpg","link":"https:\/\/eamt.ee\/en\/departments\/classical-music-performance\/conducting\/emta-koor-mattiaskitsing-copy-2\/","alt":"","author":"3","description":"Photo: Mattias Kitsing","caption":"","name":"emta-koor-mattiaskitsing-copy-2","status":"inherit","uploaded_to":5147,"date":"2021-08-16 09:28:17","modified":"2021-08-16 09:29:23","menu_order":0,"mime_type":"image\/jpeg","type":"image","subtype":"jpeg","icon":"https:\/\/eamt.ee\/wp-includes\/images\/media\/default.png","width":2540,"height":992,"sizes":{"thumbnail":"https:\/\/eamt.ee\/wp-content\/uploads\/2021\/08\/EMTA-koor-MattiasKitsing-copy-scaled-e1629132317699-150x150.jpg","thumbnail-width":150,"thumbnail-height":150,"medium":"https:\/\/eamt.ee\/wp-content\/uploads\/2021\/08\/EMTA-koor-MattiasKitsing-copy-scaled-e1629132317699-300x117.jpg","medium-width":300,"medium-height":117,"medium_large":"https:\/\/eamt.ee\/wp-content\/uploads\/2021\/08\/EMTA-koor-MattiasKitsing-copy-scaled-e1629132317699-768x300.jpg","medium_large-width":768,"medium_large-height":300,"large":"https:\/\/eamt.ee\/wp-content\/uploads\/2021\/08\/EMTA-koor-MattiasKitsing-copy-scaled-e1629132317699-1024x400.jpg","large-width":1024,"large-height":400,"1536x1536":"https:\/\/eamt.ee\/wp-content\/uploads\/2021\/08\/EMTA-koor-MattiasKitsing-copy-scaled-e1629132317699-1536x600.jpg","1536x1536-width":1536,"1536x1536-height":600,"2048x2048":"https:\/\/eamt.ee\/wp-content\/uploads\/2021\/08\/EMTA-koor-MattiasKitsing-copy-scaled-e1629132317699-2048x800.jpg","2048x2048-width":2048,"2048x2048-height":800,"640px":"https:\/\/eamt.ee\/wp-content\/uploads\/2021\/08\/EMTA-koor-MattiasKitsing-copy-scaled-e1629132317699-640x250.jpg","640px-width":640,"640px-height":250,"768px":"https:\/\/eamt.ee\/wp-content\/uploads\/2021\/08\/EMTA-koor-MattiasKitsing-copy-scaled-e1629132317699-768x300.jpg","768px-width":768,"768px-height":300,"1024px":"https:\/\/eamt.ee\/wp-content\/uploads\/2021\/08\/EMTA-koor-MattiasKitsing-copy-scaled-e1629132317699-1024x400.jpg","1024px-width":1024,"1024px-height":400,"1280px":"https:\/\/eamt.ee\/wp-content\/uploads\/2021\/08\/EMTA-koor-MattiasKitsing-copy-scaled-e1629132317699-1280x500.jpg","1280px-width":1280,"1280px-height":500,"1366px":"https:\/\/eamt.ee\/wp-content\/uploads\/2021\/08\/EMTA-koor-MattiasKitsing-copy-scaled-e1629132317699-1366x533.jpg","1366px-width":1366,"1366px-height":533,"1600px":"https:\/\/eamt.ee\/wp-content\/uploads\/2021\/08\/EMTA-koor-MattiasKitsing-copy-scaled-e1629132317699-1600x625.jpg","1600px-width":1600,"1600px-height":625,"1920px":"https:\/\/eamt.ee\/wp-content\/uploads\/2021\/08\/EMTA-koor-MattiasKitsing-copy-scaled-e1629132317699-1920x750.jpg","1920px-width":1920,"1920px-height":750,"2400px":"https:\/\/eamt.ee\/wp-content\/uploads\/2021\/08\/EMTA-koor-MattiasKitsing-copy-scaled-e1629132317699-2400x937.jpg","2400px-width":2400,"2400px-height":937,"woocommerce_thumbnail":"https:\/\/eamt.ee\/wp-content\/uploads\/2021\/08\/EMTA-koor-MattiasKitsing-copy-scaled-e1629132317699-415x415.jpg","woocommerce_thumbnail-width":415,"woocommerce_thumbnail-height":415,"woocommerce_single":"https:\/\/eamt.ee\/wp-content\/uploads\/2021\/08\/EMTA-koor-MattiasKitsing-copy-scaled-e1629132317699-600x234.jpg","woocommerce_single-width":600,"woocommerce_single-height":234,"woocommerce_gallery_thumbnail":"https:\/\/eamt.ee\/wp-content\/uploads\/2021\/08\/EMTA-koor-MattiasKitsing-copy-scaled-e1629132317699-100x100.jpg","woocommerce_gallery_thumbnail-width":100,"woocommerce_gallery_thumbnail-height":100}},"is_full_image":false},{"acf_fc_layout":"tekstikast","page_text":"<p>At EAMT we offer comprehensive training in both choral and orchestral conducting. These programmes are available in our Bachelor\u2019s and Master\u2019s degrees, with choral conducting offered at both levels and orchestral conducting and wind orchestra conducting exclusive to Master\u2019s studies.<\/p>\n<p>Students immerse themselves in the rich history of music and engage with key scores that are significant in both Estonian and global contexts. This multifaceted approach provides them with a broad knowledge and understanding of key repertoire and the practical skills to excel in their chosen field.<\/p>\n<p>Estonia boasts a deep-rooted choral culture, evidenced by its nearly 1,400 choirs. Tens of thousands participate in the Estonian Song Festival, with 32,411 participants in 2019 alone. The choral conducting curriculum at EAMT is tailored to nurture talents who can maintain and elevate the artistic quality of this cherished tradition.<\/p>\n<p>Beyond preserving tradition, our conductors are encouraged to explore new choral works, enriching the musical landscape. Esteemed Estonian composers such as Veljo Tormis, Arvo P\u00e4rt, Urmas Sisask, Erkki-Sven T\u00fc\u00fcr, Ren\u00e9 Eespere, Toivo Tulev, and T\u00f5nu K\u00f5rvits have significantly influenced the world music scene with their innovative works.<\/p>\n<p>Estonian choirs have earned international acclaim, with the Estonian Philharmonic Chamber Choir, Estonian National Male Choir, and Ellerhein Girls\u2019 Choir earning Grammy awards among other prestigious distinctions. Our students have the unique opportunity to work with the EAMT Sinfonietta and the EAMT Choir, fostering practical experience and collaboration in their conducting studies.<\/p>\n"},{"acf_fc_layout":"videos","how_many":"xlarge-6","videos":[{"video":"<iframe title=\"Lars-Erik Larsson - Kontsertiino metsasarvele ja keelpilliorkestrile op 45 nr 5\" width=\"640\" height=\"360\" src=\"https:\/\/www.youtube.com\/embed\/csYqfmAilBc?feature=oembed\" frameborder=\"0\" allow=\"accelerometer; autoplay; clipboard-write; encrypted-media; gyroscope; picture-in-picture; web-share\" referrerpolicy=\"strict-origin-when-cross-origin\" allowfullscreen><\/iframe>"},{"video":"<iframe title=\"Wolfgang Amadeus Mozart - Klarnetikontsert A-duur KV 622\" width=\"640\" height=\"360\" src=\"https:\/\/www.youtube.com\/embed\/TZozxWFH3-k?start=35&feature=oembed\" frameborder=\"0\" allow=\"accelerometer; autoplay; clipboard-write; encrypted-media; gyroscope; picture-in-picture; web-share\" referrerpolicy=\"strict-origin-when-cross-origin\" allowfullscreen><\/iframe>"}]}],"is_not_a_page":false,"side_title":"CONTACT","side_info":"<p>Katrin Puur<br \/>\nStudy Programme Registrar<br \/>\n<a href=\"mailto:katrin.puur@eamt.ee\">katrin.puur@eamt.ee<\/a><br \/>\n+372 6675 712<br \/>\nD513<\/p>\n","add_people":true,"people":[{"person":4438},{"person":4440},{"person":5529},{"person":5531},{"person":4625},{"person":5539},{"person":5535},{"person":5537},{"person":5543},{"person":5541},{"person":5533},{"person":5549},{"person":5553},{"person":58663},{"person":5555},{"person":5557},{"person":30452},{"person":59090},{"person":5547},{"person":62111}],"add_news":false,"add_events":false,"is_drama_page":false,"is_cppm_page":false,"is_hidden":false,"show_in_sub_menu":false,"dont_show_img":false,"mobile_show_side":false,"side_links_title":"","side_links":false,"is_hidden_submenu":false,"dont_show_auto_gen":false},"yoast_head":"<!-- This site is optimized with the Yoast SEO plugin v27.1.1 - https:\/\/yoast.com\/product\/yoast-seo-wordpress\/ -->\n<title>Conducting | Estonian Academy of Music and Theatre<\/title>\n<meta name=\"robots\" content=\"index, follow, max-snippet:-1, max-image-preview:large, max-video-preview:-1\" \/>\n<link rel=\"canonical\" href=\"https:\/\/eamt.ee\/en\/departments\/classical-music-performance\/conducting\/\" \/>\n<meta property=\"og:locale\" content=\"en_US\" \/>\n<meta property=\"og:type\" content=\"article\" \/>\n<meta property=\"og:title\" content=\"Conducting | Estonian Academy of Music and Theatre\" \/>\n<meta property=\"og:url\" content=\"https:\/\/eamt.ee\/en\/departments\/classical-music-performance\/conducting\/\" \/>\n<meta property=\"og:site_name\" content=\"Estonian Academy of Music and Theatre\" \/>\n<meta property=\"article:modified_time\" content=\"2026-02-18T19:08:35+00:00\" \/>\n<meta property=\"og:image\" content=\"https:\/\/eamt.ee\/wp-content\/uploads\/2020\/10\/R_K_9273.jpg\" \/>\n\t<meta property=\"og:image:width\" content=\"2500\" \/>\n\t<meta property=\"og:image:height\" content=\"1667\" \/>\n\t<meta property=\"og:image:type\" content=\"image\/jpeg\" \/>\n<meta name=\"twitter:card\" content=\"summary_large_image\" \/>\n<script type=\"application\/ld+json\" class=\"yoast-schema-graph\">{\"@context\":\"https:\/\/schema.org\",\"@graph\":[{\"@type\":\"WebPage\",\"@id\":\"https:\/\/eamt.ee\/en\/departments\/classical-music-performance\/conducting\/\",\"url\":\"https:\/\/eamt.ee\/en\/departments\/classical-music-performance\/conducting\/\",\"name\":\"Conducting | Estonian Academy of Music and Theatre\",\"isPartOf\":{\"@id\":\"https:\/\/eamt.ee\/en\/#website\"},\"datePublished\":\"2020-08-23T19:01:55+00:00\",\"dateModified\":\"2026-02-18T19:08:35+00:00\",\"breadcrumb\":{\"@id\":\"https:\/\/eamt.ee\/en\/departments\/classical-music-performance\/conducting\/#breadcrumb\"},\"inLanguage\":\"en-US\",\"potentialAction\":[{\"@type\":\"ReadAction\",\"target\":[\"https:\/\/eamt.ee\/en\/departments\/classical-music-performance\/conducting\/\"]}]},{\"@type\":\"BreadcrumbList\",\"@id\":\"https:\/\/eamt.ee\/en\/departments\/classical-music-performance\/conducting\/#breadcrumb\",\"itemListElement\":[{\"@type\":\"ListItem\",\"position\":1,\"name\":\"Home\",\"item\":\"https:\/\/eamt.ee\/en\/\"},{\"@type\":\"ListItem\",\"position\":2,\"name\":\"Departments\",\"item\":\"https:\/\/eamt.ee\/en\/departments\/\"},{\"@type\":\"ListItem\",\"position\":3,\"name\":\"Classical Music Performance\",\"item\":\"https:\/\/eamt.ee\/en\/departments\/classical-music-performance\/\"},{\"@type\":\"ListItem\",\"position\":4,\"name\":\"Conducting\"}]},{\"@type\":\"WebSite\",\"@id\":\"https:\/\/eamt.ee\/en\/#website\",\"url\":\"https:\/\/eamt.ee\/en\/\",\"name\":\"Estonian Academy of Music and Theatre\",\"description\":\"\",\"potentialAction\":[{\"@type\":\"SearchAction\",\"target\":{\"@type\":\"EntryPoint\",\"urlTemplate\":\"https:\/\/eamt.ee\/en\/?s={search_term_string}\"},\"query-input\":{\"@type\":\"PropertyValueSpecification\",\"valueRequired\":true,\"valueName\":\"search_term_string\"}}],\"inLanguage\":\"en-US\"}]}<\/script>\n<!-- \/ Yoast SEO plugin. -->","yoast_head_json":{"title":"Conducting | Estonian Academy of Music and Theatre","robots":{"index":"index","follow":"follow","max-snippet":"max-snippet:-1","max-image-preview":"max-image-preview:large","max-video-preview":"max-video-preview:-1"},"canonical":"https:\/\/eamt.ee\/en\/departments\/classical-music-performance\/conducting\/","og_locale":"en_US","og_type":"article","og_title":"Conducting | Estonian Academy of Music and Theatre","og_url":"https:\/\/eamt.ee\/en\/departments\/classical-music-performance\/conducting\/","og_site_name":"Estonian Academy of Music and Theatre","article_modified_time":"2026-02-18T19:08:35+00:00","og_image":[{"width":2500,"height":1667,"url":"https:\/\/eamt.ee\/wp-content\/uploads\/2020\/10\/R_K_9273.jpg","type":"image\/jpeg"}],"twitter_card":"summary_large_image","schema":{"@context":"https:\/\/schema.org","@graph":[{"@type":"WebPage","@id":"https:\/\/eamt.ee\/en\/departments\/classical-music-performance\/conducting\/","url":"https:\/\/eamt.ee\/en\/departments\/classical-music-performance\/conducting\/","name":"Conducting | Estonian Academy of Music and Theatre","isPartOf":{"@id":"https:\/\/eamt.ee\/en\/#website"},"datePublished":"2020-08-23T19:01:55+00:00","dateModified":"2026-02-18T19:08:35+00:00","breadcrumb":{"@id":"https:\/\/eamt.ee\/en\/departments\/classical-music-performance\/conducting\/#breadcrumb"},"inLanguage":"en-US","potentialAction":[{"@type":"ReadAction","target":["https:\/\/eamt.ee\/en\/departments\/classical-music-performance\/conducting\/"]}]},{"@type":"BreadcrumbList","@id":"https:\/\/eamt.ee\/en\/departments\/classical-music-performance\/conducting\/#breadcrumb","itemListElement":[{"@type":"ListItem","position":1,"name":"Home","item":"https:\/\/eamt.ee\/en\/"},{"@type":"ListItem","position":2,"name":"Departments","item":"https:\/\/eamt.ee\/en\/departments\/"},{"@type":"ListItem","position":3,"name":"Classical Music Performance","item":"https:\/\/eamt.ee\/en\/departments\/classical-music-performance\/"},{"@type":"ListItem","position":4,"name":"Conducting"}]},{"@type":"WebSite","@id":"https:\/\/eamt.ee\/en\/#website","url":"https:\/\/eamt.ee\/en\/","name":"Estonian Academy of Music and Theatre","description":"","potentialAction":[{"@type":"SearchAction","target":{"@type":"EntryPoint","urlTemplate":"https:\/\/eamt.ee\/en\/?s={search_term_string}"},"query-input":{"@type":"PropertyValueSpecification","valueRequired":true,"valueName":"search_term_string"}}],"inLanguage":"en-US"}]}},"_links":{"self":[{"href":"https:\/\/eamt.ee\/en\/wp-json\/wp\/v2\/pages\/5147","targetHints":{"allow":["GET"]}}],"collection":[{"href":"https:\/\/eamt.ee\/en\/wp-json\/wp\/v2\/pages"}],"about":[{"href":"https:\/\/eamt.ee\/en\/wp-json\/wp\/v2\/types\/page"}],"author":[{"embeddable":true,"href":"https:\/\/eamt.ee\/en\/wp-json\/wp\/v2\/users\/1"}],"replies":[{"embeddable":true,"href":"https:\/\/eamt.ee\/en\/wp-json\/wp\/v2\/comments?post=5147"}],"version-history":[{"count":20,"href":"https:\/\/eamt.ee\/en\/wp-json\/wp\/v2\/pages\/5147\/revisions"}],"predecessor-version":[{"id":62115,"href":"https:\/\/eamt.ee\/en\/wp-json\/wp\/v2\/pages\/5147\/revisions\/62115"}],"up":[{"embeddable":true,"href":"https:\/\/eamt.ee\/en\/wp-json\/wp\/v2\/pages\/4425"}],"wp:attachment":[{"href":"https:\/\/eamt.ee\/en\/wp-json\/wp\/v2\/media?parent=5147"}],"curies":[{"name":"wp","href":"https:\/\/api.w.org\/{rel}","templated":true}]}}