{"id":5316,"date":"2020-09-07T16:46:22","date_gmt":"2020-09-07T13:46:22","guid":{"rendered":"https:\/\/eamt.ee\/departments\/musicology\/musicology-and-music-management\/masters-studies\/sisseastumine\/"},"modified":"2024-01-08T16:54:59","modified_gmt":"2024-01-08T14:54:59","slug":"admission","status":"publish","type":"page","link":"https:\/\/eamt.ee\/en\/departments\/musicology\/musicology\/masters-studies\/admission\/","title":{"rendered":"Admission"},"content":{"rendered":"","protected":false},"excerpt":{"rendered":"","protected":false},"author":3,"featured_media":0,"parent":5313,"menu_order":1,"comment_status":"closed","ping_status":"closed","template":"","meta":{"_acf_changed":false,"footnotes":""},"class_list":["post-5316","page","type-page","status-publish","hentry"],"acf":{"is_not_a_page":false,"post_image":false,"page_content":[{"acf_fc_layout":"nupp","button_text":"ADMISSION DATES","button_url":"https:\/\/eamt.ee\/en\/admissions\/admission-dates\/","button_color":"blue","new_tab":false},{"acf_fc_layout":"tekstikast","page_text":"<p>Musicology Programme is currently only offered in Estonian.<\/p>\n<p>Admission Requirements in Estonian:<\/p>\n<p>&nbsp;<\/p>\n<p><strong>Muusikateadus<\/strong><\/p>\n<ul>\n<li>\u00dcli\u00f5pilaskandidaat peab koos sisseastumisdokumentidega (v\u00e4hemalt 5 p\u00e4eva enne eksamit) esitama pikema teadusliku t\u00f6\u00f6: bakalaureuset\u00f6\u00f6, m\u00f5ne teise bakalaureuset\u00f6\u00f6 n\u00f5uetele vastava akadeemiliste \u00f5pingute k\u00e4igus valminud t\u00f6\u00f6 v\u00f5i avaldatud artikli.<\/li>\n<\/ul>\n<p><strong>Eksamikomisjon<\/strong> v\u00f5ib suulise vestluse k\u00e4igus kontrollida kandidaadi teadmisi kitsamas erialavaldkonnas ja orienteerumist \u00fcldkultuurilistes k\u00fcsimustes (kollokvium).<\/p>\n<p>Eksamikomisjon hindab ja arvestab:<\/p>\n<ul>\n<li>teadusliku t\u00f6\u00f6 fokuseeritust kindlale probleemile, uurimist\u00f6\u00f6 s\u00fcstemaatilisust ja ammendavust, l\u00e4bit\u00f6\u00f6tatud kirjandust, samuti t\u00f6\u00f6 keele ja vormistuse korrektsust;<\/li>\n<li>kollokviumil hinnatakse kandidaadi v\u00e4itlemisoskust &#8211; m\u00f5ttearenduse loogilisust, m\u00f5tete s\u00f5nalise vormistamise t\u00e4psust ja v\u00e4ljenduse ladusust;<\/li>\n<li>kollokviumil hinnatakse kandidaadi oskust oma varasemate \u00f5pingute kogemusi ja lugemust k\u00fcsimustele vastamisel loominguliselt kasutada.<\/li>\n<\/ul>\n<p>Sisseastumiseksamit hinnatakse skaalal 0-10 punkti. Vastuv\u00f5tun\u00f5uete t\u00e4itmiseks (eksami positiivseks tulemuseks) on vaja koguda v\u00e4hemalt 5 punkti.<\/p>\n"}],"side_title":"","side_info":"","add_people":false,"add_news":false,"add_events":false,"is_drama_page":false,"is_cppm_page":false,"is_hidden":false,"show_in_sub_menu":false,"dont_show_img":false,"mobile_show_side":false,"side_links_title":"","dont_show_auto_gen":false,"side_links":false},"yoast_head":"<!-- This site is optimized with the Yoast SEO plugin v27.4 - https:\/\/yoast.com\/product\/yoast-seo-wordpress\/ -->\n<title>Admission | Estonian Academy of Music and Theatre<\/title>\n<meta name=\"robots\" content=\"index, follow, max-snippet:-1, max-image-preview:large, max-video-preview:-1\" \/>\n<link rel=\"canonical\" href=\"https:\/\/eamt.ee\/en\/departments\/musicology\/musicology\/masters-studies\/admission\/\" \/>\n<meta property=\"og:locale\" content=\"en_US\" \/>\n<meta property=\"og:type\" content=\"article\" \/>\n<meta property=\"og:title\" content=\"Admission | Estonian Academy of Music and Theatre\" \/>\n<meta property=\"og:url\" content=\"https:\/\/eamt.ee\/en\/departments\/musicology\/musicology\/masters-studies\/admission\/\" \/>\n<meta property=\"og:site_name\" content=\"Estonian Academy of Music and Theatre\" \/>\n<meta property=\"article:modified_time\" content=\"2024-01-08T14:54:59+00:00\" \/>\n<meta property=\"og:image\" content=\"https:\/\/eamt.ee\/wp-content\/uploads\/2020\/10\/R_K_9273.jpg\" \/>\n\t<meta property=\"og:image:width\" content=\"2500\" \/>\n\t<meta property=\"og:image:height\" content=\"1667\" \/>\n\t<meta property=\"og:image:type\" content=\"image\/jpeg\" \/>\n<meta name=\"twitter:card\" content=\"summary_large_image\" \/>\n<script type=\"application\/ld+json\" class=\"yoast-schema-graph\">{\"@context\":\"https:\\\/\\\/schema.org\",\"@graph\":[{\"@type\":\"WebPage\",\"@id\":\"https:\\\/\\\/eamt.ee\\\/en\\\/departments\\\/musicology\\\/musicology\\\/masters-studies\\\/admission\\\/\",\"url\":\"https:\\\/\\\/eamt.ee\\\/en\\\/departments\\\/musicology\\\/musicology\\\/masters-studies\\\/admission\\\/\",\"name\":\"Admission | Estonian Academy of Music and Theatre\",\"isPartOf\":{\"@id\":\"https:\\\/\\\/eamt.ee\\\/en\\\/#website\"},\"datePublished\":\"2020-09-07T13:46:22+00:00\",\"dateModified\":\"2024-01-08T14:54:59+00:00\",\"breadcrumb\":{\"@id\":\"https:\\\/\\\/eamt.ee\\\/en\\\/departments\\\/musicology\\\/musicology\\\/masters-studies\\\/admission\\\/#breadcrumb\"},\"inLanguage\":\"en-US\",\"potentialAction\":[{\"@type\":\"ReadAction\",\"target\":[\"https:\\\/\\\/eamt.ee\\\/en\\\/departments\\\/musicology\\\/musicology\\\/masters-studies\\\/admission\\\/\"]}]},{\"@type\":\"BreadcrumbList\",\"@id\":\"https:\\\/\\\/eamt.ee\\\/en\\\/departments\\\/musicology\\\/musicology\\\/masters-studies\\\/admission\\\/#breadcrumb\",\"itemListElement\":[{\"@type\":\"ListItem\",\"position\":1,\"name\":\"Home\",\"item\":\"https:\\\/\\\/eamt.ee\\\/en\\\/\"},{\"@type\":\"ListItem\",\"position\":2,\"name\":\"Departments\",\"item\":\"https:\\\/\\\/eamt.ee\\\/en\\\/departments\\\/\"},{\"@type\":\"ListItem\",\"position\":3,\"name\":\"Musicology, Music Pedagogy and Cultural Management\",\"item\":\"https:\\\/\\\/eamt.ee\\\/en\\\/departments\\\/musicology\\\/\"},{\"@type\":\"ListItem\",\"position\":4,\"name\":\"Music Culture and Musicology\",\"item\":\"https:\\\/\\\/eamt.ee\\\/en\\\/departments\\\/musicology\\\/musicology\\\/\"},{\"@type\":\"ListItem\",\"position\":5,\"name\":\"Master&#8217;s Studies\",\"item\":\"https:\\\/\\\/eamt.ee\\\/en\\\/departments\\\/musicology\\\/musicology\\\/masters-studies\\\/\"},{\"@type\":\"ListItem\",\"position\":6,\"name\":\"Admission\"}]},{\"@type\":\"WebSite\",\"@id\":\"https:\\\/\\\/eamt.ee\\\/en\\\/#website\",\"url\":\"https:\\\/\\\/eamt.ee\\\/en\\\/\",\"name\":\"Estonian Academy of Music and Theatre\",\"description\":\"\",\"potentialAction\":[{\"@type\":\"SearchAction\",\"target\":{\"@type\":\"EntryPoint\",\"urlTemplate\":\"https:\\\/\\\/eamt.ee\\\/en\\\/?s={search_term_string}\"},\"query-input\":{\"@type\":\"PropertyValueSpecification\",\"valueRequired\":true,\"valueName\":\"search_term_string\"}}],\"inLanguage\":\"en-US\"}]}<\/script>\n<!-- \/ Yoast SEO plugin. -->","yoast_head_json":{"title":"Admission | Estonian Academy of Music and Theatre","robots":{"index":"index","follow":"follow","max-snippet":"max-snippet:-1","max-image-preview":"max-image-preview:large","max-video-preview":"max-video-preview:-1"},"canonical":"https:\/\/eamt.ee\/en\/departments\/musicology\/musicology\/masters-studies\/admission\/","og_locale":"en_US","og_type":"article","og_title":"Admission | Estonian Academy of Music and Theatre","og_url":"https:\/\/eamt.ee\/en\/departments\/musicology\/musicology\/masters-studies\/admission\/","og_site_name":"Estonian Academy of Music and Theatre","article_modified_time":"2024-01-08T14:54:59+00:00","og_image":[{"width":2500,"height":1667,"url":"https:\/\/eamt.ee\/wp-content\/uploads\/2020\/10\/R_K_9273.jpg","type":"image\/jpeg"}],"twitter_card":"summary_large_image","schema":{"@context":"https:\/\/schema.org","@graph":[{"@type":"WebPage","@id":"https:\/\/eamt.ee\/en\/departments\/musicology\/musicology\/masters-studies\/admission\/","url":"https:\/\/eamt.ee\/en\/departments\/musicology\/musicology\/masters-studies\/admission\/","name":"Admission | Estonian Academy of Music and Theatre","isPartOf":{"@id":"https:\/\/eamt.ee\/en\/#website"},"datePublished":"2020-09-07T13:46:22+00:00","dateModified":"2024-01-08T14:54:59+00:00","breadcrumb":{"@id":"https:\/\/eamt.ee\/en\/departments\/musicology\/musicology\/masters-studies\/admission\/#breadcrumb"},"inLanguage":"en-US","potentialAction":[{"@type":"ReadAction","target":["https:\/\/eamt.ee\/en\/departments\/musicology\/musicology\/masters-studies\/admission\/"]}]},{"@type":"BreadcrumbList","@id":"https:\/\/eamt.ee\/en\/departments\/musicology\/musicology\/masters-studies\/admission\/#breadcrumb","itemListElement":[{"@type":"ListItem","position":1,"name":"Home","item":"https:\/\/eamt.ee\/en\/"},{"@type":"ListItem","position":2,"name":"Departments","item":"https:\/\/eamt.ee\/en\/departments\/"},{"@type":"ListItem","position":3,"name":"Musicology, Music Pedagogy and Cultural Management","item":"https:\/\/eamt.ee\/en\/departments\/musicology\/"},{"@type":"ListItem","position":4,"name":"Music Culture and Musicology","item":"https:\/\/eamt.ee\/en\/departments\/musicology\/musicology\/"},{"@type":"ListItem","position":5,"name":"Master&#8217;s Studies","item":"https:\/\/eamt.ee\/en\/departments\/musicology\/musicology\/masters-studies\/"},{"@type":"ListItem","position":6,"name":"Admission"}]},{"@type":"WebSite","@id":"https:\/\/eamt.ee\/en\/#website","url":"https:\/\/eamt.ee\/en\/","name":"Estonian Academy of Music and Theatre","description":"","potentialAction":[{"@type":"SearchAction","target":{"@type":"EntryPoint","urlTemplate":"https:\/\/eamt.ee\/en\/?s={search_term_string}"},"query-input":{"@type":"PropertyValueSpecification","valueRequired":true,"valueName":"search_term_string"}}],"inLanguage":"en-US"}]}},"_links":{"self":[{"href":"https:\/\/eamt.ee\/en\/wp-json\/wp\/v2\/pages\/5316","targetHints":{"allow":["GET"]}}],"collection":[{"href":"https:\/\/eamt.ee\/en\/wp-json\/wp\/v2\/pages"}],"about":[{"href":"https:\/\/eamt.ee\/en\/wp-json\/wp\/v2\/types\/page"}],"author":[{"embeddable":true,"href":"https:\/\/eamt.ee\/en\/wp-json\/wp\/v2\/users\/3"}],"replies":[{"embeddable":true,"href":"https:\/\/eamt.ee\/en\/wp-json\/wp\/v2\/comments?post=5316"}],"version-history":[{"count":5,"href":"https:\/\/eamt.ee\/en\/wp-json\/wp\/v2\/pages\/5316\/revisions"}],"predecessor-version":[{"id":42602,"href":"https:\/\/eamt.ee\/en\/wp-json\/wp\/v2\/pages\/5316\/revisions\/42602"}],"up":[{"embeddable":true,"href":"https:\/\/eamt.ee\/en\/wp-json\/wp\/v2\/pages\/5313"}],"wp:attachment":[{"href":"https:\/\/eamt.ee\/en\/wp-json\/wp\/v2\/media?parent=5316"}],"curies":[{"name":"wp","href":"https:\/\/api.w.org\/{rel}","templated":true}]}}