{"id":5329,"date":"2020-09-12T15:18:08","date_gmt":"2020-09-12T12:18:08","guid":{"rendered":"https:\/\/eamt.ee\/departments\/musicology\/music-education\/bachelors-studies\/sisseastumine\/"},"modified":"2026-03-27T11:05:39","modified_gmt":"2026-03-27T09:05:39","slug":"sisseastumine","status":"publish","type":"page","link":"https:\/\/eamt.ee\/en\/departments\/musicology\/music-pedagogy\/bachelors-studies\/sisseastumine\/","title":{"rendered":"Admission"},"content":{"rendered":"","protected":false},"excerpt":{"rendered":"","protected":false},"author":3,"featured_media":0,"parent":5326,"menu_order":1,"comment_status":"closed","ping_status":"closed","template":"","meta":{"_acf_changed":false,"footnotes":""},"class_list":["post-5329","page","type-page","status-publish","hentry"],"acf":{"is_not_a_page":false,"post_image":false,"page_content":[{"acf_fc_layout":"nupp","button_text":"ADMISSION DATES","button_url":"https:\/\/eamt.ee\/en\/admissions\/admission-dates\/","button_color":"blue","new_tab":false},{"acf_fc_layout":"tekstikast","page_text":"<p>Music Education Programme is currently only offered in Estonian.<\/p>\n<p>Admission Requirements in Estonian:<\/p>\n<p>2026\/2027 \u00f5ppeaastal avatakse lisaks statsionaar\u00f5ppele ka sessioon\u00f5pe koorimuusika suunal (\u00f5ppet\u00f6\u00f6 toimub \u00fcldjuhul N ja R + koolivaheaegadel ka muudel p\u00e4evadel). Grupp avatakse, kui immatrikuleeritakse v\u00e4hemalt 6 \u00fcli\u00f5pilast.<\/p>\n<p><b>KOORIMUUSIKA SPETSIALISEERUMINE<\/b><\/p>\n<p>1. Eriala eksam koosneb j\u00e4rgmistest komponentidest:<\/p>\n<ul>\n<li>laulmine ja klaverisaade &#8211; \u00fcli\u00f5pilaskandidaat:\n<ul>\n<li>esitab peast vabalt valitud saateta laulu (nt rahvalaulu);<\/li>\n<li>esitab peast vabalt valitud lastelaulu klaverisaate m\u00e4ngides kaasa meloodiat (ise mitte kaasa lauldes).<\/li>\n<\/ul>\n<\/li>\n<li>pillim\u00e4nguoskuse kontroll \u2013 \u00fcli\u00f5pilaskandidaat esitab peast \u00fche klassikalisest repertuaarist p\u00e4rit pala klaveril;<\/li>\n<li>vestlus, milles \u00fcli\u00f5pilaskandidaat demonstreerib oma eeldusi t\u00f6\u00f6tamiseks \u00f5petajana ning oskusi arutleda muusika ja hariduse \u00fcldistel teemadel (k\u00fcsimused tuginevad p\u00f5hiliselt g\u00fcmnaasiumi muusika aines \u00f5pitule, kuid eeldatakse ka algteadmisi koori- ja koolimuusika vallas ning Eesti muusikaeluga kursis olemist).<\/li>\n<\/ul>\n<p>&nbsp;<\/p>\n<p><b>R\u00dcTMIMUUSIKA SPETSIALISEERUMINE<\/b> (v.a. sessioon\u00f5ppes)<br \/>\n<i>(R\u00fctmimuusika suund avaneb kui immatrikuleeritakse v\u00e4hemalt 4 \u00fcli\u00f5pilast)<\/i><\/p>\n<p>1. Eriala eksam koosneb j\u00e4rgmistest komponentidest:<\/p>\n<ul>\n<li>Laulmine ja klaverisaade \u2013 \u00fcli\u00f5pilaskandidaat:\n<ul>\n<li>Esitab kaks erineva iseloomuga laulu instrumendi saatel. V\u00f5ib kasutada oma kontsertmeistrit v\u00f5i ise saata. V\u00e4hemalt \u00fches laulus ka improviseerib.<\/li>\n<li>Sooritab j\u00e4rellaulmise testi (imiteerib ettem\u00e4ngitud meloodiat).<\/li>\n<li>Improviseerib 12-taktilise bluesi\u00a0vormis klaveri saatel (saadet m\u00e4ngib \u00f5ppej\u00f5ud).<\/li>\n<li>Klaverisaade \u2013 \u00fcli\u00f5pilaskandidaat esitab peast vabalt valitud lastelaulu klaverisaate, m\u00e4ngides kaasa meloodiat (ise mitte kaasa lauldes).<\/li>\n<\/ul>\n<\/li>\n<\/ul>\n<div class=\"moz-forward-container\"><\/div>\n<ul>\n<li>Vestlus, milles \u00fcli\u00f5pilaskandidaat demonstreerib oma eeldusi t\u00f6\u00f6tamiseks \u00f5petajana ning oskusi arutleda muusika ja hariduse \u00fcldistel teemadel (k\u00fcsimused tuginevad p\u00f5hiliselt g\u00fcmnaasiumi muusika aines \u00f5pitule, kuid eeldatakse ka algteadmisi r\u00fctmimuusika stiilide, koosseisude ja koolimuusika vallas ning Eesti muusikaeluga kursis olemist).<\/li>\n<\/ul>\n<p>&nbsp;<\/p>\n<p><strong>Eksamikomisjon hindab ja arvestab:<\/strong><\/p>\n<ul>\n<li>pillim\u00e4ngu ja laulmise puhul esituse ladusust ja v\u00e4ljenduslikkust, samuti soorituse vastavust eelnevalt omandatud haridusele;<\/li>\n<li>enesev\u00e4ljendus- ja arutlemisoskust;<\/li>\n<li>suhtlemisoskust ja motiveeritust pedagoogiliseks t\u00f6\u00f6ks;<\/li>\n<li>\u00fcldkultuuriliste ja muusikaalaste teadmiste taset.<\/li>\n<\/ul>\n"},{"acf_fc_layout":"tekstikast","page_text":"<h1>2. Muusikateooria<\/h1>\n<hr \/>\n<p><a href=\"https:\/\/eamt.ee\/sisseastumine\/muusikateooria-katse\/\" target=\"_blank\" rel=\"noopener\">Muusikateooria katsest l\u00e4hemalt<\/a><\/p>\n<p>Sisseastumiseksamit hinnatakse skaalal 0\u201310 punkti. Vastuv\u00f5tun\u00f5uete t\u00e4itmiseks (eksami positiivseks tulemuseks) on vaja koguda v\u00e4hemalt 5 punkti.<\/p>\n<p>Muusikateooria katset hinnatakse skaalal 0-5 punkti. Vastuv\u00f5tun\u00f5uete t\u00e4itmiseks on katsel vaja koguda v\u00e4hemalt 1 punkt.<\/p>\n<p>Paremusj\u00e4rjestuse koostamisel muusikateooria katse punkte ei arvestata.<\/p>\n"}],"side_title":"","side_info":"","add_people":false,"add_news":false,"add_events":false,"is_drama_page":false,"is_cppm_page":false,"is_hidden":false,"show_in_sub_menu":false,"dont_show_img":false,"mobile_show_side":false,"side_links_title":"","side_links":false,"dont_show_auto_gen":false,"is_hidden_submenu":false},"yoast_head":"<!-- This site is optimized with the Yoast SEO plugin v27.3 - https:\/\/yoast.com\/product\/yoast-seo-wordpress\/ -->\n<title>Admission | Estonian Academy of Music and Theatre<\/title>\n<meta name=\"robots\" content=\"index, follow, max-snippet:-1, max-image-preview:large, max-video-preview:-1\" \/>\n<link rel=\"canonical\" href=\"https:\/\/eamt.ee\/en\/departments\/musicology\/music-pedagogy\/bachelors-studies\/sisseastumine\/\" \/>\n<meta property=\"og:locale\" content=\"en_US\" \/>\n<meta property=\"og:type\" content=\"article\" \/>\n<meta property=\"og:title\" content=\"Admission | Estonian Academy of Music and Theatre\" \/>\n<meta property=\"og:url\" content=\"https:\/\/eamt.ee\/en\/departments\/musicology\/music-pedagogy\/bachelors-studies\/sisseastumine\/\" \/>\n<meta property=\"og:site_name\" content=\"Estonian Academy of Music and Theatre\" \/>\n<meta property=\"article:modified_time\" content=\"2026-03-27T09:05:39+00:00\" \/>\n<meta property=\"og:image\" content=\"https:\/\/eamt.ee\/wp-content\/uploads\/2020\/10\/R_K_9273.jpg\" \/>\n\t<meta property=\"og:image:width\" content=\"2500\" \/>\n\t<meta property=\"og:image:height\" content=\"1667\" \/>\n\t<meta property=\"og:image:type\" content=\"image\/jpeg\" \/>\n<meta name=\"twitter:card\" content=\"summary_large_image\" \/>\n<script type=\"application\/ld+json\" class=\"yoast-schema-graph\">{\"@context\":\"https:\\\/\\\/schema.org\",\"@graph\":[{\"@type\":\"WebPage\",\"@id\":\"https:\\\/\\\/eamt.ee\\\/en\\\/departments\\\/musicology\\\/music-pedagogy\\\/bachelors-studies\\\/sisseastumine\\\/\",\"url\":\"https:\\\/\\\/eamt.ee\\\/en\\\/departments\\\/musicology\\\/music-pedagogy\\\/bachelors-studies\\\/sisseastumine\\\/\",\"name\":\"Admission | Estonian Academy of Music and Theatre\",\"isPartOf\":{\"@id\":\"https:\\\/\\\/eamt.ee\\\/en\\\/#website\"},\"datePublished\":\"2020-09-12T12:18:08+00:00\",\"dateModified\":\"2026-03-27T09:05:39+00:00\",\"breadcrumb\":{\"@id\":\"https:\\\/\\\/eamt.ee\\\/en\\\/departments\\\/musicology\\\/music-pedagogy\\\/bachelors-studies\\\/sisseastumine\\\/#breadcrumb\"},\"inLanguage\":\"en-US\",\"potentialAction\":[{\"@type\":\"ReadAction\",\"target\":[\"https:\\\/\\\/eamt.ee\\\/en\\\/departments\\\/musicology\\\/music-pedagogy\\\/bachelors-studies\\\/sisseastumine\\\/\"]}]},{\"@type\":\"BreadcrumbList\",\"@id\":\"https:\\\/\\\/eamt.ee\\\/en\\\/departments\\\/musicology\\\/music-pedagogy\\\/bachelors-studies\\\/sisseastumine\\\/#breadcrumb\",\"itemListElement\":[{\"@type\":\"ListItem\",\"position\":1,\"name\":\"Home\",\"item\":\"https:\\\/\\\/eamt.ee\\\/en\\\/\"},{\"@type\":\"ListItem\",\"position\":2,\"name\":\"Departments\",\"item\":\"https:\\\/\\\/eamt.ee\\\/en\\\/departments\\\/\"},{\"@type\":\"ListItem\",\"position\":3,\"name\":\"Musicology, Music Pedagogy and Cultural Management\",\"item\":\"https:\\\/\\\/eamt.ee\\\/en\\\/departments\\\/musicology\\\/\"},{\"@type\":\"ListItem\",\"position\":4,\"name\":\"Music Pedagogy\",\"item\":\"https:\\\/\\\/eamt.ee\\\/en\\\/departments\\\/musicology\\\/music-pedagogy\\\/\"},{\"@type\":\"ListItem\",\"position\":5,\"name\":\"Bachelor&#8217;s Studies\",\"item\":\"https:\\\/\\\/eamt.ee\\\/en\\\/erialad\\\/muusikateadus\\\/muusikapedagoogika\\\/bakalaureuseope\\\/\"},{\"@type\":\"ListItem\",\"position\":6,\"name\":\"Admission\"}]},{\"@type\":\"WebSite\",\"@id\":\"https:\\\/\\\/eamt.ee\\\/en\\\/#website\",\"url\":\"https:\\\/\\\/eamt.ee\\\/en\\\/\",\"name\":\"Estonian Academy of Music and Theatre\",\"description\":\"\",\"potentialAction\":[{\"@type\":\"SearchAction\",\"target\":{\"@type\":\"EntryPoint\",\"urlTemplate\":\"https:\\\/\\\/eamt.ee\\\/en\\\/?s={search_term_string}\"},\"query-input\":{\"@type\":\"PropertyValueSpecification\",\"valueRequired\":true,\"valueName\":\"search_term_string\"}}],\"inLanguage\":\"en-US\"}]}<\/script>\n<!-- \/ Yoast SEO plugin. -->","yoast_head_json":{"title":"Admission | Estonian Academy of Music and Theatre","robots":{"index":"index","follow":"follow","max-snippet":"max-snippet:-1","max-image-preview":"max-image-preview:large","max-video-preview":"max-video-preview:-1"},"canonical":"https:\/\/eamt.ee\/en\/departments\/musicology\/music-pedagogy\/bachelors-studies\/sisseastumine\/","og_locale":"en_US","og_type":"article","og_title":"Admission | Estonian Academy of Music and Theatre","og_url":"https:\/\/eamt.ee\/en\/departments\/musicology\/music-pedagogy\/bachelors-studies\/sisseastumine\/","og_site_name":"Estonian Academy of Music and Theatre","article_modified_time":"2026-03-27T09:05:39+00:00","og_image":[{"width":2500,"height":1667,"url":"https:\/\/eamt.ee\/wp-content\/uploads\/2020\/10\/R_K_9273.jpg","type":"image\/jpeg"}],"twitter_card":"summary_large_image","schema":{"@context":"https:\/\/schema.org","@graph":[{"@type":"WebPage","@id":"https:\/\/eamt.ee\/en\/departments\/musicology\/music-pedagogy\/bachelors-studies\/sisseastumine\/","url":"https:\/\/eamt.ee\/en\/departments\/musicology\/music-pedagogy\/bachelors-studies\/sisseastumine\/","name":"Admission | Estonian Academy of Music and Theatre","isPartOf":{"@id":"https:\/\/eamt.ee\/en\/#website"},"datePublished":"2020-09-12T12:18:08+00:00","dateModified":"2026-03-27T09:05:39+00:00","breadcrumb":{"@id":"https:\/\/eamt.ee\/en\/departments\/musicology\/music-pedagogy\/bachelors-studies\/sisseastumine\/#breadcrumb"},"inLanguage":"en-US","potentialAction":[{"@type":"ReadAction","target":["https:\/\/eamt.ee\/en\/departments\/musicology\/music-pedagogy\/bachelors-studies\/sisseastumine\/"]}]},{"@type":"BreadcrumbList","@id":"https:\/\/eamt.ee\/en\/departments\/musicology\/music-pedagogy\/bachelors-studies\/sisseastumine\/#breadcrumb","itemListElement":[{"@type":"ListItem","position":1,"name":"Home","item":"https:\/\/eamt.ee\/en\/"},{"@type":"ListItem","position":2,"name":"Departments","item":"https:\/\/eamt.ee\/en\/departments\/"},{"@type":"ListItem","position":3,"name":"Musicology, Music Pedagogy and Cultural Management","item":"https:\/\/eamt.ee\/en\/departments\/musicology\/"},{"@type":"ListItem","position":4,"name":"Music Pedagogy","item":"https:\/\/eamt.ee\/en\/departments\/musicology\/music-pedagogy\/"},{"@type":"ListItem","position":5,"name":"Bachelor&#8217;s Studies","item":"https:\/\/eamt.ee\/en\/erialad\/muusikateadus\/muusikapedagoogika\/bakalaureuseope\/"},{"@type":"ListItem","position":6,"name":"Admission"}]},{"@type":"WebSite","@id":"https:\/\/eamt.ee\/en\/#website","url":"https:\/\/eamt.ee\/en\/","name":"Estonian Academy of Music and Theatre","description":"","potentialAction":[{"@type":"SearchAction","target":{"@type":"EntryPoint","urlTemplate":"https:\/\/eamt.ee\/en\/?s={search_term_string}"},"query-input":{"@type":"PropertyValueSpecification","valueRequired":true,"valueName":"search_term_string"}}],"inLanguage":"en-US"}]}},"_links":{"self":[{"href":"https:\/\/eamt.ee\/en\/wp-json\/wp\/v2\/pages\/5329","targetHints":{"allow":["GET"]}}],"collection":[{"href":"https:\/\/eamt.ee\/en\/wp-json\/wp\/v2\/pages"}],"about":[{"href":"https:\/\/eamt.ee\/en\/wp-json\/wp\/v2\/types\/page"}],"author":[{"embeddable":true,"href":"https:\/\/eamt.ee\/en\/wp-json\/wp\/v2\/users\/3"}],"replies":[{"embeddable":true,"href":"https:\/\/eamt.ee\/en\/wp-json\/wp\/v2\/comments?post=5329"}],"version-history":[{"count":12,"href":"https:\/\/eamt.ee\/en\/wp-json\/wp\/v2\/pages\/5329\/revisions"}],"predecessor-version":[{"id":62922,"href":"https:\/\/eamt.ee\/en\/wp-json\/wp\/v2\/pages\/5329\/revisions\/62922"}],"up":[{"embeddable":true,"href":"https:\/\/eamt.ee\/en\/wp-json\/wp\/v2\/pages\/5326"}],"wp:attachment":[{"href":"https:\/\/eamt.ee\/en\/wp-json\/wp\/v2\/media?parent=5329"}],"curies":[{"name":"wp","href":"https:\/\/api.w.org\/{rel}","templated":true}]}}