{"id":5350,"date":"2020-09-12T15:13:15","date_gmt":"2020-09-12T12:13:15","guid":{"rendered":"https:\/\/eamt.ee\/departments\/musicology\/instrumental-and-vocal-pedagogy\/bachelors-studies\/sisseastumine\/"},"modified":"2024-01-08T16:52:59","modified_gmt":"2024-01-08T14:52:59","slug":"admission","status":"publish","type":"page","link":"https:\/\/eamt.ee\/en\/departments\/musicology\/instrumental-and-vocal-pedagogy\/bachelors-studies\/admission\/","title":{"rendered":"Admission"},"content":{"rendered":"","protected":false},"excerpt":{"rendered":"","protected":false},"author":3,"featured_media":0,"parent":5347,"menu_order":1,"comment_status":"closed","ping_status":"closed","template":"","meta":{"_acf_changed":false,"footnotes":""},"class_list":["post-5350","page","type-page","status-publish","hentry"],"acf":{"is_not_a_page":false,"post_image":false,"page_content":[{"acf_fc_layout":"nupp","button_text":"ADMISSION DATES","button_url":"https:\/\/eamt.ee\/en\/admissions\/admission-dates\/","button_color":"blue","new_tab":false},{"acf_fc_layout":"tekstikast","page_text":"<p>Instrumental and Vocal Pedagogy Programme is currently only offered in Estonian.<\/p>\n<p>Admission Requirements in Estonian:<\/p>\n<h1><span class=\"font11px_1\">1. Eriala<\/span><\/h1>\n<hr \/>\n<p><strong>A &#8211; Erialainstrument<\/strong><\/p>\n<p><b>\u00dcli\u00f5pilaskandidaat peab peast esitama alltoodud n\u00f5uetele ja kandidaadi v\u00f5imetele vastava kava.<br \/>\n<\/b><\/p>\n<p><strong>Klahvpill<\/strong><\/p>\n<ul>\n<li style=\"list-style-type: none;\">\n<ul>\n<li><b>klaver<\/b>\n<ul>\n<li>pol\u00fcfooniline teos (soovitavalt originaalis)<\/li>\n<li>suurvorm (ulatusliku sonaadi v\u00f5i kontserdi puhul v\u00f5ib esitada I v\u00f5i II+III osa)<\/li>\n<li>et\u00fc\u00fcd<\/li>\n<\/ul>\n<\/li>\n<li><strong>klavessiin<br \/>\n<\/strong><\/p>\n<ul>\n<li>2 sonaati (D. Scarlatti)<\/li>\n<li>2 v\u00e4ikevormis teost (J. S. Bach v\u00f5i 16.-18. saj tantsud)<\/li>\n<\/ul>\n<\/li>\n<li><strong>akordion<\/strong>\n<ul>\n<li>pol\u00fcfooniline teos<\/li>\n<li>tehniline pala v\u00f5i et\u00fc\u00fcd<\/li>\n<li>teos vabal valikul<\/li>\n<\/ul>\n<\/li>\n<\/ul>\n<\/li>\n<\/ul>\n<p><strong>Keelpill<\/strong><\/p>\n<ul>\n<li style=\"list-style-type: none;\">\n<ul>\n<li><strong>viiul<\/strong>\n<ul>\n<li>et\u00fc\u00fcd<\/li>\n<li>2 osa J. S. Bachi v\u00f5i G. Ph. Telemanni sonaadist v\u00f5i partiitast sooloviiulile<\/li>\n<li>I v\u00f5i II+III osa kontserdist<\/li>\n<li>pala<\/li>\n<\/ul>\n<\/li>\n<li><strong>altviiul (vioola)<\/strong>\n<ul>\n<li>et\u00fc\u00fcd<\/li>\n<li>1 osa J. S. Bachi sonaadist v\u00f5i partiitast sooloviiulile v\u00f5i soolot\u0161ellole<\/li>\n<li>1 osa kontserdist v\u00f5i sonaadist<\/li>\n<li>pala<\/li>\n<\/ul>\n<\/li>\n<li><strong>t\u0161ello<\/strong>\n<ul>\n<li>et\u00fc\u00fcd<\/li>\n<li>2 osa J. S. Bachi partiitast soolot\u0161ellole<\/li>\n<li>1 osa kontserdist v\u00f5i klassikalisest sonaadist<\/li>\n<li>pala<\/li>\n<\/ul>\n<\/li>\n<li><strong>kontrabass<\/strong>\n<ul>\n<li>et\u00fc\u00fcd<\/li>\n<li>keskmise raskusastmega teos<\/li>\n<\/ul>\n<\/li>\n<li><strong>kitarr<\/strong>\n<ul>\n<li>et\u00fc\u00fcd<\/li>\n<li>suurvorm klassikalisest kitarrimuusikast<\/li>\n<li>karakterpala<\/li>\n<\/ul>\n<\/li>\n<li><strong>kannel<\/strong>\n<ul>\n<li>2 teost vabal valikul<\/li>\n<li>tehniline pala v\u00f5i et\u00fc\u00fcd<\/li>\n<\/ul>\n<\/li>\n<\/ul>\n<\/li>\n<\/ul>\n<p><strong>Puhkpill\u00a0<\/strong>(v.a plokkfl\u00f6\u00f6t)<\/p>\n<ul>\n<li style=\"list-style-type: none;\">\n<ul>\n<li>2 erineva tehnikaga et\u00fc\u00fcdi<\/li>\n<li>suurvorm (I v\u00f5i II+III osa kontserdist v\u00f5i sonaadist)<\/li>\n<li>pala<\/li>\n<\/ul>\n<\/li>\n<\/ul>\n<p><b>Plokkfl\u00f6\u00f6t<\/b><\/p>\n<ul>\n<li style=\"list-style-type: none;\">\n<ul>\n<li><strong>sopranplokkfl\u00f6\u00f6t:<\/strong>\n<ul>\n<li>Jacob van Eycki variatsioonid kogumikust &#8220;Der Fluyten Lust-hof&#8221; v\u00f5i pala kaasaegsest repertuaarist v\u00f5i\u00a0<i>estampie.<\/i><\/li>\n<\/ul>\n<\/li>\n<li><strong>altplokkfl\u00f6\u00f6t:<\/strong>\n<ul>\n<li>v\u00e4hemalt 2 erineva karakteriga osa prantsuse stiilis barokks\u00fcidist v\u00f5i -sonaadist;<\/li>\n<li>v\u00e4hemalt 2 erineva karakteriga osa itaalia stiilis barokksonaadist.<\/li>\n<\/ul>\n<\/li>\n<\/ul>\n<\/li>\n<\/ul>\n<p><strong>Jazzmuusika<\/strong><\/p>\n<ul>\n<li style=\"list-style-type: none;\">\n<ul>\n<li><span style=\"font-weight: 400;\">kaks improvisatsiooni sisaldavat pala ansambli saatel (kestus ~10 min). EMTA ei garanteeri sisseastujale saateansamblit. <\/span>Interpretatsioonipedagoogika (jazzmuusika) sisseastumiseksamil toimuvad eriala, kollokvium ja muusikateooria katse j\u00e4rjest ning samale eksamikomisjonile.<\/li>\n<\/ul>\n<\/li>\n<\/ul>\n<p>&nbsp;<\/p>\n<p><strong>B &#8211; Kollokvium<\/strong><\/p>\n<p><strong>Eksamikomisjon kontrollib suulise vestluse<\/strong>\u00a0(kollokviumi)<strong>\u00a0k\u00e4igus kandidaadi teadmisi kitsamas erialavaldkonnas, orienteerumist \u00fcldkultuurilistes k\u00fcsimustes ning eeldusi pedagoogiliseks t\u00f6\u00f6ks.<br \/>\n<\/strong><br \/>\nEksamikomisjon hindab ja arvestab:<\/p>\n<ul>\n<li>esituse ladusust ja korrektsust;<\/li>\n<li>esituse v\u00e4ljenduslikkust ja karakterite kujundamise oskust;<\/li>\n<li>oskust valitud repertuaari ulatuses vallata erinevaid erialaspetsiifilisi tehnilisi v\u00f5tteid;<\/li>\n<li>enesev\u00e4ljendus- ja arutlemisoskust;<\/li>\n<li>suhtlemisoskust ja motiveeritust pedagoogiliseks t\u00f6\u00f6ks;<\/li>\n<li>kandidaadi orienteerumist \u00fcldkultuurilistes ja erialaspetsiifilistes k\u00fcsimustes;<\/li>\n<li><span style=\"font-weight: 400;\">koost\u00f6\u00f6v\u00f5imet kaasm\u00e4ngijatega ning improviseerimise v\u00e4ljenduslikke aspekte ja ladusust (jazzmuusika).\u00a0<\/span><\/li>\n<\/ul>\n"},{"acf_fc_layout":"tekstikast","page_text":"<h1>2. Muusikateooria<\/h1>\n<hr \/>\n<p><a href=\"https:\/\/eamt.ee\/sisseastumine\/muusikateooria-katse\/\" target=\"_blank\" rel=\"noopener\">Muusikateooria katsest l\u00e4hemalt<\/a><em> (klaver, klavessiin, keelpill, puhkpill, plokkfl\u00f6\u00f6t, akordion, kannel)<\/em><\/p>\n<p>Sisseastumiseksamit hinnatakse skaalal 0\u201310 punkti. Vastuv\u00f5tun\u00f5uete t\u00e4itmiseks (eksami positiivseks tulemuseks) on vaja koguda v\u00e4hemalt 5 punkti. Muusikateooria katset hinnatakse skaalal 0-5 punkti. Vastuv\u00f5tun\u00f5uete t\u00e4itmiseks on katsel vaja koguda v\u00e4hemalt 1 punkt. Paremusj\u00e4rjestuse koostamisel muusikateooria katse punkte ei arvestata.<\/p>\n<p>&nbsp;<\/p>\n<p><strong>Muusikateooria katse<\/strong><em> (jazzmuusika)<\/em><\/p>\n<ul>\n<li><span style=\"font-weight: 400;\">Lugeda noodist <\/span><i><span style=\"font-weight: 400;\">prima vista<\/span><\/i><span style=\"font-weight: 400;\"> (kestus ~3 min)<\/span>\n<ul>\n<li><span style=\"font-size: inherit;\">meloodia<\/span><\/li>\n<li>akordid M7, 7, m7, m7b5, dim<\/li>\n<\/ul>\n<\/li>\n<li>Sooritada kuulamise ja j\u00e4rgim\u00e4ngimise test (kestus ~10 min), mis sisaldab:\n<ul>\n<li><span style=\"font-weight: 400;\">k\u00f5rva j\u00e4rgi improvisatsiooni saateharmooniale<\/span><\/li>\n<li>meloodia ja harmoonia imitatsiooni pillil (trummaritele r\u00fctmiimitatsioon)<\/li>\n<\/ul>\n<\/li>\n<li>M\u00e4ngida klaveril noodist <em>prima vista<\/em> lihtne akordij\u00e4rgnevus (M7, 7, m7) kuni kahe v\u00f5tmem\u00e4rgiga helistikus (kestus <span style=\"font-weight: 400;\">~3 min)<\/span><\/li>\n<\/ul>\n"}],"side_title":"","side_info":"","add_people":false,"add_news":false,"add_events":false,"is_drama_page":false,"is_cppm_page":false,"is_hidden":false,"show_in_sub_menu":false,"dont_show_img":false,"mobile_show_side":false,"side_links_title":"","dont_show_auto_gen":false,"side_links":false},"yoast_head":"<!-- This site is optimized with the Yoast SEO plugin v27.2 - https:\/\/yoast.com\/product\/yoast-seo-wordpress\/ -->\n<title>Admission | Estonian Academy of Music and Theatre<\/title>\n<meta name=\"robots\" content=\"index, follow, max-snippet:-1, max-image-preview:large, max-video-preview:-1\" \/>\n<link rel=\"canonical\" href=\"https:\/\/eamt.ee\/en\/departments\/musicology\/instrumental-and-vocal-pedagogy\/bachelors-studies\/admission\/\" \/>\n<meta property=\"og:locale\" content=\"en_US\" \/>\n<meta property=\"og:type\" content=\"article\" \/>\n<meta property=\"og:title\" content=\"Admission | Estonian Academy of Music and Theatre\" \/>\n<meta property=\"og:url\" content=\"https:\/\/eamt.ee\/en\/departments\/musicology\/instrumental-and-vocal-pedagogy\/bachelors-studies\/admission\/\" \/>\n<meta property=\"og:site_name\" content=\"Estonian Academy of Music and Theatre\" \/>\n<meta property=\"article:modified_time\" content=\"2024-01-08T14:52:59+00:00\" \/>\n<meta property=\"og:image\" content=\"https:\/\/eamt.ee\/wp-content\/uploads\/2020\/10\/R_K_9273.jpg\" \/>\n\t<meta property=\"og:image:width\" content=\"2500\" \/>\n\t<meta property=\"og:image:height\" content=\"1667\" \/>\n\t<meta property=\"og:image:type\" content=\"image\/jpeg\" \/>\n<meta name=\"twitter:card\" content=\"summary_large_image\" \/>\n<script type=\"application\/ld+json\" class=\"yoast-schema-graph\">{\"@context\":\"https:\/\/schema.org\",\"@graph\":[{\"@type\":\"WebPage\",\"@id\":\"https:\/\/eamt.ee\/en\/departments\/musicology\/instrumental-and-vocal-pedagogy\/bachelors-studies\/admission\/\",\"url\":\"https:\/\/eamt.ee\/en\/departments\/musicology\/instrumental-and-vocal-pedagogy\/bachelors-studies\/admission\/\",\"name\":\"Admission | Estonian Academy of Music and Theatre\",\"isPartOf\":{\"@id\":\"https:\/\/eamt.ee\/en\/#website\"},\"datePublished\":\"2020-09-12T12:13:15+00:00\",\"dateModified\":\"2024-01-08T14:52:59+00:00\",\"breadcrumb\":{\"@id\":\"https:\/\/eamt.ee\/en\/departments\/musicology\/instrumental-and-vocal-pedagogy\/bachelors-studies\/admission\/#breadcrumb\"},\"inLanguage\":\"en-US\",\"potentialAction\":[{\"@type\":\"ReadAction\",\"target\":[\"https:\/\/eamt.ee\/en\/departments\/musicology\/instrumental-and-vocal-pedagogy\/bachelors-studies\/admission\/\"]}]},{\"@type\":\"BreadcrumbList\",\"@id\":\"https:\/\/eamt.ee\/en\/departments\/musicology\/instrumental-and-vocal-pedagogy\/bachelors-studies\/admission\/#breadcrumb\",\"itemListElement\":[{\"@type\":\"ListItem\",\"position\":1,\"name\":\"Home\",\"item\":\"https:\/\/eamt.ee\/en\/\"},{\"@type\":\"ListItem\",\"position\":2,\"name\":\"Departments\",\"item\":\"https:\/\/eamt.ee\/en\/departments\/\"},{\"@type\":\"ListItem\",\"position\":3,\"name\":\"Musicology, Music Pedagogy and Cultural Management\",\"item\":\"https:\/\/eamt.ee\/en\/departments\/musicology\/\"},{\"@type\":\"ListItem\",\"position\":4,\"name\":\"Instrumental and Vocal Pedagogy\",\"item\":\"https:\/\/eamt.ee\/en\/departments\/musicology\/instrumental-and-vocal-pedagogy\/\"},{\"@type\":\"ListItem\",\"position\":5,\"name\":\"Bachelor&#8217;s Studies\",\"item\":\"https:\/\/eamt.ee\/en\/departments\/musicology\/instrumental-and-vocal-pedagogy\/bachelors-studies\/\"},{\"@type\":\"ListItem\",\"position\":6,\"name\":\"Admission\"}]},{\"@type\":\"WebSite\",\"@id\":\"https:\/\/eamt.ee\/en\/#website\",\"url\":\"https:\/\/eamt.ee\/en\/\",\"name\":\"Estonian Academy of Music and Theatre\",\"description\":\"\",\"potentialAction\":[{\"@type\":\"SearchAction\",\"target\":{\"@type\":\"EntryPoint\",\"urlTemplate\":\"https:\/\/eamt.ee\/en\/?s={search_term_string}\"},\"query-input\":{\"@type\":\"PropertyValueSpecification\",\"valueRequired\":true,\"valueName\":\"search_term_string\"}}],\"inLanguage\":\"en-US\"}]}<\/script>\n<!-- \/ Yoast SEO plugin. -->","yoast_head_json":{"title":"Admission | Estonian Academy of Music and Theatre","robots":{"index":"index","follow":"follow","max-snippet":"max-snippet:-1","max-image-preview":"max-image-preview:large","max-video-preview":"max-video-preview:-1"},"canonical":"https:\/\/eamt.ee\/en\/departments\/musicology\/instrumental-and-vocal-pedagogy\/bachelors-studies\/admission\/","og_locale":"en_US","og_type":"article","og_title":"Admission | Estonian Academy of Music and Theatre","og_url":"https:\/\/eamt.ee\/en\/departments\/musicology\/instrumental-and-vocal-pedagogy\/bachelors-studies\/admission\/","og_site_name":"Estonian Academy of Music and Theatre","article_modified_time":"2024-01-08T14:52:59+00:00","og_image":[{"width":2500,"height":1667,"url":"https:\/\/eamt.ee\/wp-content\/uploads\/2020\/10\/R_K_9273.jpg","type":"image\/jpeg"}],"twitter_card":"summary_large_image","schema":{"@context":"https:\/\/schema.org","@graph":[{"@type":"WebPage","@id":"https:\/\/eamt.ee\/en\/departments\/musicology\/instrumental-and-vocal-pedagogy\/bachelors-studies\/admission\/","url":"https:\/\/eamt.ee\/en\/departments\/musicology\/instrumental-and-vocal-pedagogy\/bachelors-studies\/admission\/","name":"Admission | Estonian Academy of Music and Theatre","isPartOf":{"@id":"https:\/\/eamt.ee\/en\/#website"},"datePublished":"2020-09-12T12:13:15+00:00","dateModified":"2024-01-08T14:52:59+00:00","breadcrumb":{"@id":"https:\/\/eamt.ee\/en\/departments\/musicology\/instrumental-and-vocal-pedagogy\/bachelors-studies\/admission\/#breadcrumb"},"inLanguage":"en-US","potentialAction":[{"@type":"ReadAction","target":["https:\/\/eamt.ee\/en\/departments\/musicology\/instrumental-and-vocal-pedagogy\/bachelors-studies\/admission\/"]}]},{"@type":"BreadcrumbList","@id":"https:\/\/eamt.ee\/en\/departments\/musicology\/instrumental-and-vocal-pedagogy\/bachelors-studies\/admission\/#breadcrumb","itemListElement":[{"@type":"ListItem","position":1,"name":"Home","item":"https:\/\/eamt.ee\/en\/"},{"@type":"ListItem","position":2,"name":"Departments","item":"https:\/\/eamt.ee\/en\/departments\/"},{"@type":"ListItem","position":3,"name":"Musicology, Music Pedagogy and Cultural Management","item":"https:\/\/eamt.ee\/en\/departments\/musicology\/"},{"@type":"ListItem","position":4,"name":"Instrumental and Vocal Pedagogy","item":"https:\/\/eamt.ee\/en\/departments\/musicology\/instrumental-and-vocal-pedagogy\/"},{"@type":"ListItem","position":5,"name":"Bachelor&#8217;s Studies","item":"https:\/\/eamt.ee\/en\/departments\/musicology\/instrumental-and-vocal-pedagogy\/bachelors-studies\/"},{"@type":"ListItem","position":6,"name":"Admission"}]},{"@type":"WebSite","@id":"https:\/\/eamt.ee\/en\/#website","url":"https:\/\/eamt.ee\/en\/","name":"Estonian Academy of Music and Theatre","description":"","potentialAction":[{"@type":"SearchAction","target":{"@type":"EntryPoint","urlTemplate":"https:\/\/eamt.ee\/en\/?s={search_term_string}"},"query-input":{"@type":"PropertyValueSpecification","valueRequired":true,"valueName":"search_term_string"}}],"inLanguage":"en-US"}]}},"_links":{"self":[{"href":"https:\/\/eamt.ee\/en\/wp-json\/wp\/v2\/pages\/5350","targetHints":{"allow":["GET"]}}],"collection":[{"href":"https:\/\/eamt.ee\/en\/wp-json\/wp\/v2\/pages"}],"about":[{"href":"https:\/\/eamt.ee\/en\/wp-json\/wp\/v2\/types\/page"}],"author":[{"embeddable":true,"href":"https:\/\/eamt.ee\/en\/wp-json\/wp\/v2\/users\/3"}],"replies":[{"embeddable":true,"href":"https:\/\/eamt.ee\/en\/wp-json\/wp\/v2\/comments?post=5350"}],"version-history":[{"count":8,"href":"https:\/\/eamt.ee\/en\/wp-json\/wp\/v2\/pages\/5350\/revisions"}],"predecessor-version":[{"id":42595,"href":"https:\/\/eamt.ee\/en\/wp-json\/wp\/v2\/pages\/5350\/revisions\/42595"}],"up":[{"embeddable":true,"href":"https:\/\/eamt.ee\/en\/wp-json\/wp\/v2\/pages\/5347"}],"wp:attachment":[{"href":"https:\/\/eamt.ee\/en\/wp-json\/wp\/v2\/media?parent=5350"}],"curies":[{"name":"wp","href":"https:\/\/api.w.org\/{rel}","templated":true}]}}