{"id":5359,"date":"2020-09-12T15:16:22","date_gmt":"2020-09-12T12:16:22","guid":{"rendered":"https:\/\/eamt.ee\/departments\/musicology\/instrumental-and-vocal-pedagogy\/masters-studies\/sisseastumine\/"},"modified":"2024-01-08T16:52:41","modified_gmt":"2024-01-08T14:52:41","slug":"admission","status":"publish","type":"page","link":"https:\/\/eamt.ee\/en\/departments\/musicology\/instrumental-and-vocal-pedagogy\/masters-studies\/admission\/","title":{"rendered":"Admission"},"content":{"rendered":"","protected":false},"excerpt":{"rendered":"","protected":false},"author":3,"featured_media":0,"parent":5356,"menu_order":1,"comment_status":"closed","ping_status":"closed","template":"","meta":{"_acf_changed":false,"footnotes":""},"class_list":["post-5359","page","type-page","status-publish","hentry"],"acf":{"is_not_a_page":false,"post_image":false,"page_content":[{"acf_fc_layout":"nupp","button_text":"ADMISSION DATES","button_url":"https:\/\/eamt.ee\/en\/admissions\/admission-dates\/","button_color":"blue","new_tab":false},{"acf_fc_layout":"tekstikast","page_text":"<p>Instrumental and Vocal Pedagogy Programme is currently only offered in Estonian.<\/p>\n<p>Admission Requirements in Estonian:<\/p>\n<p>&nbsp;<\/p>\n<h1>1. Eriala<\/h1>\n<hr \/>\n<ul>\n<li>\u00dcli\u00f5pilaskandidaat peab koos sisseastumisdokumentidega (v\u00e4hemalt 5 p\u00e4eva enne eksamit) esitama kirjaliku t\u00f6\u00f6 erialaga seotud pedagoogilisel teemal (pedagoogilise praktika l\u00f5put\u00f6\u00f6 bakalaureuse\u00f5ppest, magistri\u00f5ppe pedagoogilise l\u00f5put\u00f6\u00f6 projekti vm) ning p\u00f5hjendama suuliselt selle teemavalikut, n\u00e4itama valitud temaatikas orienteerumist ja teemakohase kirjanduse ja repertuaari tundmist.<\/li>\n<li>\u00dcli\u00f5pilaskandidaat peab olema valmis esitama oma erialale vastava 20-30 min kestva stiililiselt mitmekesise kava. Kava esitamise vajadusest teavitatakse kandidaati hiljemalt eksamile eelneval p\u00e4eval.<\/li>\n<\/ul>\n<p>&nbsp;<\/p>\n<h1>2. Kutsesobivuskatse<\/h1>\n<hr \/>\n<ul>\n<li>Kutsesobivuskatse toimub vestluse (kollokviumi) vormis ning selle k\u00e4igus selgitatakse v\u00e4lja kandidaadi eeldused \u00f5petajana t\u00f6\u00f6tamiseks, sh suhtlus- ja enesev\u00e4ljendusoskus, eesti keele ja v\u00f5\u00f5rkeelte oskus, oskus kasutada kaasaegseid info- ja kommunikatsioonitehnoloogia v\u00f5imalusi ning valmidus meeskonnat\u00f6\u00f6ks ja edasiseks professionaalseks arenguks.<\/li>\n<\/ul>\n<p>&nbsp;<\/p>\n<p><strong>Eksamikomisjon hindab ja arvestab:<\/strong><\/p>\n<ul>\n<li>planeeritava uurimisteema kaasaegsust, k\u00e4sitletava materjali tundmist ning esitatud t\u00f6\u00f6 m\u00f5ttearenduse selgust ja keelelist korrektsust;<\/li>\n<li>kandidaadi pedagoogilise potentsiaali olemasolu ning\u00a0suhtlus- ja enesev\u00e4ljendusoskust;<\/li>\n<li>orienteerumist nii oma kitsamas erialavaldkonnas kui ka kaasaegse interpretatsioonipedagoogika \u00fcldistes k\u00fcsimustes;<\/li>\n<li>oma erialainstrumendi (v\u00f5i vokaali) valdamise taset (varasemate tulemuste v\u00f5i sisseastumiseksamil esitatud kava p\u00f5hjal);<\/li>\n<li>kandidaadi eelnevat \u00f5petamiskogemust.<\/li>\n<\/ul>\n<p>Sisseastumiseksamit hinnatakse skaalal 0-10 punkti, kutsesobivuskatset skaalal positiivne\/negatiivne. Vastuv\u00f5tun\u00f5uete t\u00e4itmiseks (eksami positiivseks tulemuseks) on vaja koguda v\u00e4hemalt 5 punkti.<\/p>\n"}],"side_title":"","side_info":"","add_people":false,"add_news":false,"add_events":false,"is_drama_page":false,"is_cppm_page":false,"is_hidden":false,"show_in_sub_menu":false,"dont_show_img":false,"mobile_show_side":false,"side_links_title":"","dont_show_auto_gen":false,"side_links":false},"yoast_head":"<!-- This site is optimized with the Yoast SEO plugin v27.2 - https:\/\/yoast.com\/product\/yoast-seo-wordpress\/ -->\n<title>Admission | Estonian Academy of Music and Theatre<\/title>\n<meta name=\"robots\" content=\"index, follow, max-snippet:-1, max-image-preview:large, max-video-preview:-1\" \/>\n<link rel=\"canonical\" href=\"https:\/\/eamt.ee\/en\/departments\/musicology\/instrumental-and-vocal-pedagogy\/masters-studies\/admission\/\" \/>\n<meta property=\"og:locale\" content=\"en_US\" \/>\n<meta property=\"og:type\" content=\"article\" \/>\n<meta property=\"og:title\" content=\"Admission | Estonian Academy of Music and Theatre\" \/>\n<meta property=\"og:url\" content=\"https:\/\/eamt.ee\/en\/departments\/musicology\/instrumental-and-vocal-pedagogy\/masters-studies\/admission\/\" \/>\n<meta property=\"og:site_name\" content=\"Estonian Academy of Music and Theatre\" \/>\n<meta property=\"article:modified_time\" content=\"2024-01-08T14:52:41+00:00\" \/>\n<meta property=\"og:image\" content=\"https:\/\/eamt.ee\/wp-content\/uploads\/2020\/10\/R_K_9273.jpg\" \/>\n\t<meta property=\"og:image:width\" content=\"2500\" \/>\n\t<meta property=\"og:image:height\" content=\"1667\" \/>\n\t<meta property=\"og:image:type\" content=\"image\/jpeg\" \/>\n<meta name=\"twitter:card\" content=\"summary_large_image\" \/>\n<script type=\"application\/ld+json\" class=\"yoast-schema-graph\">{\"@context\":\"https:\/\/schema.org\",\"@graph\":[{\"@type\":\"WebPage\",\"@id\":\"https:\/\/eamt.ee\/en\/departments\/musicology\/instrumental-and-vocal-pedagogy\/masters-studies\/admission\/\",\"url\":\"https:\/\/eamt.ee\/en\/departments\/musicology\/instrumental-and-vocal-pedagogy\/masters-studies\/admission\/\",\"name\":\"Admission | Estonian Academy of Music and Theatre\",\"isPartOf\":{\"@id\":\"https:\/\/eamt.ee\/en\/#website\"},\"datePublished\":\"2020-09-12T12:16:22+00:00\",\"dateModified\":\"2024-01-08T14:52:41+00:00\",\"breadcrumb\":{\"@id\":\"https:\/\/eamt.ee\/en\/departments\/musicology\/instrumental-and-vocal-pedagogy\/masters-studies\/admission\/#breadcrumb\"},\"inLanguage\":\"en-US\",\"potentialAction\":[{\"@type\":\"ReadAction\",\"target\":[\"https:\/\/eamt.ee\/en\/departments\/musicology\/instrumental-and-vocal-pedagogy\/masters-studies\/admission\/\"]}]},{\"@type\":\"BreadcrumbList\",\"@id\":\"https:\/\/eamt.ee\/en\/departments\/musicology\/instrumental-and-vocal-pedagogy\/masters-studies\/admission\/#breadcrumb\",\"itemListElement\":[{\"@type\":\"ListItem\",\"position\":1,\"name\":\"Home\",\"item\":\"https:\/\/eamt.ee\/en\/\"},{\"@type\":\"ListItem\",\"position\":2,\"name\":\"Departments\",\"item\":\"https:\/\/eamt.ee\/en\/departments\/\"},{\"@type\":\"ListItem\",\"position\":3,\"name\":\"Musicology, Music Pedagogy and Cultural Management\",\"item\":\"https:\/\/eamt.ee\/en\/departments\/musicology\/\"},{\"@type\":\"ListItem\",\"position\":4,\"name\":\"Instrumental and Vocal Pedagogy\",\"item\":\"https:\/\/eamt.ee\/en\/departments\/musicology\/instrumental-and-vocal-pedagogy\/\"},{\"@type\":\"ListItem\",\"position\":5,\"name\":\"Master&#8217;s Studies\",\"item\":\"https:\/\/eamt.ee\/en\/departments\/musicology\/instrumental-and-vocal-pedagogy\/masters-studies\/\"},{\"@type\":\"ListItem\",\"position\":6,\"name\":\"Admission\"}]},{\"@type\":\"WebSite\",\"@id\":\"https:\/\/eamt.ee\/en\/#website\",\"url\":\"https:\/\/eamt.ee\/en\/\",\"name\":\"Estonian Academy of Music and Theatre\",\"description\":\"\",\"potentialAction\":[{\"@type\":\"SearchAction\",\"target\":{\"@type\":\"EntryPoint\",\"urlTemplate\":\"https:\/\/eamt.ee\/en\/?s={search_term_string}\"},\"query-input\":{\"@type\":\"PropertyValueSpecification\",\"valueRequired\":true,\"valueName\":\"search_term_string\"}}],\"inLanguage\":\"en-US\"}]}<\/script>\n<!-- \/ Yoast SEO plugin. -->","yoast_head_json":{"title":"Admission | Estonian Academy of Music and Theatre","robots":{"index":"index","follow":"follow","max-snippet":"max-snippet:-1","max-image-preview":"max-image-preview:large","max-video-preview":"max-video-preview:-1"},"canonical":"https:\/\/eamt.ee\/en\/departments\/musicology\/instrumental-and-vocal-pedagogy\/masters-studies\/admission\/","og_locale":"en_US","og_type":"article","og_title":"Admission | Estonian Academy of Music and Theatre","og_url":"https:\/\/eamt.ee\/en\/departments\/musicology\/instrumental-and-vocal-pedagogy\/masters-studies\/admission\/","og_site_name":"Estonian Academy of Music and Theatre","article_modified_time":"2024-01-08T14:52:41+00:00","og_image":[{"width":2500,"height":1667,"url":"https:\/\/eamt.ee\/wp-content\/uploads\/2020\/10\/R_K_9273.jpg","type":"image\/jpeg"}],"twitter_card":"summary_large_image","schema":{"@context":"https:\/\/schema.org","@graph":[{"@type":"WebPage","@id":"https:\/\/eamt.ee\/en\/departments\/musicology\/instrumental-and-vocal-pedagogy\/masters-studies\/admission\/","url":"https:\/\/eamt.ee\/en\/departments\/musicology\/instrumental-and-vocal-pedagogy\/masters-studies\/admission\/","name":"Admission | Estonian Academy of Music and Theatre","isPartOf":{"@id":"https:\/\/eamt.ee\/en\/#website"},"datePublished":"2020-09-12T12:16:22+00:00","dateModified":"2024-01-08T14:52:41+00:00","breadcrumb":{"@id":"https:\/\/eamt.ee\/en\/departments\/musicology\/instrumental-and-vocal-pedagogy\/masters-studies\/admission\/#breadcrumb"},"inLanguage":"en-US","potentialAction":[{"@type":"ReadAction","target":["https:\/\/eamt.ee\/en\/departments\/musicology\/instrumental-and-vocal-pedagogy\/masters-studies\/admission\/"]}]},{"@type":"BreadcrumbList","@id":"https:\/\/eamt.ee\/en\/departments\/musicology\/instrumental-and-vocal-pedagogy\/masters-studies\/admission\/#breadcrumb","itemListElement":[{"@type":"ListItem","position":1,"name":"Home","item":"https:\/\/eamt.ee\/en\/"},{"@type":"ListItem","position":2,"name":"Departments","item":"https:\/\/eamt.ee\/en\/departments\/"},{"@type":"ListItem","position":3,"name":"Musicology, Music Pedagogy and Cultural Management","item":"https:\/\/eamt.ee\/en\/departments\/musicology\/"},{"@type":"ListItem","position":4,"name":"Instrumental and Vocal Pedagogy","item":"https:\/\/eamt.ee\/en\/departments\/musicology\/instrumental-and-vocal-pedagogy\/"},{"@type":"ListItem","position":5,"name":"Master&#8217;s Studies","item":"https:\/\/eamt.ee\/en\/departments\/musicology\/instrumental-and-vocal-pedagogy\/masters-studies\/"},{"@type":"ListItem","position":6,"name":"Admission"}]},{"@type":"WebSite","@id":"https:\/\/eamt.ee\/en\/#website","url":"https:\/\/eamt.ee\/en\/","name":"Estonian Academy of Music and Theatre","description":"","potentialAction":[{"@type":"SearchAction","target":{"@type":"EntryPoint","urlTemplate":"https:\/\/eamt.ee\/en\/?s={search_term_string}"},"query-input":{"@type":"PropertyValueSpecification","valueRequired":true,"valueName":"search_term_string"}}],"inLanguage":"en-US"}]}},"_links":{"self":[{"href":"https:\/\/eamt.ee\/en\/wp-json\/wp\/v2\/pages\/5359","targetHints":{"allow":["GET"]}}],"collection":[{"href":"https:\/\/eamt.ee\/en\/wp-json\/wp\/v2\/pages"}],"about":[{"href":"https:\/\/eamt.ee\/en\/wp-json\/wp\/v2\/types\/page"}],"author":[{"embeddable":true,"href":"https:\/\/eamt.ee\/en\/wp-json\/wp\/v2\/users\/3"}],"replies":[{"embeddable":true,"href":"https:\/\/eamt.ee\/en\/wp-json\/wp\/v2\/comments?post=5359"}],"version-history":[{"count":5,"href":"https:\/\/eamt.ee\/en\/wp-json\/wp\/v2\/pages\/5359\/revisions"}],"predecessor-version":[{"id":42594,"href":"https:\/\/eamt.ee\/en\/wp-json\/wp\/v2\/pages\/5359\/revisions\/42594"}],"up":[{"embeddable":true,"href":"https:\/\/eamt.ee\/en\/wp-json\/wp\/v2\/pages\/5356"}],"wp:attachment":[{"href":"https:\/\/eamt.ee\/en\/wp-json\/wp\/v2\/media?parent=5359"}],"curies":[{"name":"wp","href":"https:\/\/api.w.org\/{rel}","templated":true}]}}