{"id":5390,"date":"2020-09-04T12:27:17","date_gmt":"2020-09-04T09:27:17","guid":{"rendered":"https:\/\/eamt.ee\/departments\/support-units\/library\/uldtutvustus\/"},"modified":"2025-01-28T14:32:53","modified_gmt":"2025-01-28T12:32:53","slug":"general-information","status":"publish","type":"page","link":"https:\/\/eamt.ee\/en\/library\/general-information\/","title":{"rendered":"General Information"},"content":{"rendered":"","protected":false},"excerpt":{"rendered":"","protected":false},"author":3,"featured_media":0,"parent":5386,"menu_order":1,"comment_status":"closed","ping_status":"closed","template":"","meta":{"_acf_changed":false,"footnotes":""},"class_list":["post-5390","page","type-page","status-publish","hentry"],"acf":{"is_not_a_page":false,"post_image":false,"page_content":[{"acf_fc_layout":"pilt","page_image":{"ID":894,"id":894,"title":"Library","filename":"Raamatukogu-008-scaled.jpg","filesize":1420544,"url":"https:\/\/eamt.ee\/wp-content\/uploads\/2020\/09\/Raamatukogu-008-scaled.jpg","link":"https:\/\/eamt.ee\/en\/library\/raamatukogu-008-2\/","alt":"","author":"3","description":"","caption":"","name":"raamatukogu-008-2","status":"inherit","uploaded_to":5386,"date":"2020-09-04 09:19:35","modified":"2021-01-25 15:18:38","menu_order":0,"mime_type":"image\/jpeg","type":"image","subtype":"jpeg","icon":"https:\/\/eamt.ee\/wp-includes\/images\/media\/default.png","width":2560,"height":1708,"sizes":{"thumbnail":"https:\/\/eamt.ee\/wp-content\/uploads\/2020\/09\/Raamatukogu-008-150x150.jpg","thumbnail-width":150,"thumbnail-height":150,"medium":"https:\/\/eamt.ee\/wp-content\/uploads\/2020\/09\/Raamatukogu-008-300x200.jpg","medium-width":300,"medium-height":200,"medium_large":"https:\/\/eamt.ee\/wp-content\/uploads\/2020\/09\/Raamatukogu-008-768x513.jpg","medium_large-width":768,"medium_large-height":513,"large":"https:\/\/eamt.ee\/wp-content\/uploads\/2020\/09\/Raamatukogu-008-1024x683.jpg","large-width":1024,"large-height":683,"1536x1536":"https:\/\/eamt.ee\/wp-content\/uploads\/2020\/09\/Raamatukogu-008-1536x1025.jpg","1536x1536-width":1536,"1536x1536-height":1025,"2048x2048":"https:\/\/eamt.ee\/wp-content\/uploads\/2020\/09\/Raamatukogu-008-2048x1367.jpg","2048x2048-width":2048,"2048x2048-height":1367,"640px":"https:\/\/eamt.ee\/wp-content\/uploads\/2020\/09\/Raamatukogu-008-640x427.jpg","640px-width":640,"640px-height":427,"768px":"https:\/\/eamt.ee\/wp-content\/uploads\/2020\/09\/Raamatukogu-008-768x513.jpg","768px-width":768,"768px-height":513,"1024px":"https:\/\/eamt.ee\/wp-content\/uploads\/2020\/09\/Raamatukogu-008-1024x683.jpg","1024px-width":1024,"1024px-height":683,"1280px":"https:\/\/eamt.ee\/wp-content\/uploads\/2020\/09\/Raamatukogu-008-1280x854.jpg","1280px-width":1280,"1280px-height":854,"1366px":"https:\/\/eamt.ee\/wp-content\/uploads\/2020\/09\/Raamatukogu-008-1366x912.jpg","1366px-width":1366,"1366px-height":912,"1600px":"https:\/\/eamt.ee\/wp-content\/uploads\/2020\/09\/Raamatukogu-008-1600x1068.jpg","1600px-width":1600,"1600px-height":1068,"1920px":"https:\/\/eamt.ee\/wp-content\/uploads\/2020\/09\/Raamatukogu-008-1920x1281.jpg","1920px-width":1920,"1920px-height":1281,"2400px":"https:\/\/eamt.ee\/wp-content\/uploads\/2020\/09\/Raamatukogu-008-2400x1602.jpg","2400px-width":2400,"2400px-height":1602,"woocommerce_thumbnail":"https:\/\/eamt.ee\/wp-content\/uploads\/2020\/09\/Raamatukogu-008-scaled-415x415.jpg","woocommerce_thumbnail-width":415,"woocommerce_thumbnail-height":415,"woocommerce_single":"https:\/\/eamt.ee\/wp-content\/uploads\/2020\/09\/Raamatukogu-008-scaled-600x400.jpg","woocommerce_single-width":600,"woocommerce_single-height":400,"woocommerce_gallery_thumbnail":"https:\/\/eamt.ee\/wp-content\/uploads\/2020\/09\/Raamatukogu-008-scaled-100x100.jpg","woocommerce_gallery_thumbnail-width":100,"woocommerce_gallery_thumbnail-height":100}},"is_full_image":false},{"acf_fc_layout":"tekstikast","page_text":"<p>The Estonian Academy of Music and Theatre\u00a0\u00a0library was founded in 1935. It is the largest research library for classical music in Estonia, and a major part of the collections are unique in Estonia.<\/p>\n<p>Library acquisitions include music and theatre books, materials on educational sciences (especially music education) and cultural management specialties, scores, sound and video recordings and electronic databases. The library archive contains manuscripts of works and treatises by outstanding Estonian composers, unique audio recordings and printed editions (e.g. editions by Peeter J\u00fcrgenson, an Estonian origin music publisher), rare scores and books. The main share of the theatre literature, feature films and video recordings of stage performances are located at the library branch located at the EAMT Theatre Department. Almost the entire library collection is housed on open shelves, and the audiovisual equipment is accessible to all.<\/p>\n<p>The library is open to its approximately 3,000 users six days a week &#8211; a total of 54 hours a week. EAMT library collection has been entered into e-catalogue <a href=\"http:\/\/www.ester.ee\/search~b00000000001a00000000001o00000000001c00000000001i00000000001\/\">ESTER<\/a>.<\/p>\n<p>During the years the library collection is complemented by many\u00a0<a href=\"http:\/\/www.ester.ee\/search\/c?SEARCH=allikas%3A+&amp;searchscope=1&amp;SUBMIT=SEARCH\">donors<\/a>: Naan P\u00f5ld, Hugo Lepnurm, Leo Normet, Lilian Semper, Toomas Paul, Anna Klas, Bruno Lukk, Eri Klas, Andrei Volkonski, Veljo Tormis, Arne Mikk, Anti Marguste, Heljo Sepp, Wolfgang Wagner, Joachim Herz, T\u00f5nis R\u00fc\u00fctel, etc.<\/p>\n<p>As of 1st January 2025, the EAMT library has 198 862 items:<br \/>\n46 295 books<br \/>\n115 878 scores<br \/>\n3255 theses and researches<br \/>\n28 241 audio recordings (including 17 756 CDs)<br \/>\n3558 video recordings (including 2850 DVDs)<br \/>\n118 periodical titles<\/p>\n<p>List of <a href=\"https:\/\/eamt.ee\/en\/library\/general-information\/periodicals\/\">subscribed periodicals<\/a><br \/>\n<a href=\"https:\/\/eamt.ee\/en\/library\/general-information\/a-selection-of-full-text-music-periodicals\/\">Selection of full-text music periodicals<\/a><\/p>\n<p><a href=\"https:\/\/www.ester.ee\/search~S1?\/ftlist^bib661%2C1%2C0%2C62\/mode=2\" target=\"_blank\" rel=\"noopener\">New arrivals<\/a><\/p>\n"}],"side_title":"","side_info":"","add_people":false,"add_news":false,"add_events":false,"is_drama_page":false,"is_cppm_page":false,"is_hidden":false,"show_in_sub_menu":false,"dont_show_img":false,"mobile_show_side":false,"side_links_title":"","side_links":false,"dont_show_auto_gen":false,"is_hidden_submenu":false},"yoast_head":"<!-- This site is optimized with the Yoast SEO plugin v27.3 - https:\/\/yoast.com\/product\/yoast-seo-wordpress\/ -->\n<title>General Information | Estonian Academy of Music and Theatre<\/title>\n<meta name=\"robots\" content=\"index, follow, max-snippet:-1, max-image-preview:large, max-video-preview:-1\" \/>\n<link rel=\"canonical\" href=\"https:\/\/eamt.ee\/en\/library\/general-information\/\" \/>\n<meta property=\"og:locale\" content=\"en_US\" \/>\n<meta property=\"og:type\" content=\"article\" \/>\n<meta property=\"og:title\" content=\"General Information | Estonian Academy of Music and Theatre\" \/>\n<meta property=\"og:url\" content=\"https:\/\/eamt.ee\/en\/library\/general-information\/\" \/>\n<meta property=\"og:site_name\" content=\"Estonian Academy of Music and Theatre\" \/>\n<meta property=\"article:modified_time\" content=\"2025-01-28T12:32:53+00:00\" \/>\n<meta property=\"og:image\" content=\"https:\/\/eamt.ee\/wp-content\/uploads\/2020\/10\/R_K_9273.jpg\" \/>\n\t<meta property=\"og:image:width\" content=\"2500\" \/>\n\t<meta property=\"og:image:height\" content=\"1667\" \/>\n\t<meta property=\"og:image:type\" content=\"image\/jpeg\" \/>\n<meta name=\"twitter:card\" content=\"summary_large_image\" \/>\n<script type=\"application\/ld+json\" class=\"yoast-schema-graph\">{\"@context\":\"https:\\\/\\\/schema.org\",\"@graph\":[{\"@type\":\"WebPage\",\"@id\":\"https:\\\/\\\/eamt.ee\\\/en\\\/library\\\/general-information\\\/\",\"url\":\"https:\\\/\\\/eamt.ee\\\/en\\\/library\\\/general-information\\\/\",\"name\":\"General Information | Estonian Academy of Music and Theatre\",\"isPartOf\":{\"@id\":\"https:\\\/\\\/eamt.ee\\\/en\\\/#website\"},\"datePublished\":\"2020-09-04T09:27:17+00:00\",\"dateModified\":\"2025-01-28T12:32:53+00:00\",\"breadcrumb\":{\"@id\":\"https:\\\/\\\/eamt.ee\\\/en\\\/library\\\/general-information\\\/#breadcrumb\"},\"inLanguage\":\"en-US\",\"potentialAction\":[{\"@type\":\"ReadAction\",\"target\":[\"https:\\\/\\\/eamt.ee\\\/en\\\/library\\\/general-information\\\/\"]}]},{\"@type\":\"BreadcrumbList\",\"@id\":\"https:\\\/\\\/eamt.ee\\\/en\\\/library\\\/general-information\\\/#breadcrumb\",\"itemListElement\":[{\"@type\":\"ListItem\",\"position\":1,\"name\":\"Home\",\"item\":\"https:\\\/\\\/eamt.ee\\\/en\\\/\"},{\"@type\":\"ListItem\",\"position\":2,\"name\":\"Library\",\"item\":\"https:\\\/\\\/eamt.ee\\\/en\\\/library\\\/\"},{\"@type\":\"ListItem\",\"position\":3,\"name\":\"General Information\"}]},{\"@type\":\"WebSite\",\"@id\":\"https:\\\/\\\/eamt.ee\\\/en\\\/#website\",\"url\":\"https:\\\/\\\/eamt.ee\\\/en\\\/\",\"name\":\"Estonian Academy of Music and Theatre\",\"description\":\"\",\"potentialAction\":[{\"@type\":\"SearchAction\",\"target\":{\"@type\":\"EntryPoint\",\"urlTemplate\":\"https:\\\/\\\/eamt.ee\\\/en\\\/?s={search_term_string}\"},\"query-input\":{\"@type\":\"PropertyValueSpecification\",\"valueRequired\":true,\"valueName\":\"search_term_string\"}}],\"inLanguage\":\"en-US\"}]}<\/script>\n<!-- \/ Yoast SEO plugin. -->","yoast_head_json":{"title":"General Information | Estonian Academy of Music and Theatre","robots":{"index":"index","follow":"follow","max-snippet":"max-snippet:-1","max-image-preview":"max-image-preview:large","max-video-preview":"max-video-preview:-1"},"canonical":"https:\/\/eamt.ee\/en\/library\/general-information\/","og_locale":"en_US","og_type":"article","og_title":"General Information | Estonian Academy of Music and Theatre","og_url":"https:\/\/eamt.ee\/en\/library\/general-information\/","og_site_name":"Estonian Academy of Music and Theatre","article_modified_time":"2025-01-28T12:32:53+00:00","og_image":[{"width":2500,"height":1667,"url":"https:\/\/eamt.ee\/wp-content\/uploads\/2020\/10\/R_K_9273.jpg","type":"image\/jpeg"}],"twitter_card":"summary_large_image","schema":{"@context":"https:\/\/schema.org","@graph":[{"@type":"WebPage","@id":"https:\/\/eamt.ee\/en\/library\/general-information\/","url":"https:\/\/eamt.ee\/en\/library\/general-information\/","name":"General Information | Estonian Academy of Music and Theatre","isPartOf":{"@id":"https:\/\/eamt.ee\/en\/#website"},"datePublished":"2020-09-04T09:27:17+00:00","dateModified":"2025-01-28T12:32:53+00:00","breadcrumb":{"@id":"https:\/\/eamt.ee\/en\/library\/general-information\/#breadcrumb"},"inLanguage":"en-US","potentialAction":[{"@type":"ReadAction","target":["https:\/\/eamt.ee\/en\/library\/general-information\/"]}]},{"@type":"BreadcrumbList","@id":"https:\/\/eamt.ee\/en\/library\/general-information\/#breadcrumb","itemListElement":[{"@type":"ListItem","position":1,"name":"Home","item":"https:\/\/eamt.ee\/en\/"},{"@type":"ListItem","position":2,"name":"Library","item":"https:\/\/eamt.ee\/en\/library\/"},{"@type":"ListItem","position":3,"name":"General Information"}]},{"@type":"WebSite","@id":"https:\/\/eamt.ee\/en\/#website","url":"https:\/\/eamt.ee\/en\/","name":"Estonian Academy of Music and Theatre","description":"","potentialAction":[{"@type":"SearchAction","target":{"@type":"EntryPoint","urlTemplate":"https:\/\/eamt.ee\/en\/?s={search_term_string}"},"query-input":{"@type":"PropertyValueSpecification","valueRequired":true,"valueName":"search_term_string"}}],"inLanguage":"en-US"}]}},"_links":{"self":[{"href":"https:\/\/eamt.ee\/en\/wp-json\/wp\/v2\/pages\/5390","targetHints":{"allow":["GET"]}}],"collection":[{"href":"https:\/\/eamt.ee\/en\/wp-json\/wp\/v2\/pages"}],"about":[{"href":"https:\/\/eamt.ee\/en\/wp-json\/wp\/v2\/types\/page"}],"author":[{"embeddable":true,"href":"https:\/\/eamt.ee\/en\/wp-json\/wp\/v2\/users\/3"}],"replies":[{"embeddable":true,"href":"https:\/\/eamt.ee\/en\/wp-json\/wp\/v2\/comments?post=5390"}],"version-history":[{"count":26,"href":"https:\/\/eamt.ee\/en\/wp-json\/wp\/v2\/pages\/5390\/revisions"}],"predecessor-version":[{"id":51127,"href":"https:\/\/eamt.ee\/en\/wp-json\/wp\/v2\/pages\/5390\/revisions\/51127"}],"up":[{"embeddable":true,"href":"https:\/\/eamt.ee\/en\/wp-json\/wp\/v2\/pages\/5386"}],"wp:attachment":[{"href":"https:\/\/eamt.ee\/en\/wp-json\/wp\/v2\/media?parent=5390"}],"curies":[{"name":"wp","href":"https:\/\/api.w.org\/{rel}","templated":true}]}}