{"id":6003,"date":"2020-08-18T06:36:53","date_gmt":"2020-08-18T03:36:53","guid":{"rendered":"https:\/\/eamt.ee\/departments\/classical-music-performance\/emta-koor\/"},"modified":"2025-05-08T17:52:28","modified_gmt":"2025-05-08T14:52:28","slug":"eamt-choir","status":"publish","type":"page","link":"https:\/\/eamt.ee\/en\/departments\/classical-music-performance\/eamt-choir\/","title":{"rendered":"EAMT Choir"},"content":{"rendered":"","protected":false},"excerpt":{"rendered":"","protected":false},"author":1,"featured_media":0,"parent":4425,"menu_order":9,"comment_status":"closed","ping_status":"closed","template":"","meta":{"_acf_changed":false,"footnotes":""},"class_list":["post-6003","page","type-page","status-publish","hentry"],"acf":{"post_image":false,"page_content":[{"acf_fc_layout":"pildid_reas","how_many":"xlarge-6","is_gallery":true,"pildid":[{"page_image":{"ID":17128,"id":17128,"title":"Photo: Mattias Kitsing","filename":"EMTA-koor.-Foto-Mattias-Kitsing-scaled.jpg","filesize":528058,"url":"https:\/\/eamt.ee\/wp-content\/uploads\/2021\/08\/EMTA-koor.-Foto-Mattias-Kitsing-scaled.jpg","link":"https:\/\/eamt.ee\/en\/departments\/classical-music-performance\/eamt-choir\/emta-koor-foto-mattias-kitsing-2\/","alt":"","author":"3","description":"","caption":"","name":"emta-koor-foto-mattias-kitsing-2","status":"inherit","uploaded_to":6003,"date":"2021-08-16 09:33:23","modified":"2021-08-16 09:37:24","menu_order":0,"mime_type":"image\/jpeg","type":"image","subtype":"jpeg","icon":"https:\/\/eamt.ee\/wp-includes\/images\/media\/default.png","width":2560,"height":1395,"sizes":{"thumbnail":"https:\/\/eamt.ee\/wp-content\/uploads\/2021\/08\/EMTA-koor.-Foto-Mattias-Kitsing-150x150.jpg","thumbnail-width":150,"thumbnail-height":150,"medium":"https:\/\/eamt.ee\/wp-content\/uploads\/2021\/08\/EMTA-koor.-Foto-Mattias-Kitsing-300x164.jpg","medium-width":300,"medium-height":164,"medium_large":"https:\/\/eamt.ee\/wp-content\/uploads\/2021\/08\/EMTA-koor.-Foto-Mattias-Kitsing-768x419.jpg","medium_large-width":768,"medium_large-height":419,"large":"https:\/\/eamt.ee\/wp-content\/uploads\/2021\/08\/EMTA-koor.-Foto-Mattias-Kitsing-1024x558.jpg","large-width":1024,"large-height":558,"1536x1536":"https:\/\/eamt.ee\/wp-content\/uploads\/2021\/08\/EMTA-koor.-Foto-Mattias-Kitsing-1536x837.jpg","1536x1536-width":1536,"1536x1536-height":837,"2048x2048":"https:\/\/eamt.ee\/wp-content\/uploads\/2021\/08\/EMTA-koor.-Foto-Mattias-Kitsing-2048x1116.jpg","2048x2048-width":2048,"2048x2048-height":1116,"640px":"https:\/\/eamt.ee\/wp-content\/uploads\/2021\/08\/EMTA-koor.-Foto-Mattias-Kitsing-640x349.jpg","640px-width":640,"640px-height":349,"768px":"https:\/\/eamt.ee\/wp-content\/uploads\/2021\/08\/EMTA-koor.-Foto-Mattias-Kitsing-768x419.jpg","768px-width":768,"768px-height":419,"1024px":"https:\/\/eamt.ee\/wp-content\/uploads\/2021\/08\/EMTA-koor.-Foto-Mattias-Kitsing-1024x558.jpg","1024px-width":1024,"1024px-height":558,"1280px":"https:\/\/eamt.ee\/wp-content\/uploads\/2021\/08\/EMTA-koor.-Foto-Mattias-Kitsing-1280x698.jpg","1280px-width":1280,"1280px-height":698,"1366px":"https:\/\/eamt.ee\/wp-content\/uploads\/2021\/08\/EMTA-koor.-Foto-Mattias-Kitsing-1366x745.jpg","1366px-width":1366,"1366px-height":745,"1600px":"https:\/\/eamt.ee\/wp-content\/uploads\/2021\/08\/EMTA-koor.-Foto-Mattias-Kitsing-1600x872.jpg","1600px-width":1600,"1600px-height":872,"1920px":"https:\/\/eamt.ee\/wp-content\/uploads\/2021\/08\/EMTA-koor.-Foto-Mattias-Kitsing-1920x1047.jpg","1920px-width":1920,"1920px-height":1047,"2400px":"https:\/\/eamt.ee\/wp-content\/uploads\/2021\/08\/EMTA-koor.-Foto-Mattias-Kitsing-2400x1308.jpg","2400px-width":2400,"2400px-height":1308,"woocommerce_thumbnail":"https:\/\/eamt.ee\/wp-content\/uploads\/2021\/08\/EMTA-koor.-Foto-Mattias-Kitsing-scaled-415x415.jpg","woocommerce_thumbnail-width":415,"woocommerce_thumbnail-height":415,"woocommerce_single":"https:\/\/eamt.ee\/wp-content\/uploads\/2021\/08\/EMTA-koor.-Foto-Mattias-Kitsing-scaled-600x327.jpg","woocommerce_single-width":600,"woocommerce_single-height":327,"woocommerce_gallery_thumbnail":"https:\/\/eamt.ee\/wp-content\/uploads\/2021\/08\/EMTA-koor.-Foto-Mattias-Kitsing-scaled-100x100.jpg","woocommerce_gallery_thumbnail-width":100,"woocommerce_gallery_thumbnail-height":100}},"is_full_image":false,"image_url":""},{"page_image":{"ID":17130,"id":17130,"title":"Photo: Mattias Kitsing","filename":"Koor-scaled.jpg","filesize":232857,"url":"https:\/\/eamt.ee\/wp-content\/uploads\/2021\/08\/Koor-scaled.jpg","link":"https:\/\/eamt.ee\/en\/departments\/classical-music-performance\/eamt-choir\/koor-2\/","alt":"","author":"3","description":"","caption":"","name":"koor-2","status":"inherit","uploaded_to":6003,"date":"2021-08-16 09:33:34","modified":"2021-08-16 09:37:30","menu_order":0,"mime_type":"image\/jpeg","type":"image","subtype":"jpeg","icon":"https:\/\/eamt.ee\/wp-includes\/images\/media\/default.png","width":2560,"height":1710,"sizes":{"thumbnail":"https:\/\/eamt.ee\/wp-content\/uploads\/2021\/08\/Koor-150x150.jpg","thumbnail-width":150,"thumbnail-height":150,"medium":"https:\/\/eamt.ee\/wp-content\/uploads\/2021\/08\/Koor-300x200.jpg","medium-width":300,"medium-height":200,"medium_large":"https:\/\/eamt.ee\/wp-content\/uploads\/2021\/08\/Koor-768x513.jpg","medium_large-width":768,"medium_large-height":513,"large":"https:\/\/eamt.ee\/wp-content\/uploads\/2021\/08\/Koor-1024x684.jpg","large-width":1024,"large-height":684,"1536x1536":"https:\/\/eamt.ee\/wp-content\/uploads\/2021\/08\/Koor-1536x1026.jpg","1536x1536-width":1536,"1536x1536-height":1026,"2048x2048":"https:\/\/eamt.ee\/wp-content\/uploads\/2021\/08\/Koor-2048x1368.jpg","2048x2048-width":2048,"2048x2048-height":1368,"640px":"https:\/\/eamt.ee\/wp-content\/uploads\/2021\/08\/Koor-640x428.jpg","640px-width":640,"640px-height":428,"768px":"https:\/\/eamt.ee\/wp-content\/uploads\/2021\/08\/Koor-768x513.jpg","768px-width":768,"768px-height":513,"1024px":"https:\/\/eamt.ee\/wp-content\/uploads\/2021\/08\/Koor-1024x684.jpg","1024px-width":1024,"1024px-height":684,"1280px":"https:\/\/eamt.ee\/wp-content\/uploads\/2021\/08\/Koor-1280x855.jpg","1280px-width":1280,"1280px-height":855,"1366px":"https:\/\/eamt.ee\/wp-content\/uploads\/2021\/08\/Koor-1366x912.jpg","1366px-width":1366,"1366px-height":912,"1600px":"https:\/\/eamt.ee\/wp-content\/uploads\/2021\/08\/Koor-1600x1069.jpg","1600px-width":1600,"1600px-height":1069,"1920px":"https:\/\/eamt.ee\/wp-content\/uploads\/2021\/08\/Koor-1920x1283.jpg","1920px-width":1920,"1920px-height":1283,"2400px":"https:\/\/eamt.ee\/wp-content\/uploads\/2021\/08\/Koor-2400x1603.jpg","2400px-width":2400,"2400px-height":1603,"woocommerce_thumbnail":"https:\/\/eamt.ee\/wp-content\/uploads\/2021\/08\/Koor-scaled-415x415.jpg","woocommerce_thumbnail-width":415,"woocommerce_thumbnail-height":415,"woocommerce_single":"https:\/\/eamt.ee\/wp-content\/uploads\/2021\/08\/Koor-scaled-600x401.jpg","woocommerce_single-width":600,"woocommerce_single-height":401,"woocommerce_gallery_thumbnail":"https:\/\/eamt.ee\/wp-content\/uploads\/2021\/08\/Koor-scaled-100x100.jpg","woocommerce_gallery_thumbnail-width":100,"woocommerce_gallery_thumbnail-height":100}},"is_full_image":false,"image_url":""},{"page_image":{"ID":17132,"id":17132,"title":"Photo: Mattias Kitsing","filename":"koor2-scaled.jpg","filesize":356359,"url":"https:\/\/eamt.ee\/wp-content\/uploads\/2021\/08\/koor2-scaled.jpg","link":"https:\/\/eamt.ee\/en\/departments\/classical-music-performance\/eamt-choir\/koor2-2\/","alt":"","author":"3","description":"","caption":"","name":"koor2-2","status":"inherit","uploaded_to":6003,"date":"2021-08-16 09:33:47","modified":"2021-08-16 09:37:34","menu_order":0,"mime_type":"image\/jpeg","type":"image","subtype":"jpeg","icon":"https:\/\/eamt.ee\/wp-includes\/images\/media\/default.png","width":2560,"height":1707,"sizes":{"thumbnail":"https:\/\/eamt.ee\/wp-content\/uploads\/2021\/08\/koor2-150x150.jpg","thumbnail-width":150,"thumbnail-height":150,"medium":"https:\/\/eamt.ee\/wp-content\/uploads\/2021\/08\/koor2-300x200.jpg","medium-width":300,"medium-height":200,"medium_large":"https:\/\/eamt.ee\/wp-content\/uploads\/2021\/08\/koor2-768x512.jpg","medium_large-width":768,"medium_large-height":512,"large":"https:\/\/eamt.ee\/wp-content\/uploads\/2021\/08\/koor2-1024x683.jpg","large-width":1024,"large-height":683,"1536x1536":"https:\/\/eamt.ee\/wp-content\/uploads\/2021\/08\/koor2-1536x1024.jpg","1536x1536-width":1536,"1536x1536-height":1024,"2048x2048":"https:\/\/eamt.ee\/wp-content\/uploads\/2021\/08\/koor2-2048x1365.jpg","2048x2048-width":2048,"2048x2048-height":1365,"640px":"https:\/\/eamt.ee\/wp-content\/uploads\/2021\/08\/koor2-640x427.jpg","640px-width":640,"640px-height":427,"768px":"https:\/\/eamt.ee\/wp-content\/uploads\/2021\/08\/koor2-768x512.jpg","768px-width":768,"768px-height":512,"1024px":"https:\/\/eamt.ee\/wp-content\/uploads\/2021\/08\/koor2-1024x683.jpg","1024px-width":1024,"1024px-height":683,"1280px":"https:\/\/eamt.ee\/wp-content\/uploads\/2021\/08\/koor2-1280x853.jpg","1280px-width":1280,"1280px-height":853,"1366px":"https:\/\/eamt.ee\/wp-content\/uploads\/2021\/08\/koor2-1366x911.jpg","1366px-width":1366,"1366px-height":911,"1600px":"https:\/\/eamt.ee\/wp-content\/uploads\/2021\/08\/koor2-1600x1067.jpg","1600px-width":1600,"1600px-height":1067,"1920px":"https:\/\/eamt.ee\/wp-content\/uploads\/2021\/08\/koor2-1920x1280.jpg","1920px-width":1920,"1920px-height":1280,"2400px":"https:\/\/eamt.ee\/wp-content\/uploads\/2021\/08\/koor2-2400x1600.jpg","2400px-width":2400,"2400px-height":1600,"woocommerce_thumbnail":"https:\/\/eamt.ee\/wp-content\/uploads\/2021\/08\/koor2-scaled-415x415.jpg","woocommerce_thumbnail-width":415,"woocommerce_thumbnail-height":415,"woocommerce_single":"https:\/\/eamt.ee\/wp-content\/uploads\/2021\/08\/koor2-scaled-600x400.jpg","woocommerce_single-width":600,"woocommerce_single-height":400,"woocommerce_gallery_thumbnail":"https:\/\/eamt.ee\/wp-content\/uploads\/2021\/08\/koor2-scaled-100x100.jpg","woocommerce_gallery_thumbnail-width":100,"woocommerce_gallery_thumbnail-height":100}},"is_full_image":false,"image_url":""},{"page_image":{"ID":1270,"id":1270,"title":"Photo: Liis Reiman","filename":"Su\u0308gisFest-2017-Der-nordische-Baer-foto-liis-reiman-8.jpg","filesize":284946,"url":"https:\/\/eamt.ee\/wp-content\/uploads\/2020\/09\/Su\u0308gisFest-2017-Der-nordische-Baer-foto-liis-reiman-8.jpg","link":"https:\/\/eamt.ee\/en\/departments\/classical-music-performance\/eamt-choir\/sugisfest-2017-der-nordische-baer-2\/","alt":"","author":"3","description":"","caption":"","name":"sugisfest-2017-der-nordische-baer-2","status":"inherit","uploaded_to":6003,"date":"2020-09-08 12:15:25","modified":"2021-08-16 09:37:44","menu_order":0,"mime_type":"image\/jpeg","type":"image","subtype":"jpeg","icon":"https:\/\/eamt.ee\/wp-includes\/images\/media\/default.png","width":2048,"height":1365,"sizes":{"thumbnail":"https:\/\/eamt.ee\/wp-content\/uploads\/2020\/09\/Su\u0308gisFest-2017-Der-nordische-Baer-foto-liis-reiman-8-150x150.jpg","thumbnail-width":150,"thumbnail-height":150,"medium":"https:\/\/eamt.ee\/wp-content\/uploads\/2020\/09\/Su\u0308gisFest-2017-Der-nordische-Baer-foto-liis-reiman-8-300x200.jpg","medium-width":300,"medium-height":200,"medium_large":"https:\/\/eamt.ee\/wp-content\/uploads\/2020\/09\/Su\u0308gisFest-2017-Der-nordische-Baer-foto-liis-reiman-8-768x512.jpg","medium_large-width":768,"medium_large-height":512,"large":"https:\/\/eamt.ee\/wp-content\/uploads\/2020\/09\/Su\u0308gisFest-2017-Der-nordische-Baer-foto-liis-reiman-8-1024x683.jpg","large-width":1024,"large-height":683,"1536x1536":"https:\/\/eamt.ee\/wp-content\/uploads\/2020\/09\/Su\u0308gisFest-2017-Der-nordische-Baer-foto-liis-reiman-8-1536x1024.jpg","1536x1536-width":1536,"1536x1536-height":1024,"2048x2048":"https:\/\/eamt.ee\/wp-content\/uploads\/2020\/09\/Su\u0308gisFest-2017-Der-nordische-Baer-foto-liis-reiman-8.jpg","2048x2048-width":2048,"2048x2048-height":1365,"640px":"https:\/\/eamt.ee\/wp-content\/uploads\/2020\/09\/Su\u0308gisFest-2017-Der-nordische-Baer-foto-liis-reiman-8-640x427.jpg","640px-width":640,"640px-height":427,"768px":"https:\/\/eamt.ee\/wp-content\/uploads\/2020\/09\/Su\u0308gisFest-2017-Der-nordische-Baer-foto-liis-reiman-8-768x512.jpg","768px-width":768,"768px-height":512,"1024px":"https:\/\/eamt.ee\/wp-content\/uploads\/2020\/09\/Su\u0308gisFest-2017-Der-nordische-Baer-foto-liis-reiman-8-1024x683.jpg","1024px-width":1024,"1024px-height":683,"1280px":"https:\/\/eamt.ee\/wp-content\/uploads\/2020\/09\/Su\u0308gisFest-2017-Der-nordische-Baer-foto-liis-reiman-8-1280x853.jpg","1280px-width":1280,"1280px-height":853,"1366px":"https:\/\/eamt.ee\/wp-content\/uploads\/2020\/09\/Su\u0308gisFest-2017-Der-nordische-Baer-foto-liis-reiman-8-1366x910.jpg","1366px-width":1366,"1366px-height":910,"1600px":"https:\/\/eamt.ee\/wp-content\/uploads\/2020\/09\/Su\u0308gisFest-2017-Der-nordische-Baer-foto-liis-reiman-8-1600x1066.jpg","1600px-width":1600,"1600px-height":1066,"1920px":"https:\/\/eamt.ee\/wp-content\/uploads\/2020\/09\/Su\u0308gisFest-2017-Der-nordische-Baer-foto-liis-reiman-8-1920x1280.jpg","1920px-width":1920,"1920px-height":1280,"2400px":"https:\/\/eamt.ee\/wp-content\/uploads\/2020\/09\/Su\u0308gisFest-2017-Der-nordische-Baer-foto-liis-reiman-8.jpg","2400px-width":2048,"2400px-height":1365,"woocommerce_thumbnail":"https:\/\/eamt.ee\/wp-content\/uploads\/2020\/09\/Su\u0308gisFest-2017-Der-nordische-Baer-foto-liis-reiman-8-415x415.jpg","woocommerce_thumbnail-width":415,"woocommerce_thumbnail-height":415,"woocommerce_single":"https:\/\/eamt.ee\/wp-content\/uploads\/2020\/09\/Su\u0308gisFest-2017-Der-nordische-Baer-foto-liis-reiman-8-600x400.jpg","woocommerce_single-width":600,"woocommerce_single-height":400,"woocommerce_gallery_thumbnail":"https:\/\/eamt.ee\/wp-content\/uploads\/2020\/09\/Su\u0308gisFest-2017-Der-nordische-Baer-foto-liis-reiman-8-100x100.jpg","woocommerce_gallery_thumbnail-width":100,"woocommerce_gallery_thumbnail-height":100}},"is_full_image":false,"image_url":""}]},{"acf_fc_layout":"tekstikast","page_text":"<p>The Choir of the Estonian Academy of Music and Theatre (EMTA choir) is a study choir that has been active for decades. It primarily consists of choral conducting and music pedagogy students, including a significant number of international students. The choir&#8217;s repertoire spans Estonian and global choral literature \u2013 from early Gregorian chant and polyphony to contemporary world premieres.<br \/>\nEMTA choir has collaborated with various ensembles and orchestras, such as Corelli Baroque Orchestra, Tallinn Chamber Orchestra, and Estonian Philharmonic Chamber Choir. Over the years, the EMTA choir has been conducted by numerous conductors, including Toomas Kapten, Ants Soots, Kuno Areng, Ants \u00dcleoja, Kare Hanken, Robert Cowles, Jaan-Eik Tulve, Toomas Siitan, Dag Nielsen, Jurjen Hempel, P\u00e4rt Uusberg, and Ingrid M\u00e4nd.<\/p>\n<p>EMTA choir has performed in Spain, Finland, Russia, Latvia, Portugal, South Korea and various cities across Estonia. Since 2015, it has become a tradition for graduating choral conducting students to present one piece in collaboration with the EMTA Sinfonietta as part of their final concert. Among the most notable recent challenges have been Carl Orff\u2019s opera &#8220;Der Mond&#8221; conducted by Toomas Kapten in spring 2022 (directed by Thomas Wiederhofer) and participation in the World Choral EXPO in Portugal in autumn of the same year. In February 2024, EMTA choir took part in an international choral symposium-festival in South Korea. From 2010, T\u00f5nu Kaljuste served as the choir&#8217;s artistic director for nearly a decade. Currently, this role is held by Hirvo Surva.<\/p>\n"}],"is_not_a_page":false,"side_title":"","side_info":"","add_people":true,"people":[{"person":4438}],"add_news":false,"add_events":false,"is_drama_page":false,"is_cppm_page":false,"is_hidden":false,"is_hidden_submenu":false,"show_in_sub_menu":false,"dont_show_img":false,"mobile_show_side":false,"side_links_title":"","dont_show_auto_gen":false,"side_links":false},"yoast_head":"<!-- This site is optimized with the Yoast SEO plugin v27.3 - https:\/\/yoast.com\/product\/yoast-seo-wordpress\/ -->\n<title>EAMT Choir | Estonian Academy of Music and Theatre<\/title>\n<meta name=\"robots\" content=\"index, follow, max-snippet:-1, max-image-preview:large, max-video-preview:-1\" \/>\n<link rel=\"canonical\" href=\"https:\/\/eamt.ee\/en\/departments\/classical-music-performance\/eamt-choir\/\" \/>\n<meta property=\"og:locale\" content=\"en_US\" \/>\n<meta property=\"og:type\" content=\"article\" \/>\n<meta property=\"og:title\" content=\"EAMT Choir | Estonian Academy of Music and Theatre\" \/>\n<meta property=\"og:url\" content=\"https:\/\/eamt.ee\/en\/departments\/classical-music-performance\/eamt-choir\/\" \/>\n<meta property=\"og:site_name\" content=\"Estonian Academy of Music and Theatre\" \/>\n<meta property=\"article:modified_time\" content=\"2025-05-08T14:52:28+00:00\" \/>\n<meta property=\"og:image\" content=\"https:\/\/eamt.ee\/wp-content\/uploads\/2020\/10\/R_K_9273.jpg\" \/>\n\t<meta property=\"og:image:width\" content=\"2500\" \/>\n\t<meta property=\"og:image:height\" content=\"1667\" \/>\n\t<meta property=\"og:image:type\" content=\"image\/jpeg\" \/>\n<meta name=\"twitter:card\" content=\"summary_large_image\" \/>\n<script type=\"application\/ld+json\" class=\"yoast-schema-graph\">{\"@context\":\"https:\\\/\\\/schema.org\",\"@graph\":[{\"@type\":\"WebPage\",\"@id\":\"https:\\\/\\\/eamt.ee\\\/en\\\/departments\\\/classical-music-performance\\\/eamt-choir\\\/\",\"url\":\"https:\\\/\\\/eamt.ee\\\/en\\\/departments\\\/classical-music-performance\\\/eamt-choir\\\/\",\"name\":\"EAMT Choir | Estonian Academy of Music and Theatre\",\"isPartOf\":{\"@id\":\"https:\\\/\\\/eamt.ee\\\/en\\\/#website\"},\"datePublished\":\"2020-08-18T03:36:53+00:00\",\"dateModified\":\"2025-05-08T14:52:28+00:00\",\"breadcrumb\":{\"@id\":\"https:\\\/\\\/eamt.ee\\\/en\\\/departments\\\/classical-music-performance\\\/eamt-choir\\\/#breadcrumb\"},\"inLanguage\":\"en-US\",\"potentialAction\":[{\"@type\":\"ReadAction\",\"target\":[\"https:\\\/\\\/eamt.ee\\\/en\\\/departments\\\/classical-music-performance\\\/eamt-choir\\\/\"]}]},{\"@type\":\"BreadcrumbList\",\"@id\":\"https:\\\/\\\/eamt.ee\\\/en\\\/departments\\\/classical-music-performance\\\/eamt-choir\\\/#breadcrumb\",\"itemListElement\":[{\"@type\":\"ListItem\",\"position\":1,\"name\":\"Home\",\"item\":\"https:\\\/\\\/eamt.ee\\\/en\\\/\"},{\"@type\":\"ListItem\",\"position\":2,\"name\":\"Departments\",\"item\":\"https:\\\/\\\/eamt.ee\\\/en\\\/departments\\\/\"},{\"@type\":\"ListItem\",\"position\":3,\"name\":\"Classical Music Performance\",\"item\":\"https:\\\/\\\/eamt.ee\\\/en\\\/departments\\\/classical-music-performance\\\/\"},{\"@type\":\"ListItem\",\"position\":4,\"name\":\"EAMT Choir\"}]},{\"@type\":\"WebSite\",\"@id\":\"https:\\\/\\\/eamt.ee\\\/en\\\/#website\",\"url\":\"https:\\\/\\\/eamt.ee\\\/en\\\/\",\"name\":\"Estonian Academy of Music and Theatre\",\"description\":\"\",\"potentialAction\":[{\"@type\":\"SearchAction\",\"target\":{\"@type\":\"EntryPoint\",\"urlTemplate\":\"https:\\\/\\\/eamt.ee\\\/en\\\/?s={search_term_string}\"},\"query-input\":{\"@type\":\"PropertyValueSpecification\",\"valueRequired\":true,\"valueName\":\"search_term_string\"}}],\"inLanguage\":\"en-US\"}]}<\/script>\n<!-- \/ Yoast SEO plugin. -->","yoast_head_json":{"title":"EAMT Choir | Estonian Academy of Music and Theatre","robots":{"index":"index","follow":"follow","max-snippet":"max-snippet:-1","max-image-preview":"max-image-preview:large","max-video-preview":"max-video-preview:-1"},"canonical":"https:\/\/eamt.ee\/en\/departments\/classical-music-performance\/eamt-choir\/","og_locale":"en_US","og_type":"article","og_title":"EAMT Choir | Estonian Academy of Music and Theatre","og_url":"https:\/\/eamt.ee\/en\/departments\/classical-music-performance\/eamt-choir\/","og_site_name":"Estonian Academy of Music and Theatre","article_modified_time":"2025-05-08T14:52:28+00:00","og_image":[{"width":2500,"height":1667,"url":"https:\/\/eamt.ee\/wp-content\/uploads\/2020\/10\/R_K_9273.jpg","type":"image\/jpeg"}],"twitter_card":"summary_large_image","schema":{"@context":"https:\/\/schema.org","@graph":[{"@type":"WebPage","@id":"https:\/\/eamt.ee\/en\/departments\/classical-music-performance\/eamt-choir\/","url":"https:\/\/eamt.ee\/en\/departments\/classical-music-performance\/eamt-choir\/","name":"EAMT Choir | Estonian Academy of Music and Theatre","isPartOf":{"@id":"https:\/\/eamt.ee\/en\/#website"},"datePublished":"2020-08-18T03:36:53+00:00","dateModified":"2025-05-08T14:52:28+00:00","breadcrumb":{"@id":"https:\/\/eamt.ee\/en\/departments\/classical-music-performance\/eamt-choir\/#breadcrumb"},"inLanguage":"en-US","potentialAction":[{"@type":"ReadAction","target":["https:\/\/eamt.ee\/en\/departments\/classical-music-performance\/eamt-choir\/"]}]},{"@type":"BreadcrumbList","@id":"https:\/\/eamt.ee\/en\/departments\/classical-music-performance\/eamt-choir\/#breadcrumb","itemListElement":[{"@type":"ListItem","position":1,"name":"Home","item":"https:\/\/eamt.ee\/en\/"},{"@type":"ListItem","position":2,"name":"Departments","item":"https:\/\/eamt.ee\/en\/departments\/"},{"@type":"ListItem","position":3,"name":"Classical Music Performance","item":"https:\/\/eamt.ee\/en\/departments\/classical-music-performance\/"},{"@type":"ListItem","position":4,"name":"EAMT Choir"}]},{"@type":"WebSite","@id":"https:\/\/eamt.ee\/en\/#website","url":"https:\/\/eamt.ee\/en\/","name":"Estonian Academy of Music and Theatre","description":"","potentialAction":[{"@type":"SearchAction","target":{"@type":"EntryPoint","urlTemplate":"https:\/\/eamt.ee\/en\/?s={search_term_string}"},"query-input":{"@type":"PropertyValueSpecification","valueRequired":true,"valueName":"search_term_string"}}],"inLanguage":"en-US"}]}},"_links":{"self":[{"href":"https:\/\/eamt.ee\/en\/wp-json\/wp\/v2\/pages\/6003","targetHints":{"allow":["GET"]}}],"collection":[{"href":"https:\/\/eamt.ee\/en\/wp-json\/wp\/v2\/pages"}],"about":[{"href":"https:\/\/eamt.ee\/en\/wp-json\/wp\/v2\/types\/page"}],"author":[{"embeddable":true,"href":"https:\/\/eamt.ee\/en\/wp-json\/wp\/v2\/users\/1"}],"replies":[{"embeddable":true,"href":"https:\/\/eamt.ee\/en\/wp-json\/wp\/v2\/comments?post=6003"}],"version-history":[{"count":10,"href":"https:\/\/eamt.ee\/en\/wp-json\/wp\/v2\/pages\/6003\/revisions"}],"predecessor-version":[{"id":54752,"href":"https:\/\/eamt.ee\/en\/wp-json\/wp\/v2\/pages\/6003\/revisions\/54752"}],"up":[{"embeddable":true,"href":"https:\/\/eamt.ee\/en\/wp-json\/wp\/v2\/pages\/4425"}],"wp:attachment":[{"href":"https:\/\/eamt.ee\/en\/wp-json\/wp\/v2\/media?parent=6003"}],"curies":[{"name":"wp","href":"https:\/\/api.w.org\/{rel}","templated":true}]}}