{"id":6006,"date":"2020-08-18T06:36:35","date_gmt":"2020-08-18T03:36:35","guid":{"rendered":"https:\/\/eamt.ee\/departments\/classical-music-performance\/emta-sumfooniaorkester\/"},"modified":"2026-03-09T21:27:00","modified_gmt":"2026-03-09T19:27:00","slug":"eamt-symphony-orchestra","status":"publish","type":"page","link":"https:\/\/eamt.ee\/en\/departments\/classical-music-performance\/eamt-symphony-orchestra\/","title":{"rendered":"EAMT Symphony Orchestra"},"content":{"rendered":"","protected":false},"excerpt":{"rendered":"","protected":false},"author":1,"featured_media":0,"parent":4425,"menu_order":11,"comment_status":"closed","ping_status":"closed","template":"","meta":{"_acf_changed":false,"footnotes":""},"class_list":["post-6006","page","type-page","status-publish","hentry"],"acf":{"post_image":false,"page_content":[{"acf_fc_layout":"pilt","page_image":{"ID":4921,"id":4921,"title":"101 suures saalis. EMTA S\u00fcmfooniaorkestri kontsert","filename":"Rene-00831.jpg","filesize":1318971,"url":"https:\/\/eamt.ee\/wp-content\/uploads\/2020\/10\/Rene-00831.jpg","link":"https:\/\/eamt.ee\/en\/departments\/classical-music-performance\/eamt-symphony-orchestra\/101-suures-saalis-emta-sumfooniaorkestri-kontsert-12-2\/","alt":"","author":"3","description":"","caption":"Foto: Rene Jakobson","name":"101-suures-saalis-emta-sumfooniaorkestri-kontsert-12-2","status":"inherit","uploaded_to":6006,"date":"2020-10-06 17:58:02","modified":"2020-10-07 05:59:03","menu_order":0,"mime_type":"image\/jpeg","type":"image","subtype":"jpeg","icon":"https:\/\/eamt.ee\/wp-includes\/images\/media\/default.png","width":2000,"height":723,"sizes":{"thumbnail":"https:\/\/eamt.ee\/wp-content\/uploads\/2020\/10\/Rene-00831-150x150.jpg","thumbnail-width":150,"thumbnail-height":150,"medium":"https:\/\/eamt.ee\/wp-content\/uploads\/2020\/10\/Rene-00831-300x108.jpg","medium-width":300,"medium-height":108,"medium_large":"https:\/\/eamt.ee\/wp-content\/uploads\/2020\/10\/Rene-00831-768x278.jpg","medium_large-width":768,"medium_large-height":278,"large":"https:\/\/eamt.ee\/wp-content\/uploads\/2020\/10\/Rene-00831-1024x370.jpg","large-width":1024,"large-height":370,"1536x1536":"https:\/\/eamt.ee\/wp-content\/uploads\/2020\/10\/Rene-00831-1536x555.jpg","1536x1536-width":1536,"1536x1536-height":555,"2048x2048":"https:\/\/eamt.ee\/wp-content\/uploads\/2020\/10\/Rene-00831.jpg","2048x2048-width":2000,"2048x2048-height":723,"640px":"https:\/\/eamt.ee\/wp-content\/uploads\/2020\/10\/Rene-00831-640x231.jpg","640px-width":640,"640px-height":231,"768px":"https:\/\/eamt.ee\/wp-content\/uploads\/2020\/10\/Rene-00831-768x278.jpg","768px-width":768,"768px-height":278,"1024px":"https:\/\/eamt.ee\/wp-content\/uploads\/2020\/10\/Rene-00831-1024x370.jpg","1024px-width":1024,"1024px-height":370,"1280px":"https:\/\/eamt.ee\/wp-content\/uploads\/2020\/10\/Rene-00831-1280x463.jpg","1280px-width":1280,"1280px-height":463,"1366px":"https:\/\/eamt.ee\/wp-content\/uploads\/2020\/10\/Rene-00831-1366x494.jpg","1366px-width":1366,"1366px-height":494,"1600px":"https:\/\/eamt.ee\/wp-content\/uploads\/2020\/10\/Rene-00831-1600x578.jpg","1600px-width":1600,"1600px-height":578,"1920px":"https:\/\/eamt.ee\/wp-content\/uploads\/2020\/10\/Rene-00831-1920x694.jpg","1920px-width":1920,"1920px-height":694,"2400px":"https:\/\/eamt.ee\/wp-content\/uploads\/2020\/10\/Rene-00831.jpg","2400px-width":2000,"2400px-height":723,"woocommerce_thumbnail":"https:\/\/eamt.ee\/wp-content\/uploads\/2020\/10\/Rene-00831-415x415.jpg","woocommerce_thumbnail-width":415,"woocommerce_thumbnail-height":415,"woocommerce_single":"https:\/\/eamt.ee\/wp-content\/uploads\/2020\/10\/Rene-00831-600x217.jpg","woocommerce_single-width":600,"woocommerce_single-height":217,"woocommerce_gallery_thumbnail":"https:\/\/eamt.ee\/wp-content\/uploads\/2020\/10\/Rene-00831-100x100.jpg","woocommerce_gallery_thumbnail-width":100,"woocommerce_gallery_thumbnail-height":100}},"is_full_image":true},{"acf_fc_layout":"tekstikast","page_text":"<p>EAMT Symphony Orchestra (EAMT SO) is a launch pad for professional Estonian orchestral musicians. Over time, the orchestra has been conducted by most of the well-known Estonian conductors: Roman Matsov, Vallo J\u00e4rvi, Peeter Lilje, Eri Klas, Vello P\u00e4hn, Paul M\u00e4gi, J\u00fcri Alperten, Arvo Volmer, Andres Mustonen, Toomas Kapten, Toomas Vavilov, Risto Joost and Erki Pehk. The orchestra has performed under the baton of several foreign conductors, including Michel Tabachnik (Switzerland), Jin Wang (Austria), Colin Metters (England), Cecilia Rydinger Alin (Sweden) and Lutz K\u00f6hler (Germany).<\/p>\n<p>Each season, the orchestra presents an average of seven programs and collaborates with the Estonian National Symphony Orchestra (ERSO) in joint concerts. EAMT SO has received recognition on concert tours in Sweden, Finland, and Germany. On four occasions (2002, 2005, 2016, and 2023), the orchestra has performed at the Young Euro Classic festival in Berlin, bringing home the award for new compositions twice: in 2005 with \u00dclo Krigul\u2019s \u201cJenZeits\u201d and in 2016 with Liisa Hirsch\u2019s \u201cMechanics of Flying\u201d.<\/p>\n"},{"acf_fc_layout":"dropdown","which_dropdown":"simple","dropdowns":[{"title":"Projects and events","text":"<p><strong>2026<\/strong><br \/>\n18.04 <a href=\"https:\/\/emtasaalid.ee\/uritused\/emta-sumfooniaorkester-4\/\" target=\"_blank\" rel=\"noopener\">EMTA s\u00fcmfooniaorkester<\/a><br \/>\n20.02 <a href=\"https:\/\/emtasaalid.ee\/uritused\/dmitri-sostakovits-120\/\" target=\"_blank\" rel=\"noopener\">Dmitri \u0160ostakovit\u0161 120<\/a><\/p>\n<p><strong>2025<\/strong><br \/>\n23.11 <a href=\"https:\/\/emtasaalid.ee\/uritused\/emta-sumfooniaorkester-3\/\" target=\"_blank\" rel=\"noopener\">EMTA s\u00fcmfooniaorkester<\/a><br \/>\n19.10 <a href=\"https:\/\/emtasaalid.ee\/uritused\/festivali-loppkontsert-credo\/\" target=\"_blank\" rel=\"noopener\">M\u00dcRIAADfest. Festivali l\u00f5ppkontsert \u201eCredo\u201d<\/a><br \/>\n20.06 <a href=\"https:\/\/emtasaalid.ee\/uritused\/eesti-muusika-ja-teatriakadeemia-2025-aasta-lopetajate-kontsertaktus\/\" target=\"_blank\" rel=\"noopener\">Eesti Muusika- ja Teatriakadeemia 2025. aasta l\u00f5petajate kontsertaktus<\/a><br \/>\n19.06 <a href=\"https:\/\/emtasaalid.ee\/uritused\/suure-jaani-muusikafestival-eesti-muusika-ja-teatriakadeemia-sumfooniaorkester-2\/\" target=\"_blank\" rel=\"noopener\">Suure-Jaani Muusikafestival. Eesti Muusika- ja Teatriakadeemia s\u00fcmfooniaorkester<\/a><br \/>\n04.05 <a href=\"https:\/\/emtasaalid.ee\/uritused\/emta-sumfooniaorkester-2\/\" target=\"_blank\" rel=\"noopener\">EMTA s\u00fcmfooniaorkester<\/a><br \/>\n20.04 <a href=\"https:\/\/emtasaalid.ee\/uritused\/noorte-heliloojate-uudislooming-2\/\" target=\"_blank\" rel=\"noopener\">Noorte heliloojate uudislooming<\/a><br \/>\n16.03 <a href=\"https:\/\/emtasaalid.ee\/uritused\/emta-sumfooniaorkester\/\" target=\"_blank\" rel=\"noopener\">EMTA s\u00fcmfooniaorkester<\/a><\/p>\n<p><strong>2024<\/strong><\/p>\n<p>22.11 <a href=\"https:\/\/emtasaalid.ee\/uritused\/nibelungi-sormus-erso-ja-emta-sumfooniaorkester\/\" target=\"_blank\" rel=\"noopener\">\u201eNibelungi s\u00f5rmus\u201d. ERSO ja EMTA s\u00fcmfooniaorkester<\/a><br \/>\n28.09 <a href=\"https:\/\/emtasaalid.ee\/uritused\/muriaadfest-emta-105\/\" target=\"_blank\" rel=\"noopener\">M\u00dcRIAADfest. EMTA 105<\/a><br \/>\n21.06 <a href=\"https:\/\/emtasaalid.ee\/uritused\/eesti-muusika-ja-teatriakadeemia-2024-aasta-lopetajate-kontsertaktus\/\" target=\"_blank\" rel=\"noopener\">Eesti Muusika- ja Teatriakadeemia 2024. aasta l\u00f5petajate kontsertaktus<\/a><br \/>\n20.06 <a href=\"https:\/\/emtasaalid.ee\/uritused\/suure-jaani-muusikafestival-eesti-muusika-ja-teatriakadeemia-sumfooniaorkester\/\" target=\"_blank\" rel=\"noopener\">Suure-Jaani Muusikafestival. Eesti Muusika- ja Teatriakadeemia s\u00fcmfooniaorkester<\/a><br \/>\n12.05 <a href=\"https:\/\/emtasaalid.ee\/uritused\/noorte-heliloojate-uudislooming-ii\/\" target=\"_blank\" rel=\"noopener\">Noorte heliloojate uudislooming II<\/a><br \/>\n09.03 <a href=\"https:\/\/emtasaalid.ee\/uritused\/benjamin-britten-sojareekviem\/\" target=\"_blank\" rel=\"noopener\">Benjamin Britten. \u201eS\u00f5jareekviem\u201c<\/a><br \/>\n26.01 <a href=\"https:\/\/emtasaalid.ee\/uritused\/heroes-erso-emta-sumfooniaorkester-ja-dirigent-olari-elts\/\" target=\"_blank\" rel=\"noopener\">HEROES. ERSO, EMTA s\u00fcmfooniaorkester ja dirigent OLARI ELTS<\/a><\/p>\n<p><strong>2023<\/strong><\/p>\n<p>21.10 <a href=\"https:\/\/emtasaalid.ee\/uritused\/muriaadorkester\/\" target=\"_blank\" rel=\"noopener\">m\u00fcriaadORKESTER<\/a><br \/>\n20.08 <a href=\"https:\/\/emtasaalid.ee\/uritused\/eestile\/\" target=\"_blank\" rel=\"noopener\">Eestile!<\/a><br \/>\n22.06 <a href=\"https:\/\/emtasaalid.ee\/uritused\/eesti-muusika-ja-teatriakadeemia-2023-aasta-lopetajate-kontsertaktus\/\" target=\"_blank\" rel=\"noopener\">Eesti Muusika- ja Teatriakadeemia 2023. aasta l\u00f5petajate kontsertaktus<\/a><br \/>\n21.06 <a href=\"https:\/\/emtasaalid.ee\/uritused\/5267\/\" target=\"_blank\" rel=\"noopener\">EMTA s\u00fcmfooniaorkester Suure-Jaani Muusikafestivalil<\/a><br \/>\n14.05 <a href=\"https:\/\/emtasaalid.ee\/uritused\/noorte-heliloojate-uudislooming\/\" target=\"_blank\" rel=\"noopener\">Noorte heliloojate uudislooming<\/a><br \/>\n30.04 <a href=\"https:\/\/emtasaalid.ee\/uritused\/emta-sumfooniaorkester-ja-silvia-ilves-tsello\/\" target=\"_blank\" rel=\"noopener\">EMTA s\u00fcmfooniaorkester ja Silvia Ilves (t\u0161ello)<\/a><br \/>\n05.03 <a href=\"https:\/\/emtasaalid.ee\/uritused\/emta-sumfooniaorkester-ja-piret-mikalai-klaver\/\" target=\"_blank\" rel=\"noopener\">EMTA s\u00fcmfooniaorkester ja Piret Mikalai (klaver)<\/a><\/p>\n<p><strong>2022<\/strong><\/p>\n<p>19.11, 20.11\u00a0<a href=\"https:\/\/emtasaalid.ee\/uritused\/muriaadfest-uuest-maailmast-2\/\">m\u00fcriaadFEST. \u201eUuest maailmast\u201c<\/a><br \/>\n30.09 <a href=\"https:\/\/emtasaalid.ee\/uritused\/keelatud-armastus\/\" target=\"_blank\" rel=\"noopener\">\u201eKeelatud armastus\u201c<\/a><br \/>\n29.09 <a href=\"https:\/\/emtasaalid.ee\/uritused\/sumfooniline-louna-i-keelatud-armastus\/\" target=\"_blank\" rel=\"noopener\">S\u00fcmfooniline l\u00f5una I: \u201eKeelatud armastus\u201c<\/a><br \/>\n18.06 <a href=\"https:\/\/emtasaalid.ee\/uritused\/eesti-muusika-ja-teatriakadeemia-2022-aasta-lopetajate-kontsertaktus\/\" target=\"_blank\" rel=\"noopener\">Eesti Muusika- ja Teatriakadeemia 2022. aasta l\u00f5petajate kontsertaktus<\/a><br \/>\n17.06 <a href=\"https:\/\/emtasaalid.ee\/uritused\/eesti-muusika-ja-teatriakadeemia-sumfooniaorkestri-kontsert\/\" target=\"_blank\" rel=\"noopener\">Eesti Muusika- ja Teatriakadeemia s\u00fcmfooniaorkestri kontsert Suure-Jaani Muusikafestivalil<\/a><br \/>\n15.05 <a href=\"https:\/\/emtasaalid.ee\/uritused\/uudislooming-eesti-muusika-ja-teatriakadeemia-sumfooniaorkester\/\" target=\"_blank\" rel=\"noopener\">Uudislooming. Eesti Muusika- ja Teatriakadeemia s\u00fcmfooniaorkester<\/a><br \/>\n03.04 <a href=\"https:\/\/emtasaalid.ee\/uritused\/102-suures-saalis-carl-orffi-ooper-kuu\/\" target=\"_blank\" rel=\"noopener\">102 suures saalis. Carl Orffi ooper \u201eKuu\u201c<\/a><br \/>\n31.03 <a href=\"https:\/\/emtasaalid.ee\/uritused\/akadeemia-koolikontsert-4\/\" target=\"_blank\" rel=\"noopener\">Akadeemia koolikontsert<\/a><br \/>\n11.02 <a href=\"https:\/\/emtasaalid.ee\/uritused\/botstein-ja-dvorak\/\" target=\"_blank\" rel=\"noopener\">Bloxham ja Dvo\u0159\u00e1k<\/a><\/p>\n<p><strong>2021<br \/>\n<\/strong>14.11 <a href=\"https:\/\/emtasaalid.ee\/uritused\/muriaadfest-ester-magi-malestuskontsert\/\" target=\"_blank\" rel=\"noopener\">m\u00fcriaadFEST. Ester M\u00e4gi m\u00e4lestuskontsert<\/a><br \/>\n03.10 <a href=\"https:\/\/emtasaalid.ee\/uritused\/102-suures-saalis-mozart-armastuse-parast-aednikuneiu\/\" target=\"_blank\" rel=\"noopener\">102 suures saalis. Mozart \u201eArmastuse p\u00e4rast aednikuneiu\u201c<\/a><br \/>\n19.06 <a href=\"https:\/\/emtasaalid.ee\/uritused\/eesti-muusika-ja-teatriakadeemia-2021-aasta-lopetajate-kontsert\/\" target=\"_blank\" rel=\"noopener\">Eesti Muusika- ja Teatriakadeemia 2021. aasta l\u00f5petajate kontsert<\/a><br \/>\n12.02 <a href=\"https:\/\/emtasaalid.ee\/uritused\/beethoven-ja-kotzebue\/\" target=\"_blank\" rel=\"noopener\">Beethoven ja Kotzebue<\/a><br \/>\n11.02 <a href=\"https:\/\/emtasaalid.ee\/uritused\/sumfooniline-louna-ii\/\" target=\"_blank\" rel=\"noopener\">S\u00fcmfooniline l\u00f5una II<\/a><\/p>\n<p><strong>2020<br \/>\n<\/strong>22.11 <a href=\"https:\/\/emtasaalid.ee\/uritused\/penderecki-malestuskontsert\/\" target=\"_blank\" rel=\"noopener\">m\u00fcriaadFEST. Krzysztof Penderecki m\u00e4lestuskontsert<\/a><br \/>\n04.10 <a href=\"https:\/\/emtasaalid.ee\/uritused\/101-suures-saalis\/\" target=\"_blank\" rel=\"noopener\">101 suures saalis. Eesti Muusika- ja Teatriakadeemia s\u00fcmfooniaorkester<\/a><br \/>\n20.02 <a href=\"https:\/\/emtasaalid.ee\/uritused\/sostakovitsi-kumnes\/\" target=\"_blank\" rel=\"noopener\">\u201e\u0160ostakovit\u0161i k\u00fcmnes\u201c<\/a><\/p>\n<p><strong>2019<br \/>\n<\/strong>14.12 <a href=\"https:\/\/emtasaalid.ee\/uritused\/sada-suures-saalis-stravinski-ja-adams\/\" target=\"_blank\" rel=\"noopener\">Sada suures saalis \u201eStravinski ja Adams\u201c<\/a><br \/>\n17.11 <a href=\"https:\/\/emtasaalid.ee\/uritused\/sada-suures-saalis-emta-jazzmuusika-eriala-15\/\" target=\"_blank\" rel=\"noopener\">Sada suures saalis \u201eS\u00fcmfooniline jazz\u201c<\/a><br \/>\n28.09 <a href=\"https:\/\/emtasaalid.ee\/uritused\/kontserdi-ja-teatrimaja-pidulik-avakontsert\/\" target=\"_blank\" rel=\"noopener\">EMTA kontserdi- ja teatrimaja pidulik avakontsert<\/a><\/p>\n<p>You can find more info from <a href=\"https:\/\/eamt.ee\/en\/about\/the-academy\/yearbooks\/\" target=\"_blank\" rel=\"noopener\">yearbooks<\/a>.<\/p>\n"}],"hard_dropdowns":false}],"is_not_a_page":false,"side_title":"","side_info":"","add_people":true,"people":[{"person":5831}],"add_news":false,"add_events":false,"is_drama_page":false,"is_cppm_page":false,"show_in_sub_menu":false,"is_hidden":false,"dont_show_img":false,"mobile_show_side":false,"side_links_title":"","side_links":false,"dont_show_auto_gen":false,"is_hidden_submenu":false},"yoast_head":"<!-- This site is optimized with the Yoast SEO plugin v27.1.1 - https:\/\/yoast.com\/product\/yoast-seo-wordpress\/ -->\n<title>EAMT Symphony Orchestra | Estonian Academy of Music and Theatre<\/title>\n<meta name=\"robots\" content=\"index, follow, max-snippet:-1, max-image-preview:large, max-video-preview:-1\" \/>\n<link rel=\"canonical\" href=\"https:\/\/eamt.ee\/en\/departments\/classical-music-performance\/eamt-symphony-orchestra\/\" \/>\n<meta property=\"og:locale\" content=\"en_US\" \/>\n<meta property=\"og:type\" content=\"article\" \/>\n<meta property=\"og:title\" content=\"EAMT Symphony Orchestra | Estonian Academy of Music and Theatre\" \/>\n<meta property=\"og:url\" content=\"https:\/\/eamt.ee\/en\/departments\/classical-music-performance\/eamt-symphony-orchestra\/\" \/>\n<meta property=\"og:site_name\" content=\"Estonian Academy of Music and Theatre\" \/>\n<meta property=\"article:modified_time\" content=\"2026-03-09T19:27:00+00:00\" \/>\n<meta property=\"og:image\" content=\"https:\/\/eamt.ee\/wp-content\/uploads\/2020\/10\/R_K_9273.jpg\" \/>\n\t<meta property=\"og:image:width\" content=\"2500\" \/>\n\t<meta property=\"og:image:height\" content=\"1667\" \/>\n\t<meta property=\"og:image:type\" content=\"image\/jpeg\" \/>\n<meta name=\"twitter:card\" content=\"summary_large_image\" \/>\n<script type=\"application\/ld+json\" class=\"yoast-schema-graph\">{\"@context\":\"https:\/\/schema.org\",\"@graph\":[{\"@type\":\"WebPage\",\"@id\":\"https:\/\/eamt.ee\/en\/departments\/classical-music-performance\/eamt-symphony-orchestra\/\",\"url\":\"https:\/\/eamt.ee\/en\/departments\/classical-music-performance\/eamt-symphony-orchestra\/\",\"name\":\"EAMT Symphony Orchestra | Estonian Academy of Music and Theatre\",\"isPartOf\":{\"@id\":\"https:\/\/eamt.ee\/en\/#website\"},\"datePublished\":\"2020-08-18T03:36:35+00:00\",\"dateModified\":\"2026-03-09T19:27:00+00:00\",\"breadcrumb\":{\"@id\":\"https:\/\/eamt.ee\/en\/departments\/classical-music-performance\/eamt-symphony-orchestra\/#breadcrumb\"},\"inLanguage\":\"en-US\",\"potentialAction\":[{\"@type\":\"ReadAction\",\"target\":[\"https:\/\/eamt.ee\/en\/departments\/classical-music-performance\/eamt-symphony-orchestra\/\"]}]},{\"@type\":\"BreadcrumbList\",\"@id\":\"https:\/\/eamt.ee\/en\/departments\/classical-music-performance\/eamt-symphony-orchestra\/#breadcrumb\",\"itemListElement\":[{\"@type\":\"ListItem\",\"position\":1,\"name\":\"Home\",\"item\":\"https:\/\/eamt.ee\/en\/\"},{\"@type\":\"ListItem\",\"position\":2,\"name\":\"Departments\",\"item\":\"https:\/\/eamt.ee\/en\/departments\/\"},{\"@type\":\"ListItem\",\"position\":3,\"name\":\"Classical Music Performance\",\"item\":\"https:\/\/eamt.ee\/en\/departments\/classical-music-performance\/\"},{\"@type\":\"ListItem\",\"position\":4,\"name\":\"EAMT Symphony Orchestra\"}]},{\"@type\":\"WebSite\",\"@id\":\"https:\/\/eamt.ee\/en\/#website\",\"url\":\"https:\/\/eamt.ee\/en\/\",\"name\":\"Estonian Academy of Music and Theatre\",\"description\":\"\",\"potentialAction\":[{\"@type\":\"SearchAction\",\"target\":{\"@type\":\"EntryPoint\",\"urlTemplate\":\"https:\/\/eamt.ee\/en\/?s={search_term_string}\"},\"query-input\":{\"@type\":\"PropertyValueSpecification\",\"valueRequired\":true,\"valueName\":\"search_term_string\"}}],\"inLanguage\":\"en-US\"}]}<\/script>\n<!-- \/ Yoast SEO plugin. -->","yoast_head_json":{"title":"EAMT Symphony Orchestra | Estonian Academy of Music and Theatre","robots":{"index":"index","follow":"follow","max-snippet":"max-snippet:-1","max-image-preview":"max-image-preview:large","max-video-preview":"max-video-preview:-1"},"canonical":"https:\/\/eamt.ee\/en\/departments\/classical-music-performance\/eamt-symphony-orchestra\/","og_locale":"en_US","og_type":"article","og_title":"EAMT Symphony Orchestra | Estonian Academy of Music and Theatre","og_url":"https:\/\/eamt.ee\/en\/departments\/classical-music-performance\/eamt-symphony-orchestra\/","og_site_name":"Estonian Academy of Music and Theatre","article_modified_time":"2026-03-09T19:27:00+00:00","og_image":[{"width":2500,"height":1667,"url":"https:\/\/eamt.ee\/wp-content\/uploads\/2020\/10\/R_K_9273.jpg","type":"image\/jpeg"}],"twitter_card":"summary_large_image","schema":{"@context":"https:\/\/schema.org","@graph":[{"@type":"WebPage","@id":"https:\/\/eamt.ee\/en\/departments\/classical-music-performance\/eamt-symphony-orchestra\/","url":"https:\/\/eamt.ee\/en\/departments\/classical-music-performance\/eamt-symphony-orchestra\/","name":"EAMT Symphony Orchestra | Estonian Academy of Music and Theatre","isPartOf":{"@id":"https:\/\/eamt.ee\/en\/#website"},"datePublished":"2020-08-18T03:36:35+00:00","dateModified":"2026-03-09T19:27:00+00:00","breadcrumb":{"@id":"https:\/\/eamt.ee\/en\/departments\/classical-music-performance\/eamt-symphony-orchestra\/#breadcrumb"},"inLanguage":"en-US","potentialAction":[{"@type":"ReadAction","target":["https:\/\/eamt.ee\/en\/departments\/classical-music-performance\/eamt-symphony-orchestra\/"]}]},{"@type":"BreadcrumbList","@id":"https:\/\/eamt.ee\/en\/departments\/classical-music-performance\/eamt-symphony-orchestra\/#breadcrumb","itemListElement":[{"@type":"ListItem","position":1,"name":"Home","item":"https:\/\/eamt.ee\/en\/"},{"@type":"ListItem","position":2,"name":"Departments","item":"https:\/\/eamt.ee\/en\/departments\/"},{"@type":"ListItem","position":3,"name":"Classical Music Performance","item":"https:\/\/eamt.ee\/en\/departments\/classical-music-performance\/"},{"@type":"ListItem","position":4,"name":"EAMT Symphony Orchestra"}]},{"@type":"WebSite","@id":"https:\/\/eamt.ee\/en\/#website","url":"https:\/\/eamt.ee\/en\/","name":"Estonian Academy of Music and Theatre","description":"","potentialAction":[{"@type":"SearchAction","target":{"@type":"EntryPoint","urlTemplate":"https:\/\/eamt.ee\/en\/?s={search_term_string}"},"query-input":{"@type":"PropertyValueSpecification","valueRequired":true,"valueName":"search_term_string"}}],"inLanguage":"en-US"}]}},"_links":{"self":[{"href":"https:\/\/eamt.ee\/en\/wp-json\/wp\/v2\/pages\/6006","targetHints":{"allow":["GET"]}}],"collection":[{"href":"https:\/\/eamt.ee\/en\/wp-json\/wp\/v2\/pages"}],"about":[{"href":"https:\/\/eamt.ee\/en\/wp-json\/wp\/v2\/types\/page"}],"author":[{"embeddable":true,"href":"https:\/\/eamt.ee\/en\/wp-json\/wp\/v2\/users\/1"}],"replies":[{"embeddable":true,"href":"https:\/\/eamt.ee\/en\/wp-json\/wp\/v2\/comments?post=6006"}],"version-history":[{"count":30,"href":"https:\/\/eamt.ee\/en\/wp-json\/wp\/v2\/pages\/6006\/revisions"}],"predecessor-version":[{"id":62483,"href":"https:\/\/eamt.ee\/en\/wp-json\/wp\/v2\/pages\/6006\/revisions\/62483"}],"up":[{"embeddable":true,"href":"https:\/\/eamt.ee\/en\/wp-json\/wp\/v2\/pages\/4425"}],"wp:attachment":[{"href":"https:\/\/eamt.ee\/en\/wp-json\/wp\/v2\/media?parent=6006"}],"curies":[{"name":"wp","href":"https:\/\/api.w.org\/{rel}","templated":true}]}}