{"id":6141,"date":"2020-08-18T07:03:18","date_gmt":"2020-08-18T04:03:18","guid":{"rendered":"https:\/\/eamt.ee\/events\/konkursid\/"},"modified":"2026-02-17T18:08:24","modified_gmt":"2026-02-17T16:08:24","slug":"auditions","status":"publish","type":"page","link":"https:\/\/eamt.ee\/en\/events\/auditions\/","title":{"rendered":"Auditions and Competitions"},"content":{"rendered":"","protected":false},"excerpt":{"rendered":"","protected":false},"author":1,"featured_media":0,"parent":100,"menu_order":2,"comment_status":"closed","ping_status":"closed","template":"","meta":{"_acf_changed":false,"footnotes":""},"class_list":["post-6141","page","type-page","status-publish","hentry"],"acf":{"post_image":false,"page_content":[{"acf_fc_layout":"dropdown","which_dropdown":"hard","dropdowns":false,"hard_dropdowns":[{"dropdown_title":"Estonian Wind and Percussion Players Competition 2026","dropdown_content":[{"acf_fc_layout":"pilt","page_image":{"ID":62016,"id":62016,"title":"Konkurss_1230 x 800","filename":"Konkurss_1230-x-800.jpg","filesize":431725,"url":"https:\/\/eamt.ee\/wp-content\/uploads\/2026\/02\/Konkurss_1230-x-800.jpg","link":"https:\/\/eamt.ee\/en\/event\/estonian-wind-and-percussion-players-competition-2026\/konkurss_1230-x-800-2\/","alt":"","author":"11","description":"","caption":"","name":"konkurss_1230-x-800-2","status":"inherit","uploaded_to":61956,"date":"2026-02-17 16:05:47","modified":"2026-02-17 16:05:47","menu_order":0,"mime_type":"image\/jpeg","type":"image","subtype":"jpeg","icon":"https:\/\/eamt.ee\/wp-includes\/images\/media\/default.png","width":1230,"height":800,"sizes":{"thumbnail":"https:\/\/eamt.ee\/wp-content\/uploads\/2026\/02\/Konkurss_1230-x-800-150x150.jpg","thumbnail-width":150,"thumbnail-height":150,"medium":"https:\/\/eamt.ee\/wp-content\/uploads\/2026\/02\/Konkurss_1230-x-800-300x195.jpg","medium-width":300,"medium-height":195,"medium_large":"https:\/\/eamt.ee\/wp-content\/uploads\/2026\/02\/Konkurss_1230-x-800-768x500.jpg","medium_large-width":768,"medium_large-height":500,"large":"https:\/\/eamt.ee\/wp-content\/uploads\/2026\/02\/Konkurss_1230-x-800-1024x666.jpg","large-width":1024,"large-height":666,"1536x1536":"https:\/\/eamt.ee\/wp-content\/uploads\/2026\/02\/Konkurss_1230-x-800.jpg","1536x1536-width":1230,"1536x1536-height":800,"2048x2048":"https:\/\/eamt.ee\/wp-content\/uploads\/2026\/02\/Konkurss_1230-x-800.jpg","2048x2048-width":1230,"2048x2048-height":800,"640px":"https:\/\/eamt.ee\/wp-content\/uploads\/2026\/02\/Konkurss_1230-x-800-640x416.jpg","640px-width":640,"640px-height":416,"768px":"https:\/\/eamt.ee\/wp-content\/uploads\/2026\/02\/Konkurss_1230-x-800-768x500.jpg","768px-width":768,"768px-height":500,"1024px":"https:\/\/eamt.ee\/wp-content\/uploads\/2026\/02\/Konkurss_1230-x-800-1024x666.jpg","1024px-width":1024,"1024px-height":666,"1280px":"https:\/\/eamt.ee\/wp-content\/uploads\/2026\/02\/Konkurss_1230-x-800.jpg","1280px-width":1230,"1280px-height":800,"1366px":"https:\/\/eamt.ee\/wp-content\/uploads\/2026\/02\/Konkurss_1230-x-800.jpg","1366px-width":1230,"1366px-height":800,"1600px":"https:\/\/eamt.ee\/wp-content\/uploads\/2026\/02\/Konkurss_1230-x-800.jpg","1600px-width":1230,"1600px-height":800,"1920px":"https:\/\/eamt.ee\/wp-content\/uploads\/2026\/02\/Konkurss_1230-x-800.jpg","1920px-width":1230,"1920px-height":800,"2400px":"https:\/\/eamt.ee\/wp-content\/uploads\/2026\/02\/Konkurss_1230-x-800.jpg","2400px-width":1230,"2400px-height":800,"woocommerce_thumbnail":"https:\/\/eamt.ee\/wp-content\/uploads\/2026\/02\/Konkurss_1230-x-800-415x415.jpg","woocommerce_thumbnail-width":415,"woocommerce_thumbnail-height":415,"woocommerce_single":"https:\/\/eamt.ee\/wp-content\/uploads\/2026\/02\/Konkurss_1230-x-800-600x390.jpg","woocommerce_single-width":600,"woocommerce_single-height":390,"woocommerce_gallery_thumbnail":"https:\/\/eamt.ee\/wp-content\/uploads\/2026\/02\/Konkurss_1230-x-800-100x100.jpg","woocommerce_gallery_thumbnail-width":100,"woocommerce_gallery_thumbnail-height":100}},"is_full_image":true},{"acf_fc_layout":"tekstikast","page_text":"<p>The Estonian Wind and Percussion Players Competition has been announced for eleven instruments: flute, oboe, clarinet, bassoon, saxophone, French horn, trumpet, trombone, bass trombone, tuba and percussion.<\/p>\n<p>The competition is open to Estonian citizens, persons with a residence permit in Estonia and foreign students living in Estonia and studying in a degree programme. It is also open to foreign students who have completed a bachelor\u2019s or master\u2019s degree at the Estonian Academy of Music and Theatre within the past five years. There is no age limit.<\/p>\n<p><strong data-start=\"276\" data-end=\"321\">I Round\u00a0<\/strong>(Selection Round): 22\u201323 November<strong data-start=\"276\" data-end=\"321\"><br \/>\n<\/strong><strong data-start=\"326\" data-end=\"375\">II Round\u00a0<\/strong>(Prize Round): 24\u201325 November<strong data-start=\"326\" data-end=\"375\"><br \/>\n<\/strong><strong data-start=\"380\" data-end=\"413\">Grand Prix Round<\/strong>: 27 November<\/p>\n<p>More info and registration: <a href=\"https:\/\/eamt.ee\/en\/event\/estonian-wind-and-percussion-players-competition-2026\/\">https:\/\/eamt.ee\/en\/event\/estonian-wind-and-percussion-players-competition-2026\/<\/a><\/p>\n"}]},{"dropdown_title":"EUYO Audition 2026","dropdown_content":[{"acf_fc_layout":"pilt","page_image":{"ID":58435,"id":58435,"title":"EUYO 2026 Auditions poster_digital","filename":"EUYO-2026-Auditions-poster_digital.png","filesize":12425349,"url":"https:\/\/eamt.ee\/wp-content\/uploads\/2025\/09\/EUYO-2026-Auditions-poster_digital.png","link":"https:\/\/eamt.ee\/en\/events\/auditions\/euyo-2026-auditions-poster_digital-2\/","alt":"","author":"12","description":"","caption":"","name":"euyo-2026-auditions-poster_digital-2","status":"inherit","uploaded_to":6141,"date":"2025-09-09 11:19:15","modified":"2025-09-10 14:09:54","menu_order":0,"mime_type":"image\/png","type":"image","subtype":"png","icon":"https:\/\/eamt.ee\/wp-includes\/images\/media\/default.png","width":0,"height":0,"sizes":{"thumbnail":"https:\/\/eamt.ee\/wp-content\/uploads\/2025\/09\/EUYO-2026-Auditions-poster_digital.png","thumbnail-width":1,"thumbnail-height":1,"medium":"https:\/\/eamt.ee\/wp-content\/uploads\/2025\/09\/EUYO-2026-Auditions-poster_digital.png","medium-width":1,"medium-height":1,"medium_large":"https:\/\/eamt.ee\/wp-content\/uploads\/2025\/09\/EUYO-2026-Auditions-poster_digital.png","medium_large-width":1,"medium_large-height":1,"large":"https:\/\/eamt.ee\/wp-content\/uploads\/2025\/09\/EUYO-2026-Auditions-poster_digital.png","large-width":1,"large-height":1,"1536x1536":"https:\/\/eamt.ee\/wp-content\/uploads\/2025\/09\/EUYO-2026-Auditions-poster_digital.png","1536x1536-width":1,"1536x1536-height":1,"2048x2048":"https:\/\/eamt.ee\/wp-content\/uploads\/2025\/09\/EUYO-2026-Auditions-poster_digital.png","2048x2048-width":1,"2048x2048-height":1,"640px":"https:\/\/eamt.ee\/wp-content\/uploads\/2025\/09\/EUYO-2026-Auditions-poster_digital.png","640px-width":1,"640px-height":1,"768px":"https:\/\/eamt.ee\/wp-content\/uploads\/2025\/09\/EUYO-2026-Auditions-poster_digital.png","768px-width":1,"768px-height":1,"1024px":"https:\/\/eamt.ee\/wp-content\/uploads\/2025\/09\/EUYO-2026-Auditions-poster_digital.png","1024px-width":1,"1024px-height":1,"1280px":"https:\/\/eamt.ee\/wp-content\/uploads\/2025\/09\/EUYO-2026-Auditions-poster_digital.png","1280px-width":1,"1280px-height":1,"1366px":"https:\/\/eamt.ee\/wp-content\/uploads\/2025\/09\/EUYO-2026-Auditions-poster_digital.png","1366px-width":1,"1366px-height":1,"1600px":"https:\/\/eamt.ee\/wp-content\/uploads\/2025\/09\/EUYO-2026-Auditions-poster_digital.png","1600px-width":1,"1600px-height":1,"1920px":"https:\/\/eamt.ee\/wp-content\/uploads\/2025\/09\/EUYO-2026-Auditions-poster_digital.png","1920px-width":1,"1920px-height":1,"2400px":"https:\/\/eamt.ee\/wp-content\/uploads\/2025\/09\/EUYO-2026-Auditions-poster_digital.png","2400px-width":1,"2400px-height":1,"woocommerce_thumbnail":"https:\/\/eamt.ee\/wp-content\/uploads\/2025\/09\/EUYO-2026-Auditions-poster_digital.png","woocommerce_thumbnail-width":1,"woocommerce_thumbnail-height":1,"woocommerce_single":"https:\/\/eamt.ee\/wp-content\/uploads\/2025\/09\/EUYO-2026-Auditions-poster_digital.png","woocommerce_single-width":1,"woocommerce_single-height":1,"woocommerce_gallery_thumbnail":"https:\/\/eamt.ee\/wp-content\/uploads\/2025\/09\/EUYO-2026-Auditions-poster_digital.png","woocommerce_gallery_thumbnail-width":1,"woocommerce_gallery_thumbnail-height":1}},"is_full_image":false},{"acf_fc_layout":"tekstikast","page_text":"<p><strong>All applicants for the 2026 Orchestra must be aged between 16 and 26 inclusive on 31 December 2025 and hold passports from one of the 27 European Union member countries.<\/strong><\/p>\n<p><b>The auditions will take place in two rounds<\/b><b>:<\/b><\/p>\n<ul>\n<li style=\"list-style-type: none;\">\n<ul>\n<li>Pre-audition for strings on Friday, 7 November @10:00-14:00 in D-511, and for wind, brass and percussion on Wednesday, 5 November @16.00-20.00 in D-511 and on Thursday, 6 November @16.00-20.00 in C-405.<\/li>\n<li>Final round on Wednesday, 12 November 2025 at 10:00 in D-511<\/li>\n<\/ul>\n<\/li>\n<\/ul>\n<p>Candidates will be asked to play a prepared piece of their own choosing (eg a movement from a concerto, sonata etc) and a selection of <span style=\"color: #0000ff;\"><u><a href=\"https:\/\/euyo.eu\/apply\/auditions\/overview\/audition-excerpts\/\" target=\"_blank\" rel=\"noopener\"><b>orchestral extracts<\/b><\/a><\/u><\/span><b>.<\/b><br \/>\nNB! Percussionists will be asked to play a selection of prepared orchestral extracts\u00a0only\u00a0(no piece).<\/p>\n<p><strong>How and when to apply<\/strong><\/p>\n<p>All the candidates are requested to fill in the <span style=\"color: #0000ff;\"><u><b>application<\/b><\/u><\/span> on the <a href=\"https:\/\/euyo.eu\/auditions\/\" target=\"_blank\" rel=\"noopener\">EUYO homepage<\/a> <b>latest by 2<\/b><b>9<\/b><b> October 202<\/b><b>5<\/b><b>.<\/b><\/p>\n<p>Since its founding in 1976, the EUYO has grown into one of the world\u2019s leading symphony orchestras, collaborating with many of the greatest musicians in history, such as Daniel Barenboim, Leonard Bernstein, Herbert von Karajan, and Mstislav Rostropovich. Notably, the orchestra has also worked with its three Music Directors and the current Chief Conductor: Founding Music Director Claudio Abbado, former Music Director Vladimir Ashkenazy, former Music Director and current Conductor Laureate Bernard Haitink, and, since spring 2024, Chief Conductor <span style=\"color: #0000ff;\"><u><a href=\"https:\/\/euyo.eu\/news\/ivan-fischer-appointed-as-music-director-of-the-european-union-youth-orchestra\/\"><b>Iv\u00e1n Fischer<\/b><\/a><\/u><\/span>.<\/p>\n<p>The EUYO\u2019s spring and summer sessions are held at its residency in Grafenegg, Austria, followed by concert tours, details of which can be found on the <span style=\"color: #0000ff;\"><u><a href=\"https:\/\/euyo.eu\/projects\/tours-residencies\/\"><b>EUYO homepage<\/b><\/a><\/u><\/span>.<\/p>\n<p><strong>Questions and additional info:<\/strong><br \/>\nKai Kiiv<br \/>\n6675 721<br \/>\n<span style=\"color: #0000ff;\"><u><a href=\"mailto:kai.kiiv@eamt.ee\">kai.kiiv@eamt.ee<\/a><\/u><\/span><\/p>\n"}]},{"dropdown_title":"IV EAMT Composition Competition","dropdown_content":[{"acf_fc_layout":"tekstikast","page_text":"<p>The Estonian Academy of Music and Theatre (EAMT) is pleased to announce the fourth annual Composition Competition. The competition is open to all bachelor\u2019s and master\u2019s students of the Estonian Academy of Music regardless of their field of study.<\/p>\n<p><strong>Competition Details<\/strong><br \/>\nParticipants are invited to submit compositions meeting the following criteria:<br \/>\nDuration: 7\u201310 minutes<\/p>\n<p>Instrumentation: Flute (piccolo and alto flute), viola, piano, and percussion. The percussion instruments must be selected from the list below and used in a practical setup for one percussionist.<\/p>\n<p>Available percussion instruments: Vibraphone, Campanelli, Tam-tam, 1 Triangle, 2 Cowbells, 4 Cymbals (ride, crash, splash, China) in different sizes, Hi-hat, Concert bass drum, Snare drum, 3 Tom-toms (available sizes: 8\u201d, 10\u201d, 12\u201d, 14\u201d, 16\u201d, 18\u201d), Bongos (pair), Congas (pair), 5 Woodblocks, 3 Temple blocks.<\/p>\n<p>Submission Guidelines<br \/>\nDeadline: <strong>March 9, 2026, at 23:59<\/strong><br \/>\nSubmission address: <a href=\"mailto:emtahk@eamt.ee\">emtahk@eamt.ee<\/a><\/p>\n<p>Each submission must include the full score and individual parts.<br \/>\nLate submissions will not be accepted.<\/p>\n<p><strong>Jury Members<\/strong><br \/>\nPreliminary Round: <strong>Helena Tulve, Kerri Kotta, T\u00f5nu K\u00f5rvits, Ren\u00e9 Eespere, Liisa Hirsch<\/strong> and the ensemble <strong>Broken Frame Syndicate<\/strong><br \/>\nFinal Round: <strong>Helena Tulve, Kerri Kotta, T\u00f5nu K\u00f5rvits, Ren\u00e9 Eespere<\/strong> and <strong>Liisa Hirsch<\/strong><\/p>\n<p><strong>Prizes<\/strong><br \/>\nFirst Prize: Diploma and \u20ac400<br \/>\nSecond Prize: Diploma and \u20ac200<br \/>\nThird Prize: Diploma and \u20ac100<br \/>\nFourth and Fifth Prizes: Diploma<\/p>\n<p><strong>Competition Regulations<\/strong><\/p>\n<p>1. The competition is open to all bachelor\u2019s and master\u2019s students of EAMT<\/p>\n<p>2. Each composer may submit one composition that has not been previously published, performed, recorded, or broadcast.<\/p>\n<p>3. Submissions must include a short biography of the composer.<\/p>\n<p>4. The composition must adhere to the specified instrumentation and duration.<\/p>\n<p>5. The composer\u2019s name must not appear on the score or parts to ensure anonymous evaluation.<\/p>\n<p>6. The jury will select five compositions to be performed and recorded live in concert on <strong>April 18, 2026<\/strong>, at the EAMT Chamber Hall.<\/p>\n<p>7. During the concert intermission, the jury will select three winning compositions to receive the main prizes.<\/p>\n<p>8. Recordings of the selected works will be shared with the composers, and the three winning pieces will be published on the EAMT YouTube channel.<\/p>\n<p>Contact: For inquiries, please write to <a href=\"mailto:emtahk@eamt.ee\">emtahk@eamt.ee<\/a><\/p>\n<p><em>IV EAMT Composition Competition taking place in collaboration with Broken Frame Syndicate<\/em><\/p>\n"}]}]},{"acf_fc_layout":"dropdown","which_dropdown":"hard","dropdowns":false,"hard_dropdowns":false}],"is_not_a_page":false,"side_title":"","side_info":"","add_people":false,"add_news":false,"add_events":false,"is_drama_page":false,"is_cppm_page":false,"show_in_sub_menu":false,"is_hidden":false,"dont_show_img":false,"mobile_show_side":false,"side_links_title":"","side_links":false,"dont_show_auto_gen":false,"is_hidden_submenu":false},"yoast_head":"<!-- This site is optimized with the Yoast SEO plugin v27.1.1 - https:\/\/yoast.com\/product\/yoast-seo-wordpress\/ -->\n<title>Auditions and Competitions | Estonian Academy of Music and Theatre<\/title>\n<meta name=\"robots\" content=\"index, follow, max-snippet:-1, max-image-preview:large, max-video-preview:-1\" \/>\n<link rel=\"canonical\" href=\"https:\/\/eamt.ee\/en\/events\/auditions\/\" \/>\n<meta property=\"og:locale\" content=\"en_US\" \/>\n<meta property=\"og:type\" content=\"article\" \/>\n<meta property=\"og:title\" content=\"Auditions and Competitions | Estonian Academy of Music and Theatre\" \/>\n<meta property=\"og:url\" content=\"https:\/\/eamt.ee\/en\/events\/auditions\/\" \/>\n<meta property=\"og:site_name\" content=\"Estonian Academy of Music and Theatre\" \/>\n<meta property=\"article:modified_time\" content=\"2026-02-17T16:08:24+00:00\" \/>\n<meta property=\"og:image\" content=\"https:\/\/eamt.ee\/wp-content\/uploads\/2020\/10\/R_K_9273.jpg\" \/>\n\t<meta property=\"og:image:width\" content=\"2500\" \/>\n\t<meta property=\"og:image:height\" content=\"1667\" \/>\n\t<meta property=\"og:image:type\" content=\"image\/jpeg\" \/>\n<meta name=\"twitter:card\" content=\"summary_large_image\" \/>\n<script type=\"application\/ld+json\" class=\"yoast-schema-graph\">{\"@context\":\"https:\/\/schema.org\",\"@graph\":[{\"@type\":\"WebPage\",\"@id\":\"https:\/\/eamt.ee\/en\/events\/auditions\/\",\"url\":\"https:\/\/eamt.ee\/en\/events\/auditions\/\",\"name\":\"Auditions and Competitions | Estonian Academy of Music and Theatre\",\"isPartOf\":{\"@id\":\"https:\/\/eamt.ee\/en\/#website\"},\"datePublished\":\"2020-08-18T04:03:18+00:00\",\"dateModified\":\"2026-02-17T16:08:24+00:00\",\"breadcrumb\":{\"@id\":\"https:\/\/eamt.ee\/en\/events\/auditions\/#breadcrumb\"},\"inLanguage\":\"en-US\",\"potentialAction\":[{\"@type\":\"ReadAction\",\"target\":[\"https:\/\/eamt.ee\/en\/events\/auditions\/\"]}]},{\"@type\":\"BreadcrumbList\",\"@id\":\"https:\/\/eamt.ee\/en\/events\/auditions\/#breadcrumb\",\"itemListElement\":[{\"@type\":\"ListItem\",\"position\":1,\"name\":\"Home\",\"item\":\"https:\/\/eamt.ee\/en\/\"},{\"@type\":\"ListItem\",\"position\":2,\"name\":\"Events\",\"item\":\"https:\/\/eamt.ee\/en\/events\/\"},{\"@type\":\"ListItem\",\"position\":3,\"name\":\"Auditions and Competitions\"}]},{\"@type\":\"WebSite\",\"@id\":\"https:\/\/eamt.ee\/en\/#website\",\"url\":\"https:\/\/eamt.ee\/en\/\",\"name\":\"Estonian Academy of Music and Theatre\",\"description\":\"\",\"potentialAction\":[{\"@type\":\"SearchAction\",\"target\":{\"@type\":\"EntryPoint\",\"urlTemplate\":\"https:\/\/eamt.ee\/en\/?s={search_term_string}\"},\"query-input\":{\"@type\":\"PropertyValueSpecification\",\"valueRequired\":true,\"valueName\":\"search_term_string\"}}],\"inLanguage\":\"en-US\"}]}<\/script>\n<!-- \/ Yoast SEO plugin. -->","yoast_head_json":{"title":"Auditions and Competitions | Estonian Academy of Music and Theatre","robots":{"index":"index","follow":"follow","max-snippet":"max-snippet:-1","max-image-preview":"max-image-preview:large","max-video-preview":"max-video-preview:-1"},"canonical":"https:\/\/eamt.ee\/en\/events\/auditions\/","og_locale":"en_US","og_type":"article","og_title":"Auditions and Competitions | Estonian Academy of Music and Theatre","og_url":"https:\/\/eamt.ee\/en\/events\/auditions\/","og_site_name":"Estonian Academy of Music and Theatre","article_modified_time":"2026-02-17T16:08:24+00:00","og_image":[{"width":2500,"height":1667,"url":"https:\/\/eamt.ee\/wp-content\/uploads\/2020\/10\/R_K_9273.jpg","type":"image\/jpeg"}],"twitter_card":"summary_large_image","schema":{"@context":"https:\/\/schema.org","@graph":[{"@type":"WebPage","@id":"https:\/\/eamt.ee\/en\/events\/auditions\/","url":"https:\/\/eamt.ee\/en\/events\/auditions\/","name":"Auditions and Competitions | Estonian Academy of Music and Theatre","isPartOf":{"@id":"https:\/\/eamt.ee\/en\/#website"},"datePublished":"2020-08-18T04:03:18+00:00","dateModified":"2026-02-17T16:08:24+00:00","breadcrumb":{"@id":"https:\/\/eamt.ee\/en\/events\/auditions\/#breadcrumb"},"inLanguage":"en-US","potentialAction":[{"@type":"ReadAction","target":["https:\/\/eamt.ee\/en\/events\/auditions\/"]}]},{"@type":"BreadcrumbList","@id":"https:\/\/eamt.ee\/en\/events\/auditions\/#breadcrumb","itemListElement":[{"@type":"ListItem","position":1,"name":"Home","item":"https:\/\/eamt.ee\/en\/"},{"@type":"ListItem","position":2,"name":"Events","item":"https:\/\/eamt.ee\/en\/events\/"},{"@type":"ListItem","position":3,"name":"Auditions and Competitions"}]},{"@type":"WebSite","@id":"https:\/\/eamt.ee\/en\/#website","url":"https:\/\/eamt.ee\/en\/","name":"Estonian Academy of Music and Theatre","description":"","potentialAction":[{"@type":"SearchAction","target":{"@type":"EntryPoint","urlTemplate":"https:\/\/eamt.ee\/en\/?s={search_term_string}"},"query-input":{"@type":"PropertyValueSpecification","valueRequired":true,"valueName":"search_term_string"}}],"inLanguage":"en-US"}]}},"_links":{"self":[{"href":"https:\/\/eamt.ee\/en\/wp-json\/wp\/v2\/pages\/6141","targetHints":{"allow":["GET"]}}],"collection":[{"href":"https:\/\/eamt.ee\/en\/wp-json\/wp\/v2\/pages"}],"about":[{"href":"https:\/\/eamt.ee\/en\/wp-json\/wp\/v2\/types\/page"}],"author":[{"embeddable":true,"href":"https:\/\/eamt.ee\/en\/wp-json\/wp\/v2\/users\/1"}],"replies":[{"embeddable":true,"href":"https:\/\/eamt.ee\/en\/wp-json\/wp\/v2\/comments?post=6141"}],"version-history":[{"count":126,"href":"https:\/\/eamt.ee\/en\/wp-json\/wp\/v2\/pages\/6141\/revisions"}],"predecessor-version":[{"id":62018,"href":"https:\/\/eamt.ee\/en\/wp-json\/wp\/v2\/pages\/6141\/revisions\/62018"}],"up":[{"embeddable":true,"href":"https:\/\/eamt.ee\/en\/wp-json\/wp\/v2\/pages\/100"}],"wp:attachment":[{"href":"https:\/\/eamt.ee\/en\/wp-json\/wp\/v2\/media?parent=6141"}],"curies":[{"name":"wp","href":"https:\/\/api.w.org\/{rel}","templated":true}]}}