{"id":8193,"date":"2020-08-18T07:01:32","date_gmt":"2020-08-18T04:01:32","guid":{"rendered":"https:\/\/eamt.ee\/coned\/dokumendid\/"},"modified":"2026-03-30T13:55:58","modified_gmt":"2026-03-30T10:55:58","slug":"documents-and-regulations","status":"publish","type":"page","link":"https:\/\/eamt.ee\/en\/coned\/documents-and-regulations\/","title":{"rendered":"Documents and Regulations"},"content":{"rendered":"","protected":false},"excerpt":{"rendered":"","protected":false},"author":1,"featured_media":0,"parent":6664,"menu_order":7,"comment_status":"closed","ping_status":"closed","template":"","meta":{"_acf_changed":false,"footnotes":""},"class_list":["post-8193","page","type-page","status-publish","hentry"],"acf":{"post_image":false,"page_content":[{"acf_fc_layout":"download","link_or_file":"file","download_text":"EMTA elukestva \u00f5ppe keskuse p\u00f5him\u00e4\u00e4rus","download_link":"","download_file":"https:\/\/eamt.ee\/wp-content\/uploads\/2026\/03\/EKK-pohimaarus-2026.pdf"},{"acf_fc_layout":"download","link_or_file":"file","download_text":"EMTA t\u00e4iendus\u00f5ppe kord","download_link":"","download_file":"https:\/\/eamt.ee\/wp-content\/uploads\/2020\/09\/EMTA-Ta\u0308ienduso\u0303ppe-kord-2020.pdf"},{"acf_fc_layout":"download","link_or_file":"file","download_text":"Eesti Muusika- ja Teatriakadeemia t\u00e4iendus\u00f5ppe arengukava 2022\u20132026","download_link":"","download_file":"https:\/\/eamt.ee\/wp-content\/uploads\/2022\/06\/TKK-arengukava-2022-2026.pdf"},{"acf_fc_layout":"download","link_or_file":"file","download_text":"Continuing Education Regulations of the EAMT","download_link":"","download_file":"https:\/\/eamt.ee\/wp-content\/uploads\/2023\/10\/Continuing-Education-Regulation-of-the-EAMT.pdf"}],"is_not_a_page":false,"side_title":"CONTACT","side_info":"<p>Tatari 13, Tallinn 10116<br \/>\n+372 6675 757<br \/>\n<a href=\"mailto:tkk@eamt.ee\">tkk@eamt.ee<\/a><\/p>\n<p>&nbsp;<\/p>\n<p>Continuing Education Study<br \/>\n<a href=\"https:\/\/sise.eamt.ee\/tk\/index.x\" target=\"_blank\" rel=\"noopener\">Information System<\/a><\/p>\n","add_people":true,"people":[{"person":5770},{"person":5729},{"person":5772}],"add_news":false,"add_events":false,"is_drama_page":false,"is_cppm_page":false,"is_hidden":false,"show_in_sub_menu":false,"dont_show_img":false,"mobile_show_side":false,"side_links_title":"","side_links":false,"dont_show_auto_gen":false,"is_hidden_submenu":false},"yoast_head":"<!-- This site is optimized with the Yoast SEO plugin v27.3 - https:\/\/yoast.com\/product\/yoast-seo-wordpress\/ -->\n<title>Documents and Regulations | Estonian Academy of Music and Theatre<\/title>\n<meta name=\"robots\" content=\"index, follow, max-snippet:-1, max-image-preview:large, max-video-preview:-1\" \/>\n<link rel=\"canonical\" href=\"https:\/\/eamt.ee\/en\/coned\/documents-and-regulations\/\" \/>\n<meta property=\"og:locale\" content=\"en_US\" \/>\n<meta property=\"og:type\" content=\"article\" \/>\n<meta property=\"og:title\" content=\"Documents and Regulations | Estonian Academy of Music and Theatre\" \/>\n<meta property=\"og:url\" content=\"https:\/\/eamt.ee\/en\/coned\/documents-and-regulations\/\" \/>\n<meta property=\"og:site_name\" content=\"Estonian Academy of Music and Theatre\" \/>\n<meta property=\"article:modified_time\" content=\"2026-03-30T10:55:58+00:00\" \/>\n<meta property=\"og:image\" content=\"https:\/\/eamt.ee\/wp-content\/uploads\/2020\/10\/R_K_9273.jpg\" \/>\n\t<meta property=\"og:image:width\" content=\"2500\" \/>\n\t<meta property=\"og:image:height\" content=\"1667\" \/>\n\t<meta property=\"og:image:type\" content=\"image\/jpeg\" \/>\n<meta name=\"twitter:card\" content=\"summary_large_image\" \/>\n<script type=\"application\/ld+json\" class=\"yoast-schema-graph\">{\"@context\":\"https:\\\/\\\/schema.org\",\"@graph\":[{\"@type\":\"WebPage\",\"@id\":\"https:\\\/\\\/eamt.ee\\\/en\\\/coned\\\/documents-and-regulations\\\/\",\"url\":\"https:\\\/\\\/eamt.ee\\\/en\\\/coned\\\/documents-and-regulations\\\/\",\"name\":\"Documents and Regulations | Estonian Academy of Music and Theatre\",\"isPartOf\":{\"@id\":\"https:\\\/\\\/eamt.ee\\\/en\\\/#website\"},\"datePublished\":\"2020-08-18T04:01:32+00:00\",\"dateModified\":\"2026-03-30T10:55:58+00:00\",\"breadcrumb\":{\"@id\":\"https:\\\/\\\/eamt.ee\\\/en\\\/coned\\\/documents-and-regulations\\\/#breadcrumb\"},\"inLanguage\":\"en-US\",\"potentialAction\":[{\"@type\":\"ReadAction\",\"target\":[\"https:\\\/\\\/eamt.ee\\\/en\\\/coned\\\/documents-and-regulations\\\/\"]}]},{\"@type\":\"BreadcrumbList\",\"@id\":\"https:\\\/\\\/eamt.ee\\\/en\\\/coned\\\/documents-and-regulations\\\/#breadcrumb\",\"itemListElement\":[{\"@type\":\"ListItem\",\"position\":1,\"name\":\"Home\",\"item\":\"https:\\\/\\\/eamt.ee\\\/en\\\/\"},{\"@type\":\"ListItem\",\"position\":2,\"name\":\"Coned\",\"item\":\"https:\\\/\\\/eamt.ee\\\/en\\\/coned\\\/\"},{\"@type\":\"ListItem\",\"position\":3,\"name\":\"Documents and Regulations\"}]},{\"@type\":\"WebSite\",\"@id\":\"https:\\\/\\\/eamt.ee\\\/en\\\/#website\",\"url\":\"https:\\\/\\\/eamt.ee\\\/en\\\/\",\"name\":\"Estonian Academy of Music and Theatre\",\"description\":\"\",\"potentialAction\":[{\"@type\":\"SearchAction\",\"target\":{\"@type\":\"EntryPoint\",\"urlTemplate\":\"https:\\\/\\\/eamt.ee\\\/en\\\/?s={search_term_string}\"},\"query-input\":{\"@type\":\"PropertyValueSpecification\",\"valueRequired\":true,\"valueName\":\"search_term_string\"}}],\"inLanguage\":\"en-US\"}]}<\/script>\n<!-- \/ Yoast SEO plugin. -->","yoast_head_json":{"title":"Documents and Regulations | Estonian Academy of Music and Theatre","robots":{"index":"index","follow":"follow","max-snippet":"max-snippet:-1","max-image-preview":"max-image-preview:large","max-video-preview":"max-video-preview:-1"},"canonical":"https:\/\/eamt.ee\/en\/coned\/documents-and-regulations\/","og_locale":"en_US","og_type":"article","og_title":"Documents and Regulations | Estonian Academy of Music and Theatre","og_url":"https:\/\/eamt.ee\/en\/coned\/documents-and-regulations\/","og_site_name":"Estonian Academy of Music and Theatre","article_modified_time":"2026-03-30T10:55:58+00:00","og_image":[{"width":2500,"height":1667,"url":"https:\/\/eamt.ee\/wp-content\/uploads\/2020\/10\/R_K_9273.jpg","type":"image\/jpeg"}],"twitter_card":"summary_large_image","schema":{"@context":"https:\/\/schema.org","@graph":[{"@type":"WebPage","@id":"https:\/\/eamt.ee\/en\/coned\/documents-and-regulations\/","url":"https:\/\/eamt.ee\/en\/coned\/documents-and-regulations\/","name":"Documents and Regulations | Estonian Academy of Music and Theatre","isPartOf":{"@id":"https:\/\/eamt.ee\/en\/#website"},"datePublished":"2020-08-18T04:01:32+00:00","dateModified":"2026-03-30T10:55:58+00:00","breadcrumb":{"@id":"https:\/\/eamt.ee\/en\/coned\/documents-and-regulations\/#breadcrumb"},"inLanguage":"en-US","potentialAction":[{"@type":"ReadAction","target":["https:\/\/eamt.ee\/en\/coned\/documents-and-regulations\/"]}]},{"@type":"BreadcrumbList","@id":"https:\/\/eamt.ee\/en\/coned\/documents-and-regulations\/#breadcrumb","itemListElement":[{"@type":"ListItem","position":1,"name":"Home","item":"https:\/\/eamt.ee\/en\/"},{"@type":"ListItem","position":2,"name":"Coned","item":"https:\/\/eamt.ee\/en\/coned\/"},{"@type":"ListItem","position":3,"name":"Documents and Regulations"}]},{"@type":"WebSite","@id":"https:\/\/eamt.ee\/en\/#website","url":"https:\/\/eamt.ee\/en\/","name":"Estonian Academy of Music and Theatre","description":"","potentialAction":[{"@type":"SearchAction","target":{"@type":"EntryPoint","urlTemplate":"https:\/\/eamt.ee\/en\/?s={search_term_string}"},"query-input":{"@type":"PropertyValueSpecification","valueRequired":true,"valueName":"search_term_string"}}],"inLanguage":"en-US"}]}},"_links":{"self":[{"href":"https:\/\/eamt.ee\/en\/wp-json\/wp\/v2\/pages\/8193","targetHints":{"allow":["GET"]}}],"collection":[{"href":"https:\/\/eamt.ee\/en\/wp-json\/wp\/v2\/pages"}],"about":[{"href":"https:\/\/eamt.ee\/en\/wp-json\/wp\/v2\/types\/page"}],"author":[{"embeddable":true,"href":"https:\/\/eamt.ee\/en\/wp-json\/wp\/v2\/users\/1"}],"replies":[{"embeddable":true,"href":"https:\/\/eamt.ee\/en\/wp-json\/wp\/v2\/comments?post=8193"}],"version-history":[{"count":14,"href":"https:\/\/eamt.ee\/en\/wp-json\/wp\/v2\/pages\/8193\/revisions"}],"predecessor-version":[{"id":62983,"href":"https:\/\/eamt.ee\/en\/wp-json\/wp\/v2\/pages\/8193\/revisions\/62983"}],"up":[{"embeddable":true,"href":"https:\/\/eamt.ee\/en\/wp-json\/wp\/v2\/pages\/6664"}],"wp:attachment":[{"href":"https:\/\/eamt.ee\/en\/wp-json\/wp\/v2\/media?parent=8193"}],"curies":[{"name":"wp","href":"https:\/\/api.w.org\/{rel}","templated":true}]}}