{"id":8287,"date":"2020-08-18T06:51:23","date_gmt":"2020-08-18T03:51:23","guid":{"rendered":"https:\/\/eamt.ee\/international\/vahetusopingud\/"},"modified":"2024-09-20T16:35:49","modified_gmt":"2024-09-20T13:35:49","slug":"student-mobility","status":"publish","type":"page","link":"https:\/\/eamt.ee\/en\/international\/student-mobility\/","title":{"rendered":"Student mobility"},"content":{"rendered":"","protected":false},"excerpt":{"rendered":"","protected":false},"author":1,"featured_media":0,"parent":6661,"menu_order":2,"comment_status":"closed","ping_status":"closed","template":"","meta":{"_acf_changed":false,"footnotes":""},"class_list":["post-8287","page","type-page","status-publish","hentry"],"acf":{"post_image":false,"is_not_a_page":false,"side_title":"","side_info":"","add_people":true,"add_news":false,"add_events":false,"people":[{"person":5806},{"person":5808},{"person":48389},{"person":40390},{"person":39676}],"page_content":[{"acf_fc_layout":"tekstikast","page_text":"<p><span style=\"font-weight: 400;\">EAMT promotes student mobility and sees an exchange semester or year at a partner institution as a great opportunity for students to receive a versatile education and find professional contacts and self-fulfillment opportunities abroad.\u00a0<\/span><\/p>\n<p><span style=\"font-weight: 400;\">Exchange studies or internships are possible both independently and with the support of programmes offered by the academy.<\/span><\/p>\n<p><b>International Office coordinates<\/b><span style=\"font-weight: 400;\">:<\/span><span style=\"font-weight: 400;\"><br \/>\n<\/span><a href=\"https:\/\/eamt.ee\/en\/international\/student-mobility\/erasmus-mobility\/\"><b>ERASMUS <\/b><span style=\"font-weight: 400;\">programme scholarships<\/span><span style=\"font-weight: 400;\"><br \/>\n<\/span><\/a><a href=\"https:\/\/eamt.ee\/en\/international\/student-mobility\/nordplus\/\"><b>Nordplus <\/b><span style=\"font-weight: 400;\">network grants<\/span><\/a><\/p>\n<p><span style=\"font-weight: 400;\">EAMT cooperates with more than 170 music and theatre universities in the world within the framework of Erasmus+ and is a member of various Nordplus thematic networks.<\/span><\/p>\n<p><b>Application<\/b><span style=\"font-weight: 400;\">:<\/span><\/p>\n<p><b>ERASMUS <\/b><span style=\"font-weight: 400;\">application for exchange studies is open twice a year with the following deadlines:<\/span><\/p>\n<ul>\n<li><span style=\"font-size: inherit;\">10 February \u2013 for one semester or full academic year<\/span><\/li>\n<li>10 October \u2013 additional application round for spring semester<\/li>\n<\/ul>\n<p><b>Erasmus traineeship<\/b><span style=\"font-weight: 400;\"> applications (<a href=\"https:\/\/eamt.ee\/wp-content\/uploads\/2023\/12\/uliopilaste-praktikalepingu-vorm-learning-agreement-for-traineeships-2022.docx\">doc<\/a>)\u00a0may be submitted throughout the academic year, at the latest 2 months before the start of the traineeship. Recent graduate traineeship applications need to be submitted\u00a0<b>before graduation<\/b>!<\/span><\/p>\n<p><b>Nordplus<\/b><span style=\"font-weight: 400;\"> grants can be applied for courses or internships with the minimum duration of just one week. Application is open on a running basis, please contact EAMT Nordplus coordinator. Recent graduate traineeship applications need to be submitted\u00a0<b>before graduation<\/b>!<\/span><\/p>\n<p><span style=\"font-weight: 400;\"><br \/>\n<\/span><strong>Mobility experiences of EAMT students and alumni<\/strong><\/p>\n"},{"acf_fc_layout":"videos","how_many":"xlarge-6","videos":[{"video":"<iframe title=\"Le programme ERASMUS+ au Pont Sup\u00e9rieur\" width=\"640\" height=\"360\" src=\"https:\/\/www.youtube.com\/embed\/g5ic_aAbUCE?feature=oembed\" frameborder=\"0\" allow=\"accelerometer; autoplay; clipboard-write; encrypted-media; gyroscope; picture-in-picture; web-share\" referrerpolicy=\"strict-origin-when-cross-origin\" allowfullscreen><\/iframe>"},{"video":"<iframe title=\"Videos on kasutatud EMTA audiovisuaalse loomingu eriala \u00fcli\u00f5pilase \u00c1. S. Frostasoni t\u00f6\u00f6d &quot;\u00dat\u00fer\u00e1&quot;\" width=\"640\" height=\"360\" src=\"https:\/\/www.youtube.com\/embed\/I4ocobYStnY?feature=oembed\" frameborder=\"0\" allow=\"accelerometer; autoplay; clipboard-write; encrypted-media; gyroscope; picture-in-picture; web-share\" referrerpolicy=\"strict-origin-when-cross-origin\" allowfullscreen><\/iframe>"}]},{"acf_fc_layout":"tekstikast","page_text":"<p><iframe loading=\"lazy\" src=\"https:\/\/drive.google.com\/file\/d\/1qwO-h2ihWqw0UwVJ-a0xCUgrsG34DApZ\/preview\" width=\"100%\" height=\"380\"><\/iframe><\/p>\n"}],"is_drama_page":false,"is_cppm_page":false,"show_in_sub_menu":false,"is_hidden":false,"dont_show_img":false,"mobile_show_side":false,"side_links_title":"","side_links":false,"dont_show_auto_gen":false,"is_hidden_submenu":false},"yoast_head":"<!-- This site is optimized with the Yoast SEO plugin v27.2 - https:\/\/yoast.com\/product\/yoast-seo-wordpress\/ -->\n<title>Student mobility | Estonian Academy of Music and Theatre<\/title>\n<meta name=\"robots\" content=\"index, follow, max-snippet:-1, max-image-preview:large, max-video-preview:-1\" \/>\n<link rel=\"canonical\" href=\"https:\/\/eamt.ee\/en\/international\/student-mobility\/\" \/>\n<meta property=\"og:locale\" content=\"en_US\" \/>\n<meta property=\"og:type\" content=\"article\" \/>\n<meta property=\"og:title\" content=\"Student mobility | Estonian Academy of Music and Theatre\" \/>\n<meta property=\"og:url\" content=\"https:\/\/eamt.ee\/en\/international\/student-mobility\/\" \/>\n<meta property=\"og:site_name\" content=\"Estonian Academy of Music and Theatre\" \/>\n<meta property=\"article:modified_time\" content=\"2024-09-20T13:35:49+00:00\" \/>\n<meta property=\"og:image\" content=\"https:\/\/eamt.ee\/wp-content\/uploads\/2020\/10\/R_K_9273.jpg\" \/>\n\t<meta property=\"og:image:width\" content=\"2500\" \/>\n\t<meta property=\"og:image:height\" content=\"1667\" \/>\n\t<meta property=\"og:image:type\" content=\"image\/jpeg\" \/>\n<meta name=\"twitter:card\" content=\"summary_large_image\" \/>\n<script type=\"application\/ld+json\" class=\"yoast-schema-graph\">{\"@context\":\"https:\/\/schema.org\",\"@graph\":[{\"@type\":\"WebPage\",\"@id\":\"https:\/\/eamt.ee\/en\/international\/student-mobility\/\",\"url\":\"https:\/\/eamt.ee\/en\/international\/student-mobility\/\",\"name\":\"Student mobility | Estonian Academy of Music and Theatre\",\"isPartOf\":{\"@id\":\"https:\/\/eamt.ee\/en\/#website\"},\"datePublished\":\"2020-08-18T03:51:23+00:00\",\"dateModified\":\"2024-09-20T13:35:49+00:00\",\"breadcrumb\":{\"@id\":\"https:\/\/eamt.ee\/en\/international\/student-mobility\/#breadcrumb\"},\"inLanguage\":\"en-US\",\"potentialAction\":[{\"@type\":\"ReadAction\",\"target\":[\"https:\/\/eamt.ee\/en\/international\/student-mobility\/\"]}]},{\"@type\":\"BreadcrumbList\",\"@id\":\"https:\/\/eamt.ee\/en\/international\/student-mobility\/#breadcrumb\",\"itemListElement\":[{\"@type\":\"ListItem\",\"position\":1,\"name\":\"Home\",\"item\":\"https:\/\/eamt.ee\/en\/\"},{\"@type\":\"ListItem\",\"position\":2,\"name\":\"International\",\"item\":\"https:\/\/eamt.ee\/en\/international\/\"},{\"@type\":\"ListItem\",\"position\":3,\"name\":\"Student mobility\"}]},{\"@type\":\"WebSite\",\"@id\":\"https:\/\/eamt.ee\/en\/#website\",\"url\":\"https:\/\/eamt.ee\/en\/\",\"name\":\"Estonian Academy of Music and Theatre\",\"description\":\"\",\"potentialAction\":[{\"@type\":\"SearchAction\",\"target\":{\"@type\":\"EntryPoint\",\"urlTemplate\":\"https:\/\/eamt.ee\/en\/?s={search_term_string}\"},\"query-input\":{\"@type\":\"PropertyValueSpecification\",\"valueRequired\":true,\"valueName\":\"search_term_string\"}}],\"inLanguage\":\"en-US\"}]}<\/script>\n<!-- \/ Yoast SEO plugin. -->","yoast_head_json":{"title":"Student mobility | Estonian Academy of Music and Theatre","robots":{"index":"index","follow":"follow","max-snippet":"max-snippet:-1","max-image-preview":"max-image-preview:large","max-video-preview":"max-video-preview:-1"},"canonical":"https:\/\/eamt.ee\/en\/international\/student-mobility\/","og_locale":"en_US","og_type":"article","og_title":"Student mobility | Estonian Academy of Music and Theatre","og_url":"https:\/\/eamt.ee\/en\/international\/student-mobility\/","og_site_name":"Estonian Academy of Music and Theatre","article_modified_time":"2024-09-20T13:35:49+00:00","og_image":[{"width":2500,"height":1667,"url":"https:\/\/eamt.ee\/wp-content\/uploads\/2020\/10\/R_K_9273.jpg","type":"image\/jpeg"}],"twitter_card":"summary_large_image","schema":{"@context":"https:\/\/schema.org","@graph":[{"@type":"WebPage","@id":"https:\/\/eamt.ee\/en\/international\/student-mobility\/","url":"https:\/\/eamt.ee\/en\/international\/student-mobility\/","name":"Student mobility | Estonian Academy of Music and Theatre","isPartOf":{"@id":"https:\/\/eamt.ee\/en\/#website"},"datePublished":"2020-08-18T03:51:23+00:00","dateModified":"2024-09-20T13:35:49+00:00","breadcrumb":{"@id":"https:\/\/eamt.ee\/en\/international\/student-mobility\/#breadcrumb"},"inLanguage":"en-US","potentialAction":[{"@type":"ReadAction","target":["https:\/\/eamt.ee\/en\/international\/student-mobility\/"]}]},{"@type":"BreadcrumbList","@id":"https:\/\/eamt.ee\/en\/international\/student-mobility\/#breadcrumb","itemListElement":[{"@type":"ListItem","position":1,"name":"Home","item":"https:\/\/eamt.ee\/en\/"},{"@type":"ListItem","position":2,"name":"International","item":"https:\/\/eamt.ee\/en\/international\/"},{"@type":"ListItem","position":3,"name":"Student mobility"}]},{"@type":"WebSite","@id":"https:\/\/eamt.ee\/en\/#website","url":"https:\/\/eamt.ee\/en\/","name":"Estonian Academy of Music and Theatre","description":"","potentialAction":[{"@type":"SearchAction","target":{"@type":"EntryPoint","urlTemplate":"https:\/\/eamt.ee\/en\/?s={search_term_string}"},"query-input":{"@type":"PropertyValueSpecification","valueRequired":true,"valueName":"search_term_string"}}],"inLanguage":"en-US"}]}},"_links":{"self":[{"href":"https:\/\/eamt.ee\/en\/wp-json\/wp\/v2\/pages\/8287","targetHints":{"allow":["GET"]}}],"collection":[{"href":"https:\/\/eamt.ee\/en\/wp-json\/wp\/v2\/pages"}],"about":[{"href":"https:\/\/eamt.ee\/en\/wp-json\/wp\/v2\/types\/page"}],"author":[{"embeddable":true,"href":"https:\/\/eamt.ee\/en\/wp-json\/wp\/v2\/users\/1"}],"replies":[{"embeddable":true,"href":"https:\/\/eamt.ee\/en\/wp-json\/wp\/v2\/comments?post=8287"}],"version-history":[{"count":33,"href":"https:\/\/eamt.ee\/en\/wp-json\/wp\/v2\/pages\/8287\/revisions"}],"predecessor-version":[{"id":48603,"href":"https:\/\/eamt.ee\/en\/wp-json\/wp\/v2\/pages\/8287\/revisions\/48603"}],"up":[{"embeddable":true,"href":"https:\/\/eamt.ee\/en\/wp-json\/wp\/v2\/pages\/6661"}],"wp:attachment":[{"href":"https:\/\/eamt.ee\/en\/wp-json\/wp\/v2\/media?parent=8287"}],"curies":[{"name":"wp","href":"https:\/\/api.w.org\/{rel}","templated":true}]}}