{"id":39436,"date":"2018-04-01T14:47:18","date_gmt":"2018-04-01T11:47:18","guid":{"rendered":"https:\/\/eamt.ee\/toode\/marion-joepera-creating-and-directing-spatial-perception-as-one-of-the-main-tools-of-a-postdramatic-dramaturg\/"},"modified":"2026-02-05T13:45:44","modified_gmt":"2026-02-05T11:45:44","slug":"marion-joepera-creating-and-directing-spatial-perception-as-one-of-the-main-tools-of-a-postdramatic-dramaturg","status":"publish","type":"product","link":"https:\/\/eamt.ee\/en\/toode\/marion-joepera-creating-and-directing-spatial-perception-as-one-of-the-main-tools-of-a-postdramatic-dramaturg\/","title":{"rendered":"Marion J\u00f5epera. Ruumitaju loomine ja suunamine kui postdramaatilise dramaturgi peamine t\u00f6\u00f6vahend"},"content":{"rendered":"<p>Summary in English (Creating and directing spatial perception as one of the main tools of a<br \/>\npostdramatic dramaturg)<\/p>\n<p>A digital version of the book in pdf format is available <a href=\"https:\/\/hdl.handle.net\/10062\/95540\" target=\"_blank\" rel=\"noopener\">here<\/a><\/p>\n<p>Eesti Muusika- ja Teatriakadeemia Loomeuurimused 1, \/ Estonian Academy of Music and<br \/>\nTheatre. Studies on Artistic Research 1<br \/>\nEstonian Academy of Music and Theatre Press, 2018, ISBN 978-9949-9873-7-5<\/p>\n","protected":false},"excerpt":{"rendered":"<p>Summary in English (Creating and directing spatial perception as one of the main tools of a postdramatic dramaturg) A digital version of the book in pdf format is available here Eesti Muusika- ja Teatriakadeemia Loomeuurimused 1, \/ Estonian Academy of Music and Theatre. Studies on Artistic Research 1 Estonian Academy of Music and Theatre Press, &hellip; <a href=\"https:\/\/eamt.ee\/en\/toode\/marion-joepera-creating-and-directing-spatial-perception-as-one-of-the-main-tools-of-a-postdramatic-dramaturg\/\">Continued<\/a><\/p>\n","protected":false},"featured_media":36652,"template":"","meta":{"_acf_changed":false},"product_brand":[],"product_cat":[242,297],"product_tag":[],"class_list":{"0":"post-39436","1":"product","2":"type-product","3":"status-publish","4":"has-post-thumbnail","6":"product_cat-publications","7":"product_cat-publications-by-estonian-academy-of-music-and-theatre","9":"first","10":"instock","11":"taxable","12":"shipping-taxable","13":"product-type-simple"},"acf":{"dont_show_stock":false,"is_new":false},"yoast_head":"<!-- This site is optimized with the Yoast SEO plugin v27.2 - https:\/\/yoast.com\/product\/yoast-seo-wordpress\/ -->\n<title>Marion J\u00f5epera. Ruumitaju loomine ja suunamine kui postdramaatilise dramaturgi peamine t\u00f6\u00f6vahend | Estonian Academy of Music and Theatre<\/title>\n<meta name=\"robots\" content=\"index, follow, max-snippet:-1, max-image-preview:large, max-video-preview:-1\" \/>\n<link rel=\"canonical\" href=\"https:\/\/eamt.ee\/en\/toode\/marion-joepera-creating-and-directing-spatial-perception-as-one-of-the-main-tools-of-a-postdramatic-dramaturg\/\" \/>\n<meta property=\"og:locale\" content=\"en_US\" \/>\n<meta property=\"og:type\" content=\"article\" \/>\n<meta property=\"og:title\" content=\"Marion J\u00f5epera. Ruumitaju loomine ja suunamine kui postdramaatilise dramaturgi peamine t\u00f6\u00f6vahend | Estonian Academy of Music and Theatre\" \/>\n<meta property=\"og:description\" content=\"Summary in English (Creating and directing spatial perception as one of the main tools of a postdramatic dramaturg) A digital version of the book in pdf format is available here Eesti Muusika- ja Teatriakadeemia Loomeuurimused 1, \/ Estonian Academy of Music and Theatre. Studies on Artistic Research 1 Estonian Academy of Music and Theatre Press, &hellip; Continued\" \/>\n<meta property=\"og:url\" content=\"https:\/\/eamt.ee\/en\/toode\/marion-joepera-creating-and-directing-spatial-perception-as-one-of-the-main-tools-of-a-postdramatic-dramaturg\/\" \/>\n<meta property=\"og:site_name\" content=\"Estonian Academy of Music and Theatre\" \/>\n<meta property=\"article:modified_time\" content=\"2026-02-05T11:45:44+00:00\" \/>\n<meta property=\"og:image\" content=\"https:\/\/eamt.ee\/wp-content\/uploads\/2023\/03\/joepera_kaas_trykk-640x904-1.jpg\" \/>\n\t<meta property=\"og:image:width\" content=\"640\" \/>\n\t<meta property=\"og:image:height\" content=\"904\" \/>\n\t<meta property=\"og:image:type\" content=\"image\/jpeg\" \/>\n<meta name=\"twitter:card\" content=\"summary_large_image\" \/>\n<meta name=\"twitter:label1\" content=\"Est. reading time\" \/>\n\t<meta name=\"twitter:data1\" content=\"1 minute\" \/>\n<script type=\"application\/ld+json\" class=\"yoast-schema-graph\">{\"@context\":\"https:\/\/schema.org\",\"@graph\":[{\"@type\":\"WebPage\",\"@id\":\"https:\/\/eamt.ee\/en\/toode\/marion-joepera-creating-and-directing-spatial-perception-as-one-of-the-main-tools-of-a-postdramatic-dramaturg\/\",\"url\":\"https:\/\/eamt.ee\/en\/toode\/marion-joepera-creating-and-directing-spatial-perception-as-one-of-the-main-tools-of-a-postdramatic-dramaturg\/\",\"name\":\"Marion J\u00f5epera. Ruumitaju loomine ja suunamine kui postdramaatilise dramaturgi peamine t\u00f6\u00f6vahend | Estonian Academy of Music and Theatre\",\"isPartOf\":{\"@id\":\"https:\/\/eamt.ee\/en\/#website\"},\"primaryImageOfPage\":{\"@id\":\"https:\/\/eamt.ee\/en\/toode\/marion-joepera-creating-and-directing-spatial-perception-as-one-of-the-main-tools-of-a-postdramatic-dramaturg\/#primaryimage\"},\"image\":{\"@id\":\"https:\/\/eamt.ee\/en\/toode\/marion-joepera-creating-and-directing-spatial-perception-as-one-of-the-main-tools-of-a-postdramatic-dramaturg\/#primaryimage\"},\"thumbnailUrl\":\"https:\/\/eamt.ee\/wp-content\/uploads\/2023\/03\/joepera_kaas_trykk-640x904-1.jpg\",\"datePublished\":\"2018-04-01T11:47:18+00:00\",\"dateModified\":\"2026-02-05T11:45:44+00:00\",\"breadcrumb\":{\"@id\":\"https:\/\/eamt.ee\/en\/toode\/marion-joepera-creating-and-directing-spatial-perception-as-one-of-the-main-tools-of-a-postdramatic-dramaturg\/#breadcrumb\"},\"inLanguage\":\"en-US\",\"potentialAction\":[{\"@type\":\"ReadAction\",\"target\":[\"https:\/\/eamt.ee\/en\/toode\/marion-joepera-creating-and-directing-spatial-perception-as-one-of-the-main-tools-of-a-postdramatic-dramaturg\/\"]}]},{\"@type\":\"ImageObject\",\"inLanguage\":\"en-US\",\"@id\":\"https:\/\/eamt.ee\/en\/toode\/marion-joepera-creating-and-directing-spatial-perception-as-one-of-the-main-tools-of-a-postdramatic-dramaturg\/#primaryimage\",\"url\":\"https:\/\/eamt.ee\/wp-content\/uploads\/2023\/03\/joepera_kaas_trykk-640x904-1.jpg\",\"contentUrl\":\"https:\/\/eamt.ee\/wp-content\/uploads\/2023\/03\/joepera_kaas_trykk-640x904-1.jpg\",\"width\":640,\"height\":904},{\"@type\":\"BreadcrumbList\",\"@id\":\"https:\/\/eamt.ee\/en\/toode\/marion-joepera-creating-and-directing-spatial-perception-as-one-of-the-main-tools-of-a-postdramatic-dramaturg\/#breadcrumb\",\"itemListElement\":[{\"@type\":\"ListItem\",\"position\":1,\"name\":\"Home\",\"item\":\"https:\/\/eamt.ee\/en\/\"},{\"@type\":\"ListItem\",\"position\":2,\"name\":\"Shop\",\"item\":\"https:\/\/eamt.ee\/en\/shop\/\"},{\"@type\":\"ListItem\",\"position\":3,\"name\":\"Marion J\u00f5epera. Ruumitaju loomine ja suunamine kui postdramaatilise dramaturgi peamine t\u00f6\u00f6vahend\"}]},{\"@type\":\"WebSite\",\"@id\":\"https:\/\/eamt.ee\/en\/#website\",\"url\":\"https:\/\/eamt.ee\/en\/\",\"name\":\"Estonian Academy of Music and Theatre\",\"description\":\"\",\"potentialAction\":[{\"@type\":\"SearchAction\",\"target\":{\"@type\":\"EntryPoint\",\"urlTemplate\":\"https:\/\/eamt.ee\/en\/?s={search_term_string}\"},\"query-input\":{\"@type\":\"PropertyValueSpecification\",\"valueRequired\":true,\"valueName\":\"search_term_string\"}}],\"inLanguage\":\"en-US\"}]}<\/script>\n<!-- \/ Yoast SEO plugin. -->","yoast_head_json":{"title":"Marion J\u00f5epera. Ruumitaju loomine ja suunamine kui postdramaatilise dramaturgi peamine t\u00f6\u00f6vahend | Estonian Academy of Music and Theatre","robots":{"index":"index","follow":"follow","max-snippet":"max-snippet:-1","max-image-preview":"max-image-preview:large","max-video-preview":"max-video-preview:-1"},"canonical":"https:\/\/eamt.ee\/en\/toode\/marion-joepera-creating-and-directing-spatial-perception-as-one-of-the-main-tools-of-a-postdramatic-dramaturg\/","og_locale":"en_US","og_type":"article","og_title":"Marion J\u00f5epera. Ruumitaju loomine ja suunamine kui postdramaatilise dramaturgi peamine t\u00f6\u00f6vahend | Estonian Academy of Music and Theatre","og_description":"Summary in English (Creating and directing spatial perception as one of the main tools of a postdramatic dramaturg) A digital version of the book in pdf format is available here Eesti Muusika- ja Teatriakadeemia Loomeuurimused 1, \/ Estonian Academy of Music and Theatre. Studies on Artistic Research 1 Estonian Academy of Music and Theatre Press, &hellip; Continued","og_url":"https:\/\/eamt.ee\/en\/toode\/marion-joepera-creating-and-directing-spatial-perception-as-one-of-the-main-tools-of-a-postdramatic-dramaturg\/","og_site_name":"Estonian Academy of Music and Theatre","article_modified_time":"2026-02-05T11:45:44+00:00","og_image":[{"width":640,"height":904,"url":"https:\/\/eamt.ee\/wp-content\/uploads\/2023\/03\/joepera_kaas_trykk-640x904-1.jpg","type":"image\/jpeg"}],"twitter_card":"summary_large_image","twitter_misc":{"Est. reading time":"1 minute"},"schema":{"@context":"https:\/\/schema.org","@graph":[{"@type":"WebPage","@id":"https:\/\/eamt.ee\/en\/toode\/marion-joepera-creating-and-directing-spatial-perception-as-one-of-the-main-tools-of-a-postdramatic-dramaturg\/","url":"https:\/\/eamt.ee\/en\/toode\/marion-joepera-creating-and-directing-spatial-perception-as-one-of-the-main-tools-of-a-postdramatic-dramaturg\/","name":"Marion J\u00f5epera. Ruumitaju loomine ja suunamine kui postdramaatilise dramaturgi peamine t\u00f6\u00f6vahend | Estonian Academy of Music and Theatre","isPartOf":{"@id":"https:\/\/eamt.ee\/en\/#website"},"primaryImageOfPage":{"@id":"https:\/\/eamt.ee\/en\/toode\/marion-joepera-creating-and-directing-spatial-perception-as-one-of-the-main-tools-of-a-postdramatic-dramaturg\/#primaryimage"},"image":{"@id":"https:\/\/eamt.ee\/en\/toode\/marion-joepera-creating-and-directing-spatial-perception-as-one-of-the-main-tools-of-a-postdramatic-dramaturg\/#primaryimage"},"thumbnailUrl":"https:\/\/eamt.ee\/wp-content\/uploads\/2023\/03\/joepera_kaas_trykk-640x904-1.jpg","datePublished":"2018-04-01T11:47:18+00:00","dateModified":"2026-02-05T11:45:44+00:00","breadcrumb":{"@id":"https:\/\/eamt.ee\/en\/toode\/marion-joepera-creating-and-directing-spatial-perception-as-one-of-the-main-tools-of-a-postdramatic-dramaturg\/#breadcrumb"},"inLanguage":"en-US","potentialAction":[{"@type":"ReadAction","target":["https:\/\/eamt.ee\/en\/toode\/marion-joepera-creating-and-directing-spatial-perception-as-one-of-the-main-tools-of-a-postdramatic-dramaturg\/"]}]},{"@type":"ImageObject","inLanguage":"en-US","@id":"https:\/\/eamt.ee\/en\/toode\/marion-joepera-creating-and-directing-spatial-perception-as-one-of-the-main-tools-of-a-postdramatic-dramaturg\/#primaryimage","url":"https:\/\/eamt.ee\/wp-content\/uploads\/2023\/03\/joepera_kaas_trykk-640x904-1.jpg","contentUrl":"https:\/\/eamt.ee\/wp-content\/uploads\/2023\/03\/joepera_kaas_trykk-640x904-1.jpg","width":640,"height":904},{"@type":"BreadcrumbList","@id":"https:\/\/eamt.ee\/en\/toode\/marion-joepera-creating-and-directing-spatial-perception-as-one-of-the-main-tools-of-a-postdramatic-dramaturg\/#breadcrumb","itemListElement":[{"@type":"ListItem","position":1,"name":"Home","item":"https:\/\/eamt.ee\/en\/"},{"@type":"ListItem","position":2,"name":"Shop","item":"https:\/\/eamt.ee\/en\/shop\/"},{"@type":"ListItem","position":3,"name":"Marion J\u00f5epera. Ruumitaju loomine ja suunamine kui postdramaatilise dramaturgi peamine t\u00f6\u00f6vahend"}]},{"@type":"WebSite","@id":"https:\/\/eamt.ee\/en\/#website","url":"https:\/\/eamt.ee\/en\/","name":"Estonian Academy of Music and Theatre","description":"","potentialAction":[{"@type":"SearchAction","target":{"@type":"EntryPoint","urlTemplate":"https:\/\/eamt.ee\/en\/?s={search_term_string}"},"query-input":{"@type":"PropertyValueSpecification","valueRequired":true,"valueName":"search_term_string"}}],"inLanguage":"en-US"}]}},"_links":{"self":[{"href":"https:\/\/eamt.ee\/en\/wp-json\/wp\/v2\/product\/39436","targetHints":{"allow":["GET"]}}],"collection":[{"href":"https:\/\/eamt.ee\/en\/wp-json\/wp\/v2\/product"}],"about":[{"href":"https:\/\/eamt.ee\/en\/wp-json\/wp\/v2\/types\/product"}],"wp:featuredmedia":[{"embeddable":true,"href":"https:\/\/eamt.ee\/en\/wp-json\/wp\/v2\/media\/36652"}],"wp:attachment":[{"href":"https:\/\/eamt.ee\/en\/wp-json\/wp\/v2\/media?parent=39436"}],"wp:term":[{"taxonomy":"product_brand","embeddable":true,"href":"https:\/\/eamt.ee\/en\/wp-json\/wp\/v2\/product_brand?post=39436"},{"taxonomy":"product_cat","embeddable":true,"href":"https:\/\/eamt.ee\/en\/wp-json\/wp\/v2\/product_cat?post=39436"},{"taxonomy":"product_tag","embeddable":true,"href":"https:\/\/eamt.ee\/en\/wp-json\/wp\/v2\/product_tag?post=39436"}],"curies":[{"name":"wp","href":"https:\/\/api.w.org\/{rel}","templated":true}]}}