{"id":39490,"date":"2018-05-01T09:42:33","date_gmt":"2018-05-01T06:42:33","guid":{"rendered":"https:\/\/eamt.ee\/toode\/managing-the-arts-iii\/"},"modified":"2026-03-14T14:07:00","modified_gmt":"2026-03-14T12:07:00","slug":"managing-the-arts-iii","status":"publish","type":"product","link":"https:\/\/eamt.ee\/en\/toode\/managing-the-arts-iii\/","title":{"rendered":"Managing the Arts III"},"content":{"rendered":"<p>Edited by Kristina Kuznetsova-Bogdanovit\u0161, Annukka Jyr\u00e4m\u00e4.<\/p>\n<p>Department of Cultural Management, Estonian Academy of Music and Theatre, 2018<\/p>\n<p>ISSN 2585-4585<\/p>\n<p>ISBN 978-9949-9873-3-7<\/p>\n","protected":false},"excerpt":{"rendered":"<p>Edited by Kristina Kuznetsova-Bogdanovit\u0161, Annukka Jyr\u00e4m\u00e4. Department of Cultural Management, Estonian Academy of Music and Theatre, 2018 ISSN 2585-4585 ISBN 978-9949-9873-3-7<\/p>\n","protected":false},"featured_media":36618,"template":"","meta":{"_acf_changed":false},"product_brand":[],"product_cat":[242,297],"product_tag":[],"class_list":{"0":"post-39490","1":"product","2":"type-product","3":"status-publish","4":"has-post-thumbnail","6":"product_cat-publications","7":"product_cat-publications-by-estonian-academy-of-music-and-theatre","9":"first","10":"instock","11":"taxable","12":"shipping-taxable","13":"purchasable","14":"product-type-simple"},"acf":{"is_new":false,"dont_show_stock":true},"yoast_head":"<!-- This site is optimized with the Yoast SEO plugin v27.3 - https:\/\/yoast.com\/product\/yoast-seo-wordpress\/ -->\n<title>Managing the Arts III | Estonian Academy of Music and Theatre<\/title>\n<meta name=\"robots\" content=\"index, follow, max-snippet:-1, max-image-preview:large, max-video-preview:-1\" \/>\n<link rel=\"canonical\" href=\"https:\/\/eamt.ee\/en\/toode\/managing-the-arts-iii\/\" \/>\n<meta property=\"og:locale\" content=\"en_US\" \/>\n<meta property=\"og:type\" content=\"article\" \/>\n<meta property=\"og:title\" content=\"Managing the Arts III | Estonian Academy of Music and Theatre\" \/>\n<meta property=\"og:description\" content=\"Edited by Kristina Kuznetsova-Bogdanovit\u0161, Annukka Jyr\u00e4m\u00e4. Department of Cultural Management, Estonian Academy of Music and Theatre, 2018 ISSN 2585-4585 ISBN 978-9949-9873-3-7\" \/>\n<meta property=\"og:url\" content=\"https:\/\/eamt.ee\/en\/toode\/managing-the-arts-iii\/\" \/>\n<meta property=\"og:site_name\" content=\"Estonian Academy of Music and Theatre\" \/>\n<meta property=\"article:modified_time\" content=\"2026-03-14T12:07:00+00:00\" \/>\n<meta property=\"og:image\" content=\"https:\/\/eamt.ee\/wp-content\/uploads\/2023\/03\/Kaas_kuidas_korraldada_kultuuri_vol3-640x960-1.jpg\" \/>\n\t<meta property=\"og:image:width\" content=\"640\" \/>\n\t<meta property=\"og:image:height\" content=\"960\" \/>\n\t<meta property=\"og:image:type\" content=\"image\/jpeg\" \/>\n<meta name=\"twitter:card\" content=\"summary_large_image\" \/>\n<meta name=\"twitter:label1\" content=\"Est. reading time\" \/>\n\t<meta name=\"twitter:data1\" content=\"1 minute\" \/>\n<script type=\"application\/ld+json\" class=\"yoast-schema-graph\">{\"@context\":\"https:\\\/\\\/schema.org\",\"@graph\":[{\"@type\":\"WebPage\",\"@id\":\"https:\\\/\\\/eamt.ee\\\/en\\\/toode\\\/managing-the-arts-iii\\\/\",\"url\":\"https:\\\/\\\/eamt.ee\\\/en\\\/toode\\\/managing-the-arts-iii\\\/\",\"name\":\"Managing the Arts III | Estonian Academy of Music and Theatre\",\"isPartOf\":{\"@id\":\"https:\\\/\\\/eamt.ee\\\/en\\\/#website\"},\"primaryImageOfPage\":{\"@id\":\"https:\\\/\\\/eamt.ee\\\/en\\\/toode\\\/managing-the-arts-iii\\\/#primaryimage\"},\"image\":{\"@id\":\"https:\\\/\\\/eamt.ee\\\/en\\\/toode\\\/managing-the-arts-iii\\\/#primaryimage\"},\"thumbnailUrl\":\"https:\\\/\\\/eamt.ee\\\/wp-content\\\/uploads\\\/2023\\\/03\\\/Kaas_kuidas_korraldada_kultuuri_vol3-640x960-1.jpg\",\"datePublished\":\"2018-05-01T06:42:33+00:00\",\"dateModified\":\"2026-03-14T12:07:00+00:00\",\"breadcrumb\":{\"@id\":\"https:\\\/\\\/eamt.ee\\\/en\\\/toode\\\/managing-the-arts-iii\\\/#breadcrumb\"},\"inLanguage\":\"en-US\",\"potentialAction\":[{\"@type\":\"ReadAction\",\"target\":[\"https:\\\/\\\/eamt.ee\\\/en\\\/toode\\\/managing-the-arts-iii\\\/\"]}]},{\"@type\":\"ImageObject\",\"inLanguage\":\"en-US\",\"@id\":\"https:\\\/\\\/eamt.ee\\\/en\\\/toode\\\/managing-the-arts-iii\\\/#primaryimage\",\"url\":\"https:\\\/\\\/eamt.ee\\\/wp-content\\\/uploads\\\/2023\\\/03\\\/Kaas_kuidas_korraldada_kultuuri_vol3-640x960-1.jpg\",\"contentUrl\":\"https:\\\/\\\/eamt.ee\\\/wp-content\\\/uploads\\\/2023\\\/03\\\/Kaas_kuidas_korraldada_kultuuri_vol3-640x960-1.jpg\",\"width\":640,\"height\":960},{\"@type\":\"BreadcrumbList\",\"@id\":\"https:\\\/\\\/eamt.ee\\\/en\\\/toode\\\/managing-the-arts-iii\\\/#breadcrumb\",\"itemListElement\":[{\"@type\":\"ListItem\",\"position\":1,\"name\":\"Home\",\"item\":\"https:\\\/\\\/eamt.ee\\\/en\\\/\"},{\"@type\":\"ListItem\",\"position\":2,\"name\":\"Shop\",\"item\":\"https:\\\/\\\/eamt.ee\\\/en\\\/shop\\\/\"},{\"@type\":\"ListItem\",\"position\":3,\"name\":\"Managing the Arts III\"}]},{\"@type\":\"WebSite\",\"@id\":\"https:\\\/\\\/eamt.ee\\\/en\\\/#website\",\"url\":\"https:\\\/\\\/eamt.ee\\\/en\\\/\",\"name\":\"Estonian Academy of Music and Theatre\",\"description\":\"\",\"potentialAction\":[{\"@type\":\"SearchAction\",\"target\":{\"@type\":\"EntryPoint\",\"urlTemplate\":\"https:\\\/\\\/eamt.ee\\\/en\\\/?s={search_term_string}\"},\"query-input\":{\"@type\":\"PropertyValueSpecification\",\"valueRequired\":true,\"valueName\":\"search_term_string\"}}],\"inLanguage\":\"en-US\"}]}<\/script>\n<!-- \/ Yoast SEO plugin. -->","yoast_head_json":{"title":"Managing the Arts III | Estonian Academy of Music and Theatre","robots":{"index":"index","follow":"follow","max-snippet":"max-snippet:-1","max-image-preview":"max-image-preview:large","max-video-preview":"max-video-preview:-1"},"canonical":"https:\/\/eamt.ee\/en\/toode\/managing-the-arts-iii\/","og_locale":"en_US","og_type":"article","og_title":"Managing the Arts III | Estonian Academy of Music and Theatre","og_description":"Edited by Kristina Kuznetsova-Bogdanovit\u0161, Annukka Jyr\u00e4m\u00e4. Department of Cultural Management, Estonian Academy of Music and Theatre, 2018 ISSN 2585-4585 ISBN 978-9949-9873-3-7","og_url":"https:\/\/eamt.ee\/en\/toode\/managing-the-arts-iii\/","og_site_name":"Estonian Academy of Music and Theatre","article_modified_time":"2026-03-14T12:07:00+00:00","og_image":[{"width":640,"height":960,"url":"https:\/\/eamt.ee\/wp-content\/uploads\/2023\/03\/Kaas_kuidas_korraldada_kultuuri_vol3-640x960-1.jpg","type":"image\/jpeg"}],"twitter_card":"summary_large_image","twitter_misc":{"Est. reading time":"1 minute"},"schema":{"@context":"https:\/\/schema.org","@graph":[{"@type":"WebPage","@id":"https:\/\/eamt.ee\/en\/toode\/managing-the-arts-iii\/","url":"https:\/\/eamt.ee\/en\/toode\/managing-the-arts-iii\/","name":"Managing the Arts III | Estonian Academy of Music and Theatre","isPartOf":{"@id":"https:\/\/eamt.ee\/en\/#website"},"primaryImageOfPage":{"@id":"https:\/\/eamt.ee\/en\/toode\/managing-the-arts-iii\/#primaryimage"},"image":{"@id":"https:\/\/eamt.ee\/en\/toode\/managing-the-arts-iii\/#primaryimage"},"thumbnailUrl":"https:\/\/eamt.ee\/wp-content\/uploads\/2023\/03\/Kaas_kuidas_korraldada_kultuuri_vol3-640x960-1.jpg","datePublished":"2018-05-01T06:42:33+00:00","dateModified":"2026-03-14T12:07:00+00:00","breadcrumb":{"@id":"https:\/\/eamt.ee\/en\/toode\/managing-the-arts-iii\/#breadcrumb"},"inLanguage":"en-US","potentialAction":[{"@type":"ReadAction","target":["https:\/\/eamt.ee\/en\/toode\/managing-the-arts-iii\/"]}]},{"@type":"ImageObject","inLanguage":"en-US","@id":"https:\/\/eamt.ee\/en\/toode\/managing-the-arts-iii\/#primaryimage","url":"https:\/\/eamt.ee\/wp-content\/uploads\/2023\/03\/Kaas_kuidas_korraldada_kultuuri_vol3-640x960-1.jpg","contentUrl":"https:\/\/eamt.ee\/wp-content\/uploads\/2023\/03\/Kaas_kuidas_korraldada_kultuuri_vol3-640x960-1.jpg","width":640,"height":960},{"@type":"BreadcrumbList","@id":"https:\/\/eamt.ee\/en\/toode\/managing-the-arts-iii\/#breadcrumb","itemListElement":[{"@type":"ListItem","position":1,"name":"Home","item":"https:\/\/eamt.ee\/en\/"},{"@type":"ListItem","position":2,"name":"Shop","item":"https:\/\/eamt.ee\/en\/shop\/"},{"@type":"ListItem","position":3,"name":"Managing the Arts III"}]},{"@type":"WebSite","@id":"https:\/\/eamt.ee\/en\/#website","url":"https:\/\/eamt.ee\/en\/","name":"Estonian Academy of Music and Theatre","description":"","potentialAction":[{"@type":"SearchAction","target":{"@type":"EntryPoint","urlTemplate":"https:\/\/eamt.ee\/en\/?s={search_term_string}"},"query-input":{"@type":"PropertyValueSpecification","valueRequired":true,"valueName":"search_term_string"}}],"inLanguage":"en-US"}]}},"_links":{"self":[{"href":"https:\/\/eamt.ee\/en\/wp-json\/wp\/v2\/product\/39490","targetHints":{"allow":["GET"]}}],"collection":[{"href":"https:\/\/eamt.ee\/en\/wp-json\/wp\/v2\/product"}],"about":[{"href":"https:\/\/eamt.ee\/en\/wp-json\/wp\/v2\/types\/product"}],"wp:featuredmedia":[{"embeddable":true,"href":"https:\/\/eamt.ee\/en\/wp-json\/wp\/v2\/media\/36618"}],"wp:attachment":[{"href":"https:\/\/eamt.ee\/en\/wp-json\/wp\/v2\/media?parent=39490"}],"wp:term":[{"taxonomy":"product_brand","embeddable":true,"href":"https:\/\/eamt.ee\/en\/wp-json\/wp\/v2\/product_brand?post=39490"},{"taxonomy":"product_cat","embeddable":true,"href":"https:\/\/eamt.ee\/en\/wp-json\/wp\/v2\/product_cat?post=39490"},{"taxonomy":"product_tag","embeddable":true,"href":"https:\/\/eamt.ee\/en\/wp-json\/wp\/v2\/product_tag?post=39490"}],"curies":[{"name":"wp","href":"https:\/\/api.w.org\/{rel}","templated":true}]}}