{"id":42528,"date":"2024-01-05T08:22:57","date_gmt":"2024-01-05T06:22:57","guid":{"rendered":"https:\/\/eamt.ee\/toode\/heiki-matlik-klassikalise-kitarrimangu-kasiraamat\/"},"modified":"2026-03-14T11:35:59","modified_gmt":"2026-03-14T09:35:59","slug":"heiki-matlik-klassikalise-kitarrimangu-kasiraamat","status":"publish","type":"product","link":"https:\/\/eamt.ee\/en\/toode\/heiki-matlik-klassikalise-kitarrimangu-kasiraamat\/","title":{"rendered":"Heiki M\u00e4tlik. Klassikalise kitarrim\u00e4ngu k\u00e4siraamat"},"content":{"rendered":"<p><span style=\"color: #333333\"><a style=\"text-decoration: none;color: #333333\" href=\"https:\/\/eamt.ee\/en\/research\/eamt-press\/\" target=\"_blank\" rel=\"noopener\">Estonian Academy of Music and Theatre Press<\/a>, 2023, ISBN 978-9916-981-63-4<\/span><\/p>\n","protected":false},"excerpt":{"rendered":"<p>Estonian Academy of Music and Theatre Press, 2023, ISBN 978-9916-981-63-4<\/p>\n","protected":false},"featured_media":42532,"template":"","meta":{"_acf_changed":false},"product_brand":[],"product_cat":[297,242],"product_tag":[],"class_list":{"0":"post-42528","1":"product","2":"type-product","3":"status-publish","4":"has-post-thumbnail","6":"product_cat-publications-by-estonian-academy-of-music-and-theatre","7":"product_cat-publications","9":"first","10":"instock","11":"taxable","12":"shipping-taxable","13":"purchasable","14":"product-type-simple"},"acf":{"is_new":true,"dont_show_stock":true},"yoast_head":"<!-- This site is optimized with the Yoast SEO plugin v27.2 - https:\/\/yoast.com\/product\/yoast-seo-wordpress\/ -->\n<title>Heiki M\u00e4tlik. Klassikalise kitarrim\u00e4ngu k\u00e4siraamat | Estonian Academy of Music and Theatre<\/title>\n<meta name=\"robots\" content=\"index, follow, max-snippet:-1, max-image-preview:large, max-video-preview:-1\" \/>\n<link rel=\"canonical\" href=\"https:\/\/eamt.ee\/en\/toode\/heiki-matlik-klassikalise-kitarrimangu-kasiraamat\/\" \/>\n<meta property=\"og:locale\" content=\"en_US\" \/>\n<meta property=\"og:type\" content=\"article\" \/>\n<meta property=\"og:title\" content=\"Heiki M\u00e4tlik. Klassikalise kitarrim\u00e4ngu k\u00e4siraamat | Estonian Academy of Music and Theatre\" \/>\n<meta property=\"og:description\" content=\"Estonian Academy of Music and Theatre Press, 2023, ISBN 978-9916-981-63-4\" \/>\n<meta property=\"og:url\" content=\"https:\/\/eamt.ee\/en\/toode\/heiki-matlik-klassikalise-kitarrimangu-kasiraamat\/\" \/>\n<meta property=\"og:site_name\" content=\"Estonian Academy of Music and Theatre\" \/>\n<meta property=\"article:modified_time\" content=\"2026-03-14T09:35:59+00:00\" \/>\n<meta property=\"og:image\" content=\"https:\/\/eamt.ee\/wp-content\/uploads\/2024\/01\/Matlik2.jpg\" \/>\n\t<meta property=\"og:image:width\" content=\"617\" \/>\n\t<meta property=\"og:image:height\" content=\"886\" \/>\n\t<meta property=\"og:image:type\" content=\"image\/jpeg\" \/>\n<meta name=\"twitter:card\" content=\"summary_large_image\" \/>\n<meta name=\"twitter:label1\" content=\"Est. reading time\" \/>\n\t<meta name=\"twitter:data1\" content=\"1 minute\" \/>\n<script type=\"application\/ld+json\" class=\"yoast-schema-graph\">{\"@context\":\"https:\/\/schema.org\",\"@graph\":[{\"@type\":\"WebPage\",\"@id\":\"https:\/\/eamt.ee\/en\/toode\/heiki-matlik-klassikalise-kitarrimangu-kasiraamat\/\",\"url\":\"https:\/\/eamt.ee\/en\/toode\/heiki-matlik-klassikalise-kitarrimangu-kasiraamat\/\",\"name\":\"Heiki M\u00e4tlik. Klassikalise kitarrim\u00e4ngu k\u00e4siraamat | Estonian Academy of Music and Theatre\",\"isPartOf\":{\"@id\":\"https:\/\/eamt.ee\/en\/#website\"},\"primaryImageOfPage\":{\"@id\":\"https:\/\/eamt.ee\/en\/toode\/heiki-matlik-klassikalise-kitarrimangu-kasiraamat\/#primaryimage\"},\"image\":{\"@id\":\"https:\/\/eamt.ee\/en\/toode\/heiki-matlik-klassikalise-kitarrimangu-kasiraamat\/#primaryimage\"},\"thumbnailUrl\":\"https:\/\/eamt.ee\/wp-content\/uploads\/2024\/01\/Matlik2.jpg\",\"datePublished\":\"2024-01-05T06:22:57+00:00\",\"dateModified\":\"2026-03-14T09:35:59+00:00\",\"breadcrumb\":{\"@id\":\"https:\/\/eamt.ee\/en\/toode\/heiki-matlik-klassikalise-kitarrimangu-kasiraamat\/#breadcrumb\"},\"inLanguage\":\"en-US\",\"potentialAction\":[{\"@type\":\"ReadAction\",\"target\":[\"https:\/\/eamt.ee\/en\/toode\/heiki-matlik-klassikalise-kitarrimangu-kasiraamat\/\"]}]},{\"@type\":\"ImageObject\",\"inLanguage\":\"en-US\",\"@id\":\"https:\/\/eamt.ee\/en\/toode\/heiki-matlik-klassikalise-kitarrimangu-kasiraamat\/#primaryimage\",\"url\":\"https:\/\/eamt.ee\/wp-content\/uploads\/2024\/01\/Matlik2.jpg\",\"contentUrl\":\"https:\/\/eamt.ee\/wp-content\/uploads\/2024\/01\/Matlik2.jpg\",\"width\":617,\"height\":886},{\"@type\":\"BreadcrumbList\",\"@id\":\"https:\/\/eamt.ee\/en\/toode\/heiki-matlik-klassikalise-kitarrimangu-kasiraamat\/#breadcrumb\",\"itemListElement\":[{\"@type\":\"ListItem\",\"position\":1,\"name\":\"Home\",\"item\":\"https:\/\/eamt.ee\/en\/\"},{\"@type\":\"ListItem\",\"position\":2,\"name\":\"Shop\",\"item\":\"https:\/\/eamt.ee\/en\/shop\/\"},{\"@type\":\"ListItem\",\"position\":3,\"name\":\"Heiki M\u00e4tlik. Klassikalise kitarrim\u00e4ngu k\u00e4siraamat\"}]},{\"@type\":\"WebSite\",\"@id\":\"https:\/\/eamt.ee\/en\/#website\",\"url\":\"https:\/\/eamt.ee\/en\/\",\"name\":\"Estonian Academy of Music and Theatre\",\"description\":\"\",\"potentialAction\":[{\"@type\":\"SearchAction\",\"target\":{\"@type\":\"EntryPoint\",\"urlTemplate\":\"https:\/\/eamt.ee\/en\/?s={search_term_string}\"},\"query-input\":{\"@type\":\"PropertyValueSpecification\",\"valueRequired\":true,\"valueName\":\"search_term_string\"}}],\"inLanguage\":\"en-US\"}]}<\/script>\n<!-- \/ Yoast SEO plugin. -->","yoast_head_json":{"title":"Heiki M\u00e4tlik. Klassikalise kitarrim\u00e4ngu k\u00e4siraamat | Estonian Academy of Music and Theatre","robots":{"index":"index","follow":"follow","max-snippet":"max-snippet:-1","max-image-preview":"max-image-preview:large","max-video-preview":"max-video-preview:-1"},"canonical":"https:\/\/eamt.ee\/en\/toode\/heiki-matlik-klassikalise-kitarrimangu-kasiraamat\/","og_locale":"en_US","og_type":"article","og_title":"Heiki M\u00e4tlik. Klassikalise kitarrim\u00e4ngu k\u00e4siraamat | Estonian Academy of Music and Theatre","og_description":"Estonian Academy of Music and Theatre Press, 2023, ISBN 978-9916-981-63-4","og_url":"https:\/\/eamt.ee\/en\/toode\/heiki-matlik-klassikalise-kitarrimangu-kasiraamat\/","og_site_name":"Estonian Academy of Music and Theatre","article_modified_time":"2026-03-14T09:35:59+00:00","og_image":[{"width":617,"height":886,"url":"https:\/\/eamt.ee\/wp-content\/uploads\/2024\/01\/Matlik2.jpg","type":"image\/jpeg"}],"twitter_card":"summary_large_image","twitter_misc":{"Est. reading time":"1 minute"},"schema":{"@context":"https:\/\/schema.org","@graph":[{"@type":"WebPage","@id":"https:\/\/eamt.ee\/en\/toode\/heiki-matlik-klassikalise-kitarrimangu-kasiraamat\/","url":"https:\/\/eamt.ee\/en\/toode\/heiki-matlik-klassikalise-kitarrimangu-kasiraamat\/","name":"Heiki M\u00e4tlik. Klassikalise kitarrim\u00e4ngu k\u00e4siraamat | Estonian Academy of Music and Theatre","isPartOf":{"@id":"https:\/\/eamt.ee\/en\/#website"},"primaryImageOfPage":{"@id":"https:\/\/eamt.ee\/en\/toode\/heiki-matlik-klassikalise-kitarrimangu-kasiraamat\/#primaryimage"},"image":{"@id":"https:\/\/eamt.ee\/en\/toode\/heiki-matlik-klassikalise-kitarrimangu-kasiraamat\/#primaryimage"},"thumbnailUrl":"https:\/\/eamt.ee\/wp-content\/uploads\/2024\/01\/Matlik2.jpg","datePublished":"2024-01-05T06:22:57+00:00","dateModified":"2026-03-14T09:35:59+00:00","breadcrumb":{"@id":"https:\/\/eamt.ee\/en\/toode\/heiki-matlik-klassikalise-kitarrimangu-kasiraamat\/#breadcrumb"},"inLanguage":"en-US","potentialAction":[{"@type":"ReadAction","target":["https:\/\/eamt.ee\/en\/toode\/heiki-matlik-klassikalise-kitarrimangu-kasiraamat\/"]}]},{"@type":"ImageObject","inLanguage":"en-US","@id":"https:\/\/eamt.ee\/en\/toode\/heiki-matlik-klassikalise-kitarrimangu-kasiraamat\/#primaryimage","url":"https:\/\/eamt.ee\/wp-content\/uploads\/2024\/01\/Matlik2.jpg","contentUrl":"https:\/\/eamt.ee\/wp-content\/uploads\/2024\/01\/Matlik2.jpg","width":617,"height":886},{"@type":"BreadcrumbList","@id":"https:\/\/eamt.ee\/en\/toode\/heiki-matlik-klassikalise-kitarrimangu-kasiraamat\/#breadcrumb","itemListElement":[{"@type":"ListItem","position":1,"name":"Home","item":"https:\/\/eamt.ee\/en\/"},{"@type":"ListItem","position":2,"name":"Shop","item":"https:\/\/eamt.ee\/en\/shop\/"},{"@type":"ListItem","position":3,"name":"Heiki M\u00e4tlik. Klassikalise kitarrim\u00e4ngu k\u00e4siraamat"}]},{"@type":"WebSite","@id":"https:\/\/eamt.ee\/en\/#website","url":"https:\/\/eamt.ee\/en\/","name":"Estonian Academy of Music and Theatre","description":"","potentialAction":[{"@type":"SearchAction","target":{"@type":"EntryPoint","urlTemplate":"https:\/\/eamt.ee\/en\/?s={search_term_string}"},"query-input":{"@type":"PropertyValueSpecification","valueRequired":true,"valueName":"search_term_string"}}],"inLanguage":"en-US"}]}},"_links":{"self":[{"href":"https:\/\/eamt.ee\/en\/wp-json\/wp\/v2\/product\/42528","targetHints":{"allow":["GET"]}}],"collection":[{"href":"https:\/\/eamt.ee\/en\/wp-json\/wp\/v2\/product"}],"about":[{"href":"https:\/\/eamt.ee\/en\/wp-json\/wp\/v2\/types\/product"}],"wp:featuredmedia":[{"embeddable":true,"href":"https:\/\/eamt.ee\/en\/wp-json\/wp\/v2\/media\/42532"}],"wp:attachment":[{"href":"https:\/\/eamt.ee\/en\/wp-json\/wp\/v2\/media?parent=42528"}],"wp:term":[{"taxonomy":"product_brand","embeddable":true,"href":"https:\/\/eamt.ee\/en\/wp-json\/wp\/v2\/product_brand?post=42528"},{"taxonomy":"product_cat","embeddable":true,"href":"https:\/\/eamt.ee\/en\/wp-json\/wp\/v2\/product_cat?post=42528"},{"taxonomy":"product_tag","embeddable":true,"href":"https:\/\/eamt.ee\/en\/wp-json\/wp\/v2\/product_tag?post=42528"}],"curies":[{"name":"wp","href":"https:\/\/api.w.org\/{rel}","templated":true}]}}