{"id":45464,"date":"2024-04-11T08:14:38","date_gmt":"2024-04-11T05:14:38","guid":{"rendered":"https:\/\/eamt.ee\/toode\/cd-kostke-laulud-eesti-keeles\/"},"modified":"2026-03-14T14:17:00","modified_gmt":"2026-03-14T12:17:00","slug":"cd-kostke-laulud-eesti-keeles","status":"publish","type":"product","link":"https:\/\/eamt.ee\/en\/toode\/cd-kostke-laulud-eesti-keeles\/","title":{"rendered":"CD \u201eKostke, laulud, eesti keeles!?\u201c"},"content":{"rendered":"<p>Album is recorded in the Church of the Transfiguration of Our Lord in Tallinn, 28.-29.10.2023 and consists of sound recordings of mixed choir HUIK! led by conductor Ode P\u00fcrg and soloists Arete Kerge, Ott Indermitte, Ode P\u00fcrg and Erik J\u00f5ks.<\/p>\n<p>Sound recording and editing by Margo K\u00f5lar and Ilja Korjukin and album design by P\u00e4ivi Palts.<\/p>\n<p><strong>Tracklist:<\/strong><\/p>\n<p>1. Antifoon &#8220;Kostke, laulud, eesti keeles&#8221; valitud salmidega luuletusest &#8220;Kuu&#8221; 2:22<br \/>\n2. Traktus &#8220;See on lugu&#8221; s\u00f5\u00f5rtooniga &#8220;Loomine&#8221; 3:55<br \/>\n3. Kolm antifooni &#8220;Taevad jutustavad&#8221; , &#8220;Ma pean Issandat&#8221; ja &#8220;&#8230; siis inglid ise&#8221; salmidega luuletusest &#8220;Mu isamaa on minu arm&#8221; 4:53<br \/>\n4. Mu isamaa on minu arm 2:31<br \/>\n5. Traktus &#8220;Kes on see, kes k\u00f5rbest \u00fcles tuleb&#8221; seeriatooniga &#8220;Arete&#8221; 3:53<br \/>\n6. Antifoon &#8220;Sa oled k\u00f5ige kaunim&#8221; salmidega luuletusest &#8220;Ei saa mitte vaiki olla&#8221; 3:06<br \/>\n7. Ei saa mitte vaiki olla 1:42<br \/>\n8. Traktus &#8220;Igast rahvast ja igast keelest&#8221;<br \/>\n9. Antifoon &#8220;Kui oled Eesti rahvas&#8221; salmidega luuletusest &#8220;Eesti, Eesti ela sa!&#8221; 9:26<br \/>\n10. Eesti, Eesti ela sa! (Eesti lipp) 3:00<br \/>\n11. Traktus &#8220;Ela oma maal&#8221; 2:14<br \/>\n12. Antifoon &#8220;Kallis kuldne&#8221; salmidega luuletusest &#8220;Sind surmani!&#8221; 5:26<br \/>\n13. Sind surmani 4:10<br \/>\n14. Koraal &#8220;Suur Jumal, p\u00e4eva selgus Sa&#8221; 4:36<\/p>\n","protected":false},"excerpt":{"rendered":"<p>Album is recorded in the Church of the Transfiguration of Our Lord in Tallinn, 28.-29.10.2023 and consists of sound recordings of mixed choir HUIK! led by conductor Ode P\u00fcrg and soloists Arete Kerge, Ott Indermitte, Ode P\u00fcrg and Erik J\u00f5ks. Sound recording and editing by Margo K\u00f5lar and Ilja Korjukin and album design by P\u00e4ivi &hellip; <a href=\"https:\/\/eamt.ee\/en\/toode\/cd-kostke-laulud-eesti-keeles\/\">Continued<\/a><\/p>\n","protected":false},"featured_media":45457,"template":"","meta":{"_acf_changed":false},"product_brand":[],"product_cat":[241,242],"product_tag":[],"class_list":{"0":"post-45464","1":"product","2":"type-product","3":"status-publish","4":"has-post-thumbnail","6":"product_cat-new-arrivals","7":"product_cat-publications","9":"first","10":"instock","11":"taxable","12":"shipping-taxable","13":"purchasable","14":"product-type-simple"},"acf":{"is_new":true,"dont_show_stock":true},"yoast_head":"<!-- This site is optimized with the Yoast SEO plugin v27.2 - https:\/\/yoast.com\/product\/yoast-seo-wordpress\/ -->\n<title>CD \u201eKostke, laulud, eesti keeles!?\u201c | Estonian Academy of Music and Theatre<\/title>\n<meta name=\"robots\" content=\"index, follow, max-snippet:-1, max-image-preview:large, max-video-preview:-1\" \/>\n<link rel=\"canonical\" href=\"https:\/\/eamt.ee\/en\/toode\/cd-kostke-laulud-eesti-keeles\/\" \/>\n<meta property=\"og:locale\" content=\"en_US\" \/>\n<meta property=\"og:type\" content=\"article\" \/>\n<meta property=\"og:title\" content=\"CD \u201eKostke, laulud, eesti keeles!?\u201c | Estonian Academy of Music and Theatre\" \/>\n<meta property=\"og:description\" content=\"Album is recorded in the Church of the Transfiguration of Our Lord in Tallinn, 28.-29.10.2023 and consists of sound recordings of mixed choir HUIK! led by conductor Ode P\u00fcrg and soloists Arete Kerge, Ott Indermitte, Ode P\u00fcrg and Erik J\u00f5ks. Sound recording and editing by Margo K\u00f5lar and Ilja Korjukin and album design by P\u00e4ivi &hellip; Continued\" \/>\n<meta property=\"og:url\" content=\"https:\/\/eamt.ee\/en\/toode\/cd-kostke-laulud-eesti-keeles\/\" \/>\n<meta property=\"og:site_name\" content=\"Estonian Academy of Music and Theatre\" \/>\n<meta property=\"article:modified_time\" content=\"2026-03-14T12:17:00+00:00\" \/>\n<meta property=\"og:image\" content=\"https:\/\/eamt.ee\/wp-content\/uploads\/2020\/10\/R_K_9273.jpg\" \/>\n\t<meta property=\"og:image:width\" content=\"2500\" \/>\n\t<meta property=\"og:image:height\" content=\"1667\" \/>\n\t<meta property=\"og:image:type\" content=\"image\/jpeg\" \/>\n<meta name=\"twitter:card\" content=\"summary_large_image\" \/>\n<meta name=\"twitter:label1\" content=\"Est. reading time\" \/>\n\t<meta name=\"twitter:data1\" content=\"2 minutes\" \/>\n<script type=\"application\/ld+json\" class=\"yoast-schema-graph\">{\"@context\":\"https:\/\/schema.org\",\"@graph\":[{\"@type\":\"WebPage\",\"@id\":\"https:\/\/eamt.ee\/en\/toode\/cd-kostke-laulud-eesti-keeles\/\",\"url\":\"https:\/\/eamt.ee\/en\/toode\/cd-kostke-laulud-eesti-keeles\/\",\"name\":\"CD \u201eKostke, laulud, eesti keeles!?\u201c | Estonian Academy of Music and Theatre\",\"isPartOf\":{\"@id\":\"https:\/\/eamt.ee\/en\/#website\"},\"primaryImageOfPage\":{\"@id\":\"https:\/\/eamt.ee\/en\/toode\/cd-kostke-laulud-eesti-keeles\/#primaryimage\"},\"image\":{\"@id\":\"https:\/\/eamt.ee\/en\/toode\/cd-kostke-laulud-eesti-keeles\/#primaryimage\"},\"thumbnailUrl\":\"https:\/\/eamt.ee\/wp-content\/uploads\/2024\/04\/Kostke-laulud-eesti-keekes_kaanepilt-pdf.jpg\",\"datePublished\":\"2024-04-11T05:14:38+00:00\",\"dateModified\":\"2026-03-14T12:17:00+00:00\",\"breadcrumb\":{\"@id\":\"https:\/\/eamt.ee\/en\/toode\/cd-kostke-laulud-eesti-keeles\/#breadcrumb\"},\"inLanguage\":\"en-US\",\"potentialAction\":[{\"@type\":\"ReadAction\",\"target\":[\"https:\/\/eamt.ee\/en\/toode\/cd-kostke-laulud-eesti-keeles\/\"]}]},{\"@type\":\"ImageObject\",\"inLanguage\":\"en-US\",\"@id\":\"https:\/\/eamt.ee\/en\/toode\/cd-kostke-laulud-eesti-keeles\/#primaryimage\",\"url\":\"https:\/\/eamt.ee\/wp-content\/uploads\/2024\/04\/Kostke-laulud-eesti-keekes_kaanepilt-pdf.jpg\",\"contentUrl\":\"https:\/\/eamt.ee\/wp-content\/uploads\/2024\/04\/Kostke-laulud-eesti-keekes_kaanepilt-pdf.jpg\"},{\"@type\":\"BreadcrumbList\",\"@id\":\"https:\/\/eamt.ee\/en\/toode\/cd-kostke-laulud-eesti-keeles\/#breadcrumb\",\"itemListElement\":[{\"@type\":\"ListItem\",\"position\":1,\"name\":\"Home\",\"item\":\"https:\/\/eamt.ee\/en\/\"},{\"@type\":\"ListItem\",\"position\":2,\"name\":\"Shop\",\"item\":\"https:\/\/eamt.ee\/en\/shop\/\"},{\"@type\":\"ListItem\",\"position\":3,\"name\":\"CD \u201eKostke, laulud, eesti keeles!?\u201c\"}]},{\"@type\":\"WebSite\",\"@id\":\"https:\/\/eamt.ee\/en\/#website\",\"url\":\"https:\/\/eamt.ee\/en\/\",\"name\":\"Estonian Academy of Music and Theatre\",\"description\":\"\",\"potentialAction\":[{\"@type\":\"SearchAction\",\"target\":{\"@type\":\"EntryPoint\",\"urlTemplate\":\"https:\/\/eamt.ee\/en\/?s={search_term_string}\"},\"query-input\":{\"@type\":\"PropertyValueSpecification\",\"valueRequired\":true,\"valueName\":\"search_term_string\"}}],\"inLanguage\":\"en-US\"}]}<\/script>\n<!-- \/ Yoast SEO plugin. -->","yoast_head_json":{"title":"CD \u201eKostke, laulud, eesti keeles!?\u201c | Estonian Academy of Music and Theatre","robots":{"index":"index","follow":"follow","max-snippet":"max-snippet:-1","max-image-preview":"max-image-preview:large","max-video-preview":"max-video-preview:-1"},"canonical":"https:\/\/eamt.ee\/en\/toode\/cd-kostke-laulud-eesti-keeles\/","og_locale":"en_US","og_type":"article","og_title":"CD \u201eKostke, laulud, eesti keeles!?\u201c | Estonian Academy of Music and Theatre","og_description":"Album is recorded in the Church of the Transfiguration of Our Lord in Tallinn, 28.-29.10.2023 and consists of sound recordings of mixed choir HUIK! led by conductor Ode P\u00fcrg and soloists Arete Kerge, Ott Indermitte, Ode P\u00fcrg and Erik J\u00f5ks. Sound recording and editing by Margo K\u00f5lar and Ilja Korjukin and album design by P\u00e4ivi &hellip; Continued","og_url":"https:\/\/eamt.ee\/en\/toode\/cd-kostke-laulud-eesti-keeles\/","og_site_name":"Estonian Academy of Music and Theatre","article_modified_time":"2026-03-14T12:17:00+00:00","og_image":[{"width":2500,"height":1667,"url":"https:\/\/eamt.ee\/wp-content\/uploads\/2020\/10\/R_K_9273.jpg","type":"image\/jpeg"}],"twitter_card":"summary_large_image","twitter_misc":{"Est. reading time":"2 minutes"},"schema":{"@context":"https:\/\/schema.org","@graph":[{"@type":"WebPage","@id":"https:\/\/eamt.ee\/en\/toode\/cd-kostke-laulud-eesti-keeles\/","url":"https:\/\/eamt.ee\/en\/toode\/cd-kostke-laulud-eesti-keeles\/","name":"CD \u201eKostke, laulud, eesti keeles!?\u201c | Estonian Academy of Music and Theatre","isPartOf":{"@id":"https:\/\/eamt.ee\/en\/#website"},"primaryImageOfPage":{"@id":"https:\/\/eamt.ee\/en\/toode\/cd-kostke-laulud-eesti-keeles\/#primaryimage"},"image":{"@id":"https:\/\/eamt.ee\/en\/toode\/cd-kostke-laulud-eesti-keeles\/#primaryimage"},"thumbnailUrl":"https:\/\/eamt.ee\/wp-content\/uploads\/2024\/04\/Kostke-laulud-eesti-keekes_kaanepilt-pdf.jpg","datePublished":"2024-04-11T05:14:38+00:00","dateModified":"2026-03-14T12:17:00+00:00","breadcrumb":{"@id":"https:\/\/eamt.ee\/en\/toode\/cd-kostke-laulud-eesti-keeles\/#breadcrumb"},"inLanguage":"en-US","potentialAction":[{"@type":"ReadAction","target":["https:\/\/eamt.ee\/en\/toode\/cd-kostke-laulud-eesti-keeles\/"]}]},{"@type":"ImageObject","inLanguage":"en-US","@id":"https:\/\/eamt.ee\/en\/toode\/cd-kostke-laulud-eesti-keeles\/#primaryimage","url":"https:\/\/eamt.ee\/wp-content\/uploads\/2024\/04\/Kostke-laulud-eesti-keekes_kaanepilt-pdf.jpg","contentUrl":"https:\/\/eamt.ee\/wp-content\/uploads\/2024\/04\/Kostke-laulud-eesti-keekes_kaanepilt-pdf.jpg"},{"@type":"BreadcrumbList","@id":"https:\/\/eamt.ee\/en\/toode\/cd-kostke-laulud-eesti-keeles\/#breadcrumb","itemListElement":[{"@type":"ListItem","position":1,"name":"Home","item":"https:\/\/eamt.ee\/en\/"},{"@type":"ListItem","position":2,"name":"Shop","item":"https:\/\/eamt.ee\/en\/shop\/"},{"@type":"ListItem","position":3,"name":"CD \u201eKostke, laulud, eesti keeles!?\u201c"}]},{"@type":"WebSite","@id":"https:\/\/eamt.ee\/en\/#website","url":"https:\/\/eamt.ee\/en\/","name":"Estonian Academy of Music and Theatre","description":"","potentialAction":[{"@type":"SearchAction","target":{"@type":"EntryPoint","urlTemplate":"https:\/\/eamt.ee\/en\/?s={search_term_string}"},"query-input":{"@type":"PropertyValueSpecification","valueRequired":true,"valueName":"search_term_string"}}],"inLanguage":"en-US"}]}},"_links":{"self":[{"href":"https:\/\/eamt.ee\/en\/wp-json\/wp\/v2\/product\/45464","targetHints":{"allow":["GET"]}}],"collection":[{"href":"https:\/\/eamt.ee\/en\/wp-json\/wp\/v2\/product"}],"about":[{"href":"https:\/\/eamt.ee\/en\/wp-json\/wp\/v2\/types\/product"}],"wp:featuredmedia":[{"embeddable":true,"href":"https:\/\/eamt.ee\/en\/wp-json\/wp\/v2\/media\/45457"}],"wp:attachment":[{"href":"https:\/\/eamt.ee\/en\/wp-json\/wp\/v2\/media?parent=45464"}],"wp:term":[{"taxonomy":"product_brand","embeddable":true,"href":"https:\/\/eamt.ee\/en\/wp-json\/wp\/v2\/product_brand?post=45464"},{"taxonomy":"product_cat","embeddable":true,"href":"https:\/\/eamt.ee\/en\/wp-json\/wp\/v2\/product_cat?post=45464"},{"taxonomy":"product_tag","embeddable":true,"href":"https:\/\/eamt.ee\/en\/wp-json\/wp\/v2\/product_tag?post=45464"}],"curies":[{"name":"wp","href":"https:\/\/api.w.org\/{rel}","templated":true}]}}