{"id":45501,"date":"2024-04-12T15:49:26","date_gmt":"2024-04-12T12:49:26","guid":{"rendered":"https:\/\/eamt.ee\/toode\/juhan-uppin-teppo-tuupi-lootspilli-traditsioonilise-mangustiili-kujunemine-20-sajandil-ja-traditsiooniteadliku-esituspraktika-loomine\/"},"modified":"2026-03-14T14:42:14","modified_gmt":"2026-03-14T12:42:14","slug":"juhan-uppin-teppo-tuupi-lootspilli-traditsioonilise-mangustiili-kujunemine-20-sajandil-ja-traditsiooniteadliku-esituspraktika-loomine","status":"publish","type":"product","link":"https:\/\/eamt.ee\/en\/toode\/juhan-uppin-teppo-tuupi-lootspilli-traditsioonilise-mangustiili-kujunemine-20-sajandil-ja-traditsiooniteadliku-esituspraktika-loomine\/","title":{"rendered":"Juhan Uppin. Teppo t\u00fc\u00fcpi l\u00f5\u00f5tspilli traditsioonilise m\u00e4ngustiili kujunemine 20. sajandil ja traditsiooniteadliku esituspraktika loomine"},"content":{"rendered":"<p>Summary in English (The formation of the traditional playing style of the Teppo-type diatonic<br \/>\naccordion in the 20th century and creating a traditionally informed performance practice)<br \/>\nEesti Muusika- ja Teatriakadeemia Loovuurimused 6 \/ Estonian Academy of Music and<br \/>\nTheatre. Studies on Artistic Research 6<br \/>\nEstonian Academy of Music and Theatre Press, 2024, ISBN 978-9916-9816-4-1<\/p>\n","protected":false},"excerpt":{"rendered":"<p>Summary in English (The formation of the traditional playing style of the Teppo-type diatonic accordion in the 20th century and creating a traditionally informed performance practice) Eesti Muusika- ja Teatriakadeemia Loovuurimused 6 \/ Estonian Academy of Music and Theatre. Studies on Artistic Research 6 Estonian Academy of Music and Theatre Press, 2024, ISBN 978-9916-9816-4-1<\/p>\n","protected":false},"featured_media":45462,"template":"","meta":{"_acf_changed":false},"product_brand":[],"product_cat":[241,242,297],"product_tag":[],"class_list":{"0":"post-45501","1":"product","2":"type-product","3":"status-publish","4":"has-post-thumbnail","6":"product_cat-new-arrivals","7":"product_cat-publications","8":"product_cat-publications-by-estonian-academy-of-music-and-theatre","10":"first","11":"instock","12":"taxable","13":"shipping-taxable","14":"purchasable","15":"product-type-simple"},"acf":{"is_new":true,"dont_show_stock":true},"yoast_head":"<!-- This site is optimized with the Yoast SEO plugin v27.2 - https:\/\/yoast.com\/product\/yoast-seo-wordpress\/ -->\n<title>Juhan Uppin. Teppo t\u00fc\u00fcpi l\u00f5\u00f5tspilli traditsioonilise m\u00e4ngustiili kujunemine 20. sajandil ja traditsiooniteadliku esituspraktika loomine | Estonian Academy of Music and Theatre<\/title>\n<meta name=\"robots\" content=\"index, follow, max-snippet:-1, max-image-preview:large, max-video-preview:-1\" \/>\n<link rel=\"canonical\" href=\"https:\/\/eamt.ee\/en\/toode\/juhan-uppin-teppo-tuupi-lootspilli-traditsioonilise-mangustiili-kujunemine-20-sajandil-ja-traditsiooniteadliku-esituspraktika-loomine\/\" \/>\n<meta property=\"og:locale\" content=\"en_US\" \/>\n<meta property=\"og:type\" content=\"article\" \/>\n<meta property=\"og:title\" content=\"Juhan Uppin. Teppo t\u00fc\u00fcpi l\u00f5\u00f5tspilli traditsioonilise m\u00e4ngustiili kujunemine 20. sajandil ja traditsiooniteadliku esituspraktika loomine | Estonian Academy of Music and Theatre\" \/>\n<meta property=\"og:description\" content=\"Summary in English (The formation of the traditional playing style of the Teppo-type diatonic accordion in the 20th century and creating a traditionally informed performance practice) Eesti Muusika- ja Teatriakadeemia Loovuurimused 6 \/ Estonian Academy of Music and Theatre. Studies on Artistic Research 6 Estonian Academy of Music and Theatre Press, 2024, ISBN 978-9916-9816-4-1\" \/>\n<meta property=\"og:url\" content=\"https:\/\/eamt.ee\/en\/toode\/juhan-uppin-teppo-tuupi-lootspilli-traditsioonilise-mangustiili-kujunemine-20-sajandil-ja-traditsiooniteadliku-esituspraktika-loomine\/\" \/>\n<meta property=\"og:site_name\" content=\"Estonian Academy of Music and Theatre\" \/>\n<meta property=\"article:modified_time\" content=\"2026-03-14T12:42:14+00:00\" \/>\n<meta property=\"og:image\" content=\"https:\/\/eamt.ee\/wp-content\/uploads\/2020\/10\/R_K_9273.jpg\" \/>\n\t<meta property=\"og:image:width\" content=\"2500\" \/>\n\t<meta property=\"og:image:height\" content=\"1667\" \/>\n\t<meta property=\"og:image:type\" content=\"image\/jpeg\" \/>\n<meta name=\"twitter:card\" content=\"summary_large_image\" \/>\n<meta name=\"twitter:label1\" content=\"Est. reading time\" \/>\n\t<meta name=\"twitter:data1\" content=\"1 minute\" \/>\n<script type=\"application\/ld+json\" class=\"yoast-schema-graph\">{\"@context\":\"https:\/\/schema.org\",\"@graph\":[{\"@type\":\"WebPage\",\"@id\":\"https:\/\/eamt.ee\/en\/toode\/juhan-uppin-teppo-tuupi-lootspilli-traditsioonilise-mangustiili-kujunemine-20-sajandil-ja-traditsiooniteadliku-esituspraktika-loomine\/\",\"url\":\"https:\/\/eamt.ee\/en\/toode\/juhan-uppin-teppo-tuupi-lootspilli-traditsioonilise-mangustiili-kujunemine-20-sajandil-ja-traditsiooniteadliku-esituspraktika-loomine\/\",\"name\":\"Juhan Uppin. Teppo t\u00fc\u00fcpi l\u00f5\u00f5tspilli traditsioonilise m\u00e4ngustiili kujunemine 20. sajandil ja traditsiooniteadliku esituspraktika loomine | Estonian Academy of Music and Theatre\",\"isPartOf\":{\"@id\":\"https:\/\/eamt.ee\/en\/#website\"},\"primaryImageOfPage\":{\"@id\":\"https:\/\/eamt.ee\/en\/toode\/juhan-uppin-teppo-tuupi-lootspilli-traditsioonilise-mangustiili-kujunemine-20-sajandil-ja-traditsiooniteadliku-esituspraktika-loomine\/#primaryimage\"},\"image\":{\"@id\":\"https:\/\/eamt.ee\/en\/toode\/juhan-uppin-teppo-tuupi-lootspilli-traditsioonilise-mangustiili-kujunemine-20-sajandil-ja-traditsiooniteadliku-esituspraktika-loomine\/#primaryimage\"},\"thumbnailUrl\":\"https:\/\/eamt.ee\/wp-content\/uploads\/2024\/04\/Uppin_kaas-pdf.jpg\",\"datePublished\":\"2024-04-12T12:49:26+00:00\",\"dateModified\":\"2026-03-14T12:42:14+00:00\",\"breadcrumb\":{\"@id\":\"https:\/\/eamt.ee\/en\/toode\/juhan-uppin-teppo-tuupi-lootspilli-traditsioonilise-mangustiili-kujunemine-20-sajandil-ja-traditsiooniteadliku-esituspraktika-loomine\/#breadcrumb\"},\"inLanguage\":\"en-US\",\"potentialAction\":[{\"@type\":\"ReadAction\",\"target\":[\"https:\/\/eamt.ee\/en\/toode\/juhan-uppin-teppo-tuupi-lootspilli-traditsioonilise-mangustiili-kujunemine-20-sajandil-ja-traditsiooniteadliku-esituspraktika-loomine\/\"]}]},{\"@type\":\"ImageObject\",\"inLanguage\":\"en-US\",\"@id\":\"https:\/\/eamt.ee\/en\/toode\/juhan-uppin-teppo-tuupi-lootspilli-traditsioonilise-mangustiili-kujunemine-20-sajandil-ja-traditsiooniteadliku-esituspraktika-loomine\/#primaryimage\",\"url\":\"https:\/\/eamt.ee\/wp-content\/uploads\/2024\/04\/Uppin_kaas-pdf.jpg\",\"contentUrl\":\"https:\/\/eamt.ee\/wp-content\/uploads\/2024\/04\/Uppin_kaas-pdf.jpg\"},{\"@type\":\"BreadcrumbList\",\"@id\":\"https:\/\/eamt.ee\/en\/toode\/juhan-uppin-teppo-tuupi-lootspilli-traditsioonilise-mangustiili-kujunemine-20-sajandil-ja-traditsiooniteadliku-esituspraktika-loomine\/#breadcrumb\",\"itemListElement\":[{\"@type\":\"ListItem\",\"position\":1,\"name\":\"Home\",\"item\":\"https:\/\/eamt.ee\/en\/\"},{\"@type\":\"ListItem\",\"position\":2,\"name\":\"Shop\",\"item\":\"https:\/\/eamt.ee\/en\/shop\/\"},{\"@type\":\"ListItem\",\"position\":3,\"name\":\"Juhan Uppin. Teppo t\u00fc\u00fcpi l\u00f5\u00f5tspilli traditsioonilise m\u00e4ngustiili kujunemine 20. sajandil ja traditsiooniteadliku esituspraktika loomine\"}]},{\"@type\":\"WebSite\",\"@id\":\"https:\/\/eamt.ee\/en\/#website\",\"url\":\"https:\/\/eamt.ee\/en\/\",\"name\":\"Estonian Academy of Music and Theatre\",\"description\":\"\",\"potentialAction\":[{\"@type\":\"SearchAction\",\"target\":{\"@type\":\"EntryPoint\",\"urlTemplate\":\"https:\/\/eamt.ee\/en\/?s={search_term_string}\"},\"query-input\":{\"@type\":\"PropertyValueSpecification\",\"valueRequired\":true,\"valueName\":\"search_term_string\"}}],\"inLanguage\":\"en-US\"}]}<\/script>\n<!-- \/ Yoast SEO plugin. -->","yoast_head_json":{"title":"Juhan Uppin. Teppo t\u00fc\u00fcpi l\u00f5\u00f5tspilli traditsioonilise m\u00e4ngustiili kujunemine 20. sajandil ja traditsiooniteadliku esituspraktika loomine | Estonian Academy of Music and Theatre","robots":{"index":"index","follow":"follow","max-snippet":"max-snippet:-1","max-image-preview":"max-image-preview:large","max-video-preview":"max-video-preview:-1"},"canonical":"https:\/\/eamt.ee\/en\/toode\/juhan-uppin-teppo-tuupi-lootspilli-traditsioonilise-mangustiili-kujunemine-20-sajandil-ja-traditsiooniteadliku-esituspraktika-loomine\/","og_locale":"en_US","og_type":"article","og_title":"Juhan Uppin. Teppo t\u00fc\u00fcpi l\u00f5\u00f5tspilli traditsioonilise m\u00e4ngustiili kujunemine 20. sajandil ja traditsiooniteadliku esituspraktika loomine | Estonian Academy of Music and Theatre","og_description":"Summary in English (The formation of the traditional playing style of the Teppo-type diatonic accordion in the 20th century and creating a traditionally informed performance practice) Eesti Muusika- ja Teatriakadeemia Loovuurimused 6 \/ Estonian Academy of Music and Theatre. Studies on Artistic Research 6 Estonian Academy of Music and Theatre Press, 2024, ISBN 978-9916-9816-4-1","og_url":"https:\/\/eamt.ee\/en\/toode\/juhan-uppin-teppo-tuupi-lootspilli-traditsioonilise-mangustiili-kujunemine-20-sajandil-ja-traditsiooniteadliku-esituspraktika-loomine\/","og_site_name":"Estonian Academy of Music and Theatre","article_modified_time":"2026-03-14T12:42:14+00:00","og_image":[{"width":2500,"height":1667,"url":"https:\/\/eamt.ee\/wp-content\/uploads\/2020\/10\/R_K_9273.jpg","type":"image\/jpeg"}],"twitter_card":"summary_large_image","twitter_misc":{"Est. reading time":"1 minute"},"schema":{"@context":"https:\/\/schema.org","@graph":[{"@type":"WebPage","@id":"https:\/\/eamt.ee\/en\/toode\/juhan-uppin-teppo-tuupi-lootspilli-traditsioonilise-mangustiili-kujunemine-20-sajandil-ja-traditsiooniteadliku-esituspraktika-loomine\/","url":"https:\/\/eamt.ee\/en\/toode\/juhan-uppin-teppo-tuupi-lootspilli-traditsioonilise-mangustiili-kujunemine-20-sajandil-ja-traditsiooniteadliku-esituspraktika-loomine\/","name":"Juhan Uppin. Teppo t\u00fc\u00fcpi l\u00f5\u00f5tspilli traditsioonilise m\u00e4ngustiili kujunemine 20. sajandil ja traditsiooniteadliku esituspraktika loomine | Estonian Academy of Music and Theatre","isPartOf":{"@id":"https:\/\/eamt.ee\/en\/#website"},"primaryImageOfPage":{"@id":"https:\/\/eamt.ee\/en\/toode\/juhan-uppin-teppo-tuupi-lootspilli-traditsioonilise-mangustiili-kujunemine-20-sajandil-ja-traditsiooniteadliku-esituspraktika-loomine\/#primaryimage"},"image":{"@id":"https:\/\/eamt.ee\/en\/toode\/juhan-uppin-teppo-tuupi-lootspilli-traditsioonilise-mangustiili-kujunemine-20-sajandil-ja-traditsiooniteadliku-esituspraktika-loomine\/#primaryimage"},"thumbnailUrl":"https:\/\/eamt.ee\/wp-content\/uploads\/2024\/04\/Uppin_kaas-pdf.jpg","datePublished":"2024-04-12T12:49:26+00:00","dateModified":"2026-03-14T12:42:14+00:00","breadcrumb":{"@id":"https:\/\/eamt.ee\/en\/toode\/juhan-uppin-teppo-tuupi-lootspilli-traditsioonilise-mangustiili-kujunemine-20-sajandil-ja-traditsiooniteadliku-esituspraktika-loomine\/#breadcrumb"},"inLanguage":"en-US","potentialAction":[{"@type":"ReadAction","target":["https:\/\/eamt.ee\/en\/toode\/juhan-uppin-teppo-tuupi-lootspilli-traditsioonilise-mangustiili-kujunemine-20-sajandil-ja-traditsiooniteadliku-esituspraktika-loomine\/"]}]},{"@type":"ImageObject","inLanguage":"en-US","@id":"https:\/\/eamt.ee\/en\/toode\/juhan-uppin-teppo-tuupi-lootspilli-traditsioonilise-mangustiili-kujunemine-20-sajandil-ja-traditsiooniteadliku-esituspraktika-loomine\/#primaryimage","url":"https:\/\/eamt.ee\/wp-content\/uploads\/2024\/04\/Uppin_kaas-pdf.jpg","contentUrl":"https:\/\/eamt.ee\/wp-content\/uploads\/2024\/04\/Uppin_kaas-pdf.jpg"},{"@type":"BreadcrumbList","@id":"https:\/\/eamt.ee\/en\/toode\/juhan-uppin-teppo-tuupi-lootspilli-traditsioonilise-mangustiili-kujunemine-20-sajandil-ja-traditsiooniteadliku-esituspraktika-loomine\/#breadcrumb","itemListElement":[{"@type":"ListItem","position":1,"name":"Home","item":"https:\/\/eamt.ee\/en\/"},{"@type":"ListItem","position":2,"name":"Shop","item":"https:\/\/eamt.ee\/en\/shop\/"},{"@type":"ListItem","position":3,"name":"Juhan Uppin. Teppo t\u00fc\u00fcpi l\u00f5\u00f5tspilli traditsioonilise m\u00e4ngustiili kujunemine 20. sajandil ja traditsiooniteadliku esituspraktika loomine"}]},{"@type":"WebSite","@id":"https:\/\/eamt.ee\/en\/#website","url":"https:\/\/eamt.ee\/en\/","name":"Estonian Academy of Music and Theatre","description":"","potentialAction":[{"@type":"SearchAction","target":{"@type":"EntryPoint","urlTemplate":"https:\/\/eamt.ee\/en\/?s={search_term_string}"},"query-input":{"@type":"PropertyValueSpecification","valueRequired":true,"valueName":"search_term_string"}}],"inLanguage":"en-US"}]}},"_links":{"self":[{"href":"https:\/\/eamt.ee\/en\/wp-json\/wp\/v2\/product\/45501","targetHints":{"allow":["GET"]}}],"collection":[{"href":"https:\/\/eamt.ee\/en\/wp-json\/wp\/v2\/product"}],"about":[{"href":"https:\/\/eamt.ee\/en\/wp-json\/wp\/v2\/types\/product"}],"wp:featuredmedia":[{"embeddable":true,"href":"https:\/\/eamt.ee\/en\/wp-json\/wp\/v2\/media\/45462"}],"wp:attachment":[{"href":"https:\/\/eamt.ee\/en\/wp-json\/wp\/v2\/media?parent=45501"}],"wp:term":[{"taxonomy":"product_brand","embeddable":true,"href":"https:\/\/eamt.ee\/en\/wp-json\/wp\/v2\/product_brand?post=45501"},{"taxonomy":"product_cat","embeddable":true,"href":"https:\/\/eamt.ee\/en\/wp-json\/wp\/v2\/product_cat?post=45501"},{"taxonomy":"product_tag","embeddable":true,"href":"https:\/\/eamt.ee\/en\/wp-json\/wp\/v2\/product_tag?post=45501"}],"curies":[{"name":"wp","href":"https:\/\/api.w.org\/{rel}","templated":true}]}}